{"id":1570,"date":"2017-02-16T15:42:17","date_gmt":"2017-02-16T15:42:17","guid":{"rendered":"https:\/\/villadianthe.com\/welkom-in-villa-dianthe\/"},"modified":"2026-04-05T09:28:25","modified_gmt":"2026-04-05T06:28:25","slug":"welkom-in-villa-dianthe","status":"publish","type":"page","link":"https:\/\/villadianthe.com\/nl\/","title":{"rendered":"Welkom in Villa Dianthe"},"content":{"rendered":"<p>[et_pb_section fb_built=&#8221;1&#8243; admin_label=&#8221;section&#8221; _builder_version=&#8221;4.16&#8243; background_color=&#8221;rgba(255,255,255,0.5)&#8221; custom_margin=&#8221;|30px||30px|false|true&#8221; custom_margin_tablet=&#8221;|30px||30px|false|true&#8221; custom_margin_phone=&#8221;|0px||0px|false|true&#8221; custom_margin_last_edited=&#8221;on|phone&#8221; border_radii=&#8221;on|20px|20px|20px|20px&#8221; transparent_background=&#8221;on&#8221; make_fullwidth=&#8221;off&#8221; use_custom_width=&#8221;off&#8221; width_unit=&#8221;on&#8221; global_colors_info=&#8221;{}&#8221;][et_pb_row _builder_version=&#8221;4.16&#8243; background_size=&#8221;initial&#8221; background_position=&#8221;top_left&#8221; background_repeat=&#8221;repeat&#8221; make_fullwidth=&#8221;off&#8221; use_custom_width=&#8221;off&#8221; width_unit=&#8221;on&#8221; global_colors_info=&#8221;{}&#8221;][et_pb_column type=&#8221;4_4&#8243; _builder_version=&#8221;4.16&#8243; custom_padding=&#8221;|||&#8221; global_colors_info=&#8221;{}&#8221; custom_padding__hover=&#8221;|||&#8221;][et_pb_post_title meta=&#8221;off&#8221; featured_image=&#8221;off&#8221; _builder_version=&#8221;4.16&#8243; title_font_size=&#8221;72px&#8221; parallax=&#8221;on&#8221; parallax_effect=&#8221;on&#8221; use_border_color=&#8221;off&#8221; border_color=&#8221;#ffffff&#8221; border_style=&#8221;solid&#8221; global_colors_info=&#8221;{}&#8221;][\/et_pb_post_title][\/et_pb_column][\/et_pb_row][et_pb_row _builder_version=&#8221;4.16&#8243; background_size=&#8221;initial&#8221; background_position=&#8221;top_left&#8221; background_repeat=&#8221;repeat&#8221; custom_margin=&#8221;||0px|&#8221; custom_padding=&#8221;||0px|&#8221; make_fullwidth=&#8221;off&#8221; use_custom_width=&#8221;off&#8221; width_unit=&#8221;on&#8221; global_colors_info=&#8221;{}&#8221;][et_pb_column type=&#8221;4_4&#8243; _builder_version=&#8221;4.16&#8243; custom_padding=&#8221;|||&#8221; global_colors_info=&#8221;{}&#8221; custom_padding__hover=&#8221;|||&#8221;][et_pb_text admin_label=&#8221;subtitle&#8221; _builder_version=&#8221;4.16&#8243; background_size=&#8221;initial&#8221; background_position=&#8221;top_left&#8221; background_repeat=&#8221;repeat&#8221; use_border_color=&#8221;off&#8221; border_color=&#8221;#ffffff&#8221; border_style=&#8221;solid&#8221; global_colors_info=&#8221;{}&#8221;]<span style=\"font-size: 14pt;\">Luxe appartementen van uitzonderlijke kwaliteit in Mirtos, die het hele jaar door geopend zijn<\/span><br \/>\n[\/et_pb_text][et_pb_text _builder_version=&#8221;4.16&#8243; z_index_tablet=&#8221;500&#8243; text_text_shadow_horizontal_length_tablet=&#8221;0px&#8221; text_text_shadow_vertical_length_tablet=&#8221;0px&#8221; text_text_shadow_blur_strength_tablet=&#8221;1px&#8221; link_text_shadow_horizontal_length_tablet=&#8221;0px&#8221; link_text_shadow_vertical_length_tablet=&#8221;0px&#8221; link_text_shadow_blur_strength_tablet=&#8221;1px&#8221; ul_text_shadow_horizontal_length_tablet=&#8221;0px&#8221; ul_text_shadow_vertical_length_tablet=&#8221;0px&#8221; ul_text_shadow_blur_strength_tablet=&#8221;1px&#8221; ol_text_shadow_horizontal_length_tablet=&#8221;0px&#8221; ol_text_shadow_vertical_length_tablet=&#8221;0px&#8221; ol_text_shadow_blur_strength_tablet=&#8221;1px&#8221; quote_text_shadow_horizontal_length_tablet=&#8221;0px&#8221; quote_text_shadow_vertical_length_tablet=&#8221;0px&#8221; quote_text_shadow_blur_strength_tablet=&#8221;1px&#8221; header_text_shadow_horizontal_length_tablet=&#8221;0px&#8221; header_text_shadow_vertical_length_tablet=&#8221;0px&#8221; header_text_shadow_blur_strength_tablet=&#8221;1px&#8221; header_2_text_shadow_horizontal_length_tablet=&#8221;0px&#8221; header_2_text_shadow_vertical_length_tablet=&#8221;0px&#8221; header_2_text_shadow_blur_strength_tablet=&#8221;1px&#8221; header_3_text_shadow_horizontal_length_tablet=&#8221;0px&#8221; header_3_text_shadow_vertical_length_tablet=&#8221;0px&#8221; header_3_text_shadow_blur_strength_tablet=&#8221;1px&#8221; header_4_text_shadow_horizontal_length_tablet=&#8221;0px&#8221; header_4_text_shadow_vertical_length_tablet=&#8221;0px&#8221; header_4_text_shadow_blur_strength_tablet=&#8221;1px&#8221; header_5_text_shadow_horizontal_length_tablet=&#8221;0px&#8221; header_5_text_shadow_vertical_length_tablet=&#8221;0px&#8221; header_5_text_shadow_blur_strength_tablet=&#8221;1px&#8221; header_6_text_shadow_horizontal_length_tablet=&#8221;0px&#8221; header_6_text_shadow_vertical_length_tablet=&#8221;0px&#8221; header_6_text_shadow_blur_strength_tablet=&#8221;1px&#8221; box_shadow_horizontal_tablet=&#8221;0px&#8221; box_shadow_vertical_tablet=&#8221;0px&#8221; box_shadow_blur_tablet=&#8221;40px&#8221; box_shadow_spread_tablet=&#8221;0px&#8221; global_colors_info=&#8221;{}&#8221;]<\/p>\n<p><div class=\"container-lazyload container-vimeo js-lazyload--not-loaded\"><a href=\"https:\/\/vimeo.com\/504358491\" id=\"504358491\" class=\"lazy-load-vimeo preview-lazyload preview-vimeo\" data-video-uri=\"\/videos\/504358491\" data-video-thumbnail=\"https:\/\/i.vimeocdn.com\/video\/1043721977-a5e2eb3c60b0d4e816c6ca6c4f152acaf6954df77f85637f672ef44fdaa4f21a-d_960?region=us\" data-video-title=\"Welkom in Villa Dianthe\" title=\"Video afspelen &quot;Welkom in Villa Dianthe&quot;\">https:\/\/vimeo.com\/504358491<\/a><noscript>Video can&#8217;t be loaded because JavaScript is disabled: <a href=\"https:\/\/vimeo.com\/504358491\" title=\"Welkom in Villa Dianthe\">Welkom in Villa Dianthe (https:\/\/vimeo.com\/504358491)<\/a><\/noscript><\/div>\n<\/p>\n<p>[\/et_pb_text][\/et_pb_column][\/et_pb_row][et_pb_row column_structure=&#8221;3_4,1_4&#8243; use_custom_gutter=&#8221;on&#8221; gutter_width=&#8221;1&#8243; make_equal=&#8221;on&#8221; admin_label=&#8221;row&#8221; _builder_version=&#8221;4.27.4&#8243; background_color=&#8221;rgba(255,255,255,0.5)&#8221; background_size=&#8221;initial&#8221; background_position=&#8221;top_left&#8221; background_repeat=&#8221;repeat&#8221; custom_margin=&#8221;0px||0px|&#8221; custom_padding=&#8221;0px||0px|&#8221; make_fullwidth=&#8221;off&#8221; use_custom_width=&#8221;off&#8221; width_unit=&#8221;on&#8221; locked=&#8221;off&#8221; global_colors_info=&#8221;{}&#8221;][et_pb_column type=&#8221;3_4&#8243; module_class=&#8221;boxsetshad&#8221; _builder_version=&#8221;4.16&#8243; background_color=&#8221;rgba(255,255,255,0.45)&#8221; custom_padding=&#8221;3%|3%|3%|3%&#8221; global_colors_info=&#8221;{}&#8221; custom_padding__hover=&#8221;|||&#8221;][et_pb_text _builder_version=&#8221;4.27.4&#8243; background_size=&#8221;initial&#8221; background_position=&#8221;top_left&#8221; background_repeat=&#8221;repeat&#8221; use_border_color=&#8221;off&#8221; global_colors_info=&#8221;{}&#8221;]<\/p>\n<h2>Appartementen<\/h2>\n<p>Op een prachtige locatie aan de rand van het leuke, rustige dorp Mirtos in het zuidoosten van Kreta vindt u het in 2009 gebouwde Villa Dianthe met daarin vijf schitterende, zeer ruime appartementen; vier driekamerappartementen en 1 vierkamer appartement. Vanuit alle appartementen kunt u genieten van een prachtig uitzicht over de groene omgeving, de zee en het dorp. De ruime appartementen hebben ieder een eigen opgang en zijn van alle gemakken voorzien.<\/p>\n<h2>Luxe<\/h2>\n<p>Ieder appartement bestaat uit een grote woonkamer, twee (driekamerappartementen) of drie (vierkamerappartement) slaapkamers, een ruim balkon aan de zeezijde &#8211; of een terras met tuinzicht &#8211; en een keurige badkamer met douche, toilet en vaste wastafel. Het vierkamerappartement beschikt, naast een extra slaapkamer, over twee badkamers. Alle slaapkamers en de woonkamer zijn voorzien van airconditioning. Verder kunt u in alle appartementen gebruik maken van een kluisje en draadloos internet. De driekamerappartementen zijn voorzien van \u00e9\u00e9n slaapkamer met een tweepersoonsbed, en \u00e9\u00e9n slaapkamer met twee eenpersoonsbedden. Het vierkamerappartement beschikt over een extra slaapkamer met twee eenpersoonsbedden. Alle bedden zijn voorzien van goede, comfortabele pocketveringsmatrassen. In de grote woonkamer met slaapbank, eethoek, satelliettelevisie e.d. vindt u ook de uitstekend uitgeruste ruime keuken met o.a. keramische kookplaat, combimagnetron, vaatwasser, afzuigkap en alle denkbare keukenapparatuur. Ook een koffiezetapparaat en een Nespresso of Senseo machine, waterkoker e.d. ontbreken niet.<\/p>\n<div class=\"jurblokje\">Om het gebruik van plastic waterflessen te voorkomen, hebben we een waterfilterinstallatie ge\u00efnstalleerd. Zo kunt u gratis drinkwater tappen.<\/div>\n<h2>Uitzonderlijke kwaliteit<\/h2>\n<p>De driekamerappartementen zijn geschikt voor een bewoning door maximaal 5 \u00e0 6 personen, het vierkamerappartement voor 7 \u00e0 8 personen. Alle appartementen zijn van een uitzonderlijke kwaliteit. Villa Dianthe ligt op ongeveer 450 meter van de winkeltjes, taverna&#8217;s, boulevard en het strand. De weg naar het dorp en strand kent bijna geen hoogteverschillen en is daardoor voor iedereen heel goed te bewandelen.<\/p>\n<h2>Overwinteren in Mirtos<\/h2>\n<p><strong>De appartementen zijn het hele jaar geopend.<\/strong> Door het zachte klimaat in zuid-oost Kreta en de grootte en kwaliteit van de appartementen <strong>zijn de appartementen van Villa Dianthe ook uitstekend geschikt voor overwinteren.<\/strong> Ook het dorp Mirtos is in de winter normaal bewoond en de bakker, de slager, de beide supermarkten en een paar restaurantjes zijn gewoon open! Voor onze overwinteraars hebben we ook de<a href=\"https:\/\/villadianthe.com\/nl\/prijzen\/\"> prijzen per maand<\/a> vermeld, voor nog langere periodes: prijzen op aanvraag.<br \/>\nBij een verblijf in de winter geldt een speciale maandprijs of een prijs die we specifiek overeenkomen. Tevens gelden afwijkende voorwaarden. Deze zijn in te zien in de <a href=\"https:\/\/documents.staticdata.nl\/boekingsvoorwaarden-villa-dianthe-05-03-2024.pdf\" target=\"_blank\" rel=\"noopener\" title=\"PDF in een nieuwe tab\">boekingsvoorwaarden<\/a> onder &#8220;Overwinteren&#8221;.[\/et_pb_text][et_pb_divider show_divider=&#8221;off&#8221; disabled_on=&#8221;on|on|off&#8221; _builder_version=&#8221;4.24.2&#8243; height=&#8221;30px&#8221; hide_on_mobile=&#8221;on&#8221; global_colors_info=&#8221;{}&#8221;][\/et_pb_divider][\/et_pb_column][et_pb_column type=&#8221;1_4&#8243; module_id=&#8221;stickscroll&#8221; module_class=&#8221;boxsetshad&#8221; _builder_version=&#8221;4.16&#8243; background_color=&#8221;rgba(255,255,255,0.45)&#8221; custom_padding=&#8221;|||&#8221; global_colors_info=&#8221;{}&#8221; custom_padding__hover=&#8221;|||&#8221;][et_pb_gallery gallery_ids=&#8221;219083,219087,219075,219059,219107,219063,219071,219095,219099,219079,219103,219111,219115,219091,219067&#8243; show_title_and_caption=&#8221;off&#8221; zoom_icon_color=&#8221;#a32e24&#8243; hover_overlay_color=&#8221;rgba(246,227,206,0.8)&#8221; hover_icon=&#8221;&#x31;||divi||400&#8243; _builder_version=&#8221;4.24.3&#8243; caption_font=&#8221;|on|||&#8221; pagination_text_align=&#8221;right&#8221; pagination_text_color=&#8221;rgba(0,0,0,0)&#8221; pagination_font_size=&#8221;20&#8243; pagination_font_size_tablet=&#8221;51&#8243; pagination_line_height_tablet=&#8221;2&#8243; locked=&#8221;off&#8221; global_colors_info=&#8221;{}&#8221;][\/et_pb_gallery][et_pb_code _builder_version=&#8221;4.16&#8243; global_colors_info=&#8221;{}&#8221;]<\/p>\n<style><!-- [et_pb_line_break_holder] -->li.page { <!-- [et_pb_line_break_holder] -->background-image: url(https:\/\/villadianthe.com\/wp-content\/uploads\/2018\/03\/dot-red.png);<!-- [et_pb_line_break_holder] -->background-repeat: no-repeat;<!-- [et_pb_line_break_holder] --> background-position: 50% 50%;<!-- [et_pb_line_break_holder] -->margin: 6px; <!-- [et_pb_line_break_holder] -->}<!-- [et_pb_line_break_holder] -->li.prev, li.next, a.page-next, a.page-prev {<!-- [et_pb_line_break_holder] -->display: none;<!-- [et_pb_line_break_holder] -->}<!-- [et_pb_line_break_holder] --><\/style>\n<p><!-- [et_pb_line_break_holder] --><!-- [et_pb_line_break_holder] -->[\/et_pb_code][\/et_pb_column][\/et_pb_row][et_pb_row use_custom_gutter=&#8221;on&#8221; gutter_width=&#8221;1&#8243; _builder_version=&#8221;4.27.4&#8243; background_color=&#8221;rgba(255,255,255,0.5)&#8221; background_size=&#8221;initial&#8221; background_position=&#8221;top_left&#8221; background_repeat=&#8221;repeat&#8221; custom_margin=&#8221;0px||0px|&#8221; custom_padding=&#8221;0px||0px|&#8221; make_fullwidth=&#8221;off&#8221; use_custom_width=&#8221;off&#8221; width_unit=&#8221;on&#8221; locked=&#8221;off&#8221; global_colors_info=&#8221;{}&#8221;][et_pb_column type=&#8221;4_4&#8243; _builder_version=&#8221;4.16&#8243; background_color=&#8221;rgba(255,255,255,0.45)&#8221; custom_padding=&#8221;3%|3%|3%|3%&#8221; global_colors_info=&#8221;{}&#8221; custom_padding__hover=&#8221;|||&#8221;][et_pb_text admin_label=&#8221;floor plans&#8221; _builder_version=&#8221;4.27.4&#8243; background_size=&#8221;initial&#8221; background_position=&#8221;top_left&#8221; background_repeat=&#8221;repeat&#8221; use_border_color=&#8221;off&#8221; border_color=&#8221;#ffffff&#8221; border_style=&#8221;solid&#8221; global_colors_info=&#8221;{}&#8221;]<\/p>\n<h3>Platte\u00adgronden<\/h3>\n<p>[\/et_pb_text][\/et_pb_column][\/et_pb_row][et_pb_row column_structure=&#8221;1_3,1_3,1_3&#8243; use_custom_gutter=&#8221;on&#8221; gutter_width=&#8221;1&#8243; make_equal=&#8221;on&#8221; _builder_version=&#8221;4.16&#8243; background_color=&#8221;#ffffff&#8221; background_size=&#8221;initial&#8221; background_position=&#8221;top_left&#8221; background_repeat=&#8221;repeat&#8221; custom_margin=&#8221;0px||0px|&#8221; custom_padding=&#8221;0px||0px|&#8221; make_fullwidth=&#8221;off&#8221; use_custom_width=&#8221;off&#8221; width_unit=&#8221;on&#8221; locked=&#8221;off&#8221; global_colors_info=&#8221;{}&#8221;][et_pb_column type=&#8221;1_3&#8243; _builder_version=&#8221;4.16&#8243; custom_padding=&#8221;|||&#8221; global_colors_info=&#8221;{}&#8221; custom_padding__hover=&#8221;|||&#8221;][et_pb_image src=&#8221;https:\/\/villadianthe.com\/wp-content\/uploads\/2024\/04\/villadianthe.com-apartment-1-floor-plan.jpg&#8221; alt=&#8221;Floor plan of apt 1&#8243; title_text=&#8221;villadianthe.com-apartment-1-floor-plan&#8221; show_in_lightbox=&#8221;on&#8221; use_overlay=&#8221;on&#8221; hover_overlay_color=&#8221;rgba(246,227,206,0.8)&#8221; hover_icon=&#8221;&#x31;||divi||400&#8243; align_tablet=&#8221;center&#8221; align_phone=&#8221;&#8221; align_last_edited=&#8221;on|desktop&#8221; _builder_version=&#8221;4.24.3&#8243; background_size=&#8221;initial&#8221; background_position=&#8221;top_left&#8221; background_repeat=&#8221;repeat&#8221; use_border_color=&#8221;off&#8221; border_color=&#8221;#ffffff&#8221; border_style=&#8221;solid&#8221; animation=&#8221;off&#8221; sticky=&#8221;off&#8221; always_center_on_mobile=&#8221;on&#8221; global_colors_info=&#8221;{}&#8221;][\/et_pb_image][\/et_pb_column][et_pb_column type=&#8221;1_3&#8243; _builder_version=&#8221;4.16&#8243; custom_padding=&#8221;|||&#8221; global_colors_info=&#8221;{}&#8221; custom_padding__hover=&#8221;|||&#8221;][et_pb_image src=&#8221;https:\/\/villadianthe.com\/wp-content\/uploads\/2024\/04\/villadianthe.com-apartment-2-floor-plan.jpg&#8221; alt=&#8221;Floor plan of apt 2 and 4&#8243; title_text=&#8221;villadianthe.com-apartment-2-floor-plan&#8221; show_in_lightbox=&#8221;on&#8221; use_overlay=&#8221;on&#8221; hover_overlay_color=&#8221;rgba(246,227,206,0.8)&#8221; hover_icon=&#8221;&#x31;||divi||400&#8243; align_tablet=&#8221;center&#8221; align_phone=&#8221;&#8221; align_last_edited=&#8221;on|desktop&#8221; _builder_version=&#8221;4.24.3&#8243; use_border_color=&#8221;off&#8221; border_color=&#8221;#ffffff&#8221; border_style=&#8221;solid&#8221; animation=&#8221;off&#8221; sticky=&#8221;off&#8221; always_center_on_mobile=&#8221;on&#8221; global_colors_info=&#8221;{}&#8221;][\/et_pb_image][\/et_pb_column][et_pb_column type=&#8221;1_3&#8243; _builder_version=&#8221;4.16&#8243; custom_padding=&#8221;|||&#8221; global_colors_info=&#8221;{}&#8221; custom_padding__hover=&#8221;|||&#8221;][et_pb_image src=&#8221;https:\/\/villadianthe.com\/wp-content\/uploads\/2024\/04\/villadianthe.com-apartment-3-floor-plan.jpg&#8221; alt=&#8221;Floor plan of apt 3 and 5&#8243; title_text=&#8221;villadianthe.com-apartment-3-floor-plan&#8221; show_in_lightbox=&#8221;on&#8221; use_overlay=&#8221;on&#8221; hover_overlay_color=&#8221;rgba(246,227,206,0.8)&#8221; hover_icon=&#8221;&#x31;||divi||400&#8243; align_tablet=&#8221;center&#8221; align_phone=&#8221;&#8221; align_last_edited=&#8221;on|desktop&#8221; _builder_version=&#8221;4.24.3&#8243; use_border_color=&#8221;off&#8221; border_color=&#8221;#ffffff&#8221; border_style=&#8221;solid&#8221; animation=&#8221;off&#8221; sticky=&#8221;off&#8221; always_center_on_mobile=&#8221;on&#8221; global_colors_info=&#8221;{}&#8221;][\/et_pb_image][\/et_pb_column][\/et_pb_row][et_pb_row column_structure=&#8221;2_3,1_3&#8243; disabled_on=&#8221;off|off|off&#8221; module_class=&#8221;popuprowpromo&#8221; _builder_version=&#8221;4.27.4&#8243; background_size=&#8221;initial&#8221; background_position=&#8221;top_left&#8221; background_repeat=&#8221;repeat&#8221; custom_margin=&#8221;0px||0px|&#8221; custom_padding=&#8221;0px||0px|&#8221; locked=&#8221;off&#8221; global_colors_info=&#8221;{}&#8221;][et_pb_column type=&#8221;2_3&#8243; _builder_version=&#8221;4.16&#8243; background_position=&#8221;top_left&#8221; custom_padding=&#8221;|||&#8221; global_colors_info=&#8221;{}&#8221; custom_padding__hover=&#8221;|||&#8221;][et_pb_code _builder_version=&#8221;4.27.4&#8243; custom_css_main_element=&#8221;display: none;&#8221; global_colors_info=&#8221;{}&#8221;]<\/p>\n<style><!-- [et_pb_line_break_holder] -->.poppie.et_pb_toggle_close .et_pb_toggle_title:before, .poppie.et_pb_toggle_close {<!-- [et_pb_line_break_holder] -->display: none;<!-- [et_pb_line_break_holder] -->}<!-- [et_pb_line_break_holder] --><\/style>\n<p>[\/et_pb_code][et_pb_toggle title=&#8221;Last minute&#8221; open=&#8221;on&#8221; open_toggle_text_color=&#8221;#ae4439&#8243; open_toggle_background_color=&#8221;rgba(255,255,255,0.96)&#8221; icon_color=&#8221;#ae4439&#8243; toggle_icon=&#8221;&#x51;||divi||400&#8243; open_icon_color=&#8221;#ae4439&#8243; open_toggle_icon=&#8221;&#x51;||divi||400&#8243; module_class=&#8221;poppie&#8221; _builder_version=&#8221;4.27.6&#8243; title_font=&#8221;|700|||||||&#8221; title_font_size=&#8221;24px&#8221; animation_style=&#8221;slide&#8221; animation_direction=&#8221;left&#8221; hover_transition_duration=&#8221;1000ms&#8221; hover_transition_delay=&#8221;150ms&#8221; hover_transition_speed_curve=&#8221;ease-in&#8221; custom_css_main_element=&#8221;position: fixed;||right: 4%;||top: 20%;||max-width:60%;||z-index: 199999;&#8221; border_radii=&#8221;on|10px|10px|10px|10px&#8221; border_width_all=&#8221;10px&#8221; border_color_all=&#8221;#FFFFFF&#8221; border_style_all=&#8221;dashed&#8221; box_shadow_style=&#8221;preset1&#8243; locked=&#8221;off&#8221; global_colors_info=&#8221;{}&#8221;]Er zijn nog een paar kleine periodes, die we graag willen verhuren voor een gereduceerde prijs:<br \/>\n\n<table id=\"tablepress-1\" class=\"tablepress tablepress-id-1\">\n<tbody class=\"row-hover\">\n<tr class=\"row-1\">\n\t<td class=\"column-1\">27\/04 - 04\/05<\/td>\n<\/tr>\n<tr class=\"row-2\">\n\t<td class=\"column-1\">30\/04 - 10\/05<\/td>\n<\/tr>\n<tr class=\"row-3\">\n\t<td class=\"column-1\">04\/05 - 07\/05<\/td>\n<\/tr>\n<tr class=\"row-4\">\n\t<td class=\"column-1\">13\/05 - 17\/05<\/td>\n<\/tr>\n<tr class=\"row-5\">\n\t<td class=\"column-1\">27\/05 - 03\/06<\/td>\n<\/tr>\n<\/tbody>\n<\/table>\n<br \/>\nHeeft u interesse, laat het ons weten, en we doen u een mooi aanbod.[\/et_pb_toggle][\/et_pb_column][et_pb_column type=&#8221;1_3&#8243; _builder_version=&#8221;4.16&#8243; custom_padding=&#8221;|||&#8221; global_colors_info=&#8221;{}&#8221; custom_padding__hover=&#8221;|||&#8221;][\/et_pb_column][\/et_pb_row][\/et_pb_section]<\/p>\n","protected":false},"excerpt":{"rendered":"<p>Luxe appartementen van uitzonderlijke kwaliteit in Mirtos, in het zuiden van Kreta, die het hele jaar door geopend zijn. Uitstekend geschikt voor overwinteren!<\/p>\n","protected":false},"author":6,"featured_media":0,"parent":0,"menu_order":0,"comment_status":"closed","ping_status":"closed","template":"","meta":{"_et_pb_use_builder":"on","_et_pb_old_content":"","_et_gb_content_width":"","footnotes":""},"class_list":["post-1570","page","type-page","status-publish","hentry"],"_links":{"self":[{"href":"https:\/\/villadianthe.com\/nl\/wp-json\/wp\/v2\/pages\/1570","targetHints":{"allow":["GET"]}}],"collection":[{"href":"https:\/\/villadianthe.com\/nl\/wp-json\/wp\/v2\/pages"}],"about":[{"href":"https:\/\/villadianthe.com\/nl\/wp-json\/wp\/v2\/types\/page"}],"author":[{"embeddable":true,"href":"https:\/\/villadianthe.com\/nl\/wp-json\/wp\/v2\/users\/6"}],"replies":[{"embeddable":true,"href":"https:\/\/villadianthe.com\/nl\/wp-json\/wp\/v2\/comments?post=1570"}],"version-history":[{"count":7,"href":"https:\/\/villadianthe.com\/nl\/wp-json\/wp\/v2\/pages\/1570\/revisions"}],"predecessor-version":[{"id":219874,"href":"https:\/\/villadianthe.com\/nl\/wp-json\/wp\/v2\/pages\/1570\/revisions\/219874"}],"wp:attachment":[{"href":"https:\/\/villadianthe.com\/nl\/wp-json\/wp\/v2\/media?parent=1570"}],"curies":[{"name":"wp","href":"https:\/\/api.w.org\/{rel}","templated":true}]}}