{"id":2011,"date":"2017-02-20T21:34:51","date_gmt":"2017-02-20T21:34:51","guid":{"rendered":"https:\/\/villadianthe.com\/?page_id=2011\/"},"modified":"2026-04-05T10:44:09","modified_gmt":"2026-04-05T07:44:09","slug":"tarifs","status":"publish","type":"page","link":"https:\/\/villadianthe.com\/fr\/tarifs\/","title":{"rendered":"Tarifs"},"content":{"rendered":"<p>[et_pb_section fb_built=\u00a0\u00bb1&Prime; admin_label=\u00a0\u00bbsection\u00a0\u00bb _builder_version=\u00a0\u00bb4.16&Prime; background_color=\u00a0\u00bbrgba(255,255,255,0.5)\u00a0\u00bb custom_margin=\u00a0\u00bb|30px||30px|false|true\u00a0\u00bb custom_margin_tablet=\u00a0\u00bb|30px||30px|false|true\u00a0\u00bb custom_margin_phone=\u00a0\u00bb|0px||0px|false|true\u00a0\u00bb custom_margin_last_edited=\u00a0\u00bbon|phone\u00a0\u00bb border_radii=\u00a0\u00bbon|20px|20px|20px|20px\u00a0\u00bb transparent_background=\u00a0\u00bbon\u00a0\u00bb make_fullwidth=\u00a0\u00bboff\u00a0\u00bb use_custom_width=\u00a0\u00bboff\u00a0\u00bb width_unit=\u00a0\u00bbon\u00a0\u00bb global_colors_info=\u00a0\u00bb{}\u00a0\u00bb][et_pb_row _builder_version=\u00a0\u00bb4.16&Prime; background_size=\u00a0\u00bbinitial\u00a0\u00bb background_position=\u00a0\u00bbtop_left\u00a0\u00bb background_repeat=\u00a0\u00bbrepeat\u00a0\u00bb make_fullwidth=\u00a0\u00bboff\u00a0\u00bb use_custom_width=\u00a0\u00bboff\u00a0\u00bb width_unit=\u00a0\u00bbon\u00a0\u00bb global_colors_info=\u00a0\u00bb{}\u00a0\u00bb][et_pb_column type=\u00a0\u00bb4_4&Prime; _builder_version=\u00a0\u00bb4.16&Prime; custom_padding=\u00a0\u00bb|||\u00a0\u00bb global_colors_info=\u00a0\u00bb{}\u00a0\u00bb custom_padding__hover=\u00a0\u00bb|||\u00a0\u00bb][et_pb_post_title meta=\u00a0\u00bboff\u00a0\u00bb featured_image=\u00a0\u00bboff\u00a0\u00bb _builder_version=\u00a0\u00bb4.16&Prime; title_font_size=\u00a0\u00bb72px\u00a0\u00bb parallax=\u00a0\u00bbon\u00a0\u00bb parallax_effect=\u00a0\u00bbon\u00a0\u00bb use_border_color=\u00a0\u00bboff\u00a0\u00bb border_color=\u00a0\u00bb#ffffff\u00a0\u00bb border_style=\u00a0\u00bbsolid\u00a0\u00bb global_colors_info=\u00a0\u00bb{}\u00a0\u00bb][\/et_pb_post_title][\/et_pb_column][\/et_pb_row][et_pb_row _builder_version=\u00a0\u00bb4.16&Prime; background_size=\u00a0\u00bbinitial\u00a0\u00bb background_position=\u00a0\u00bbtop_left\u00a0\u00bb background_repeat=\u00a0\u00bbrepeat\u00a0\u00bb global_colors_info=\u00a0\u00bb{}\u00a0\u00bb][et_pb_column type=\u00a0\u00bb4_4&Prime; _builder_version=\u00a0\u00bb4.16&Prime; custom_padding=\u00a0\u00bb|||\u00a0\u00bb global_colors_info=\u00a0\u00bb{}\u00a0\u00bb custom_padding__hover=\u00a0\u00bb|||\u00a0\u00bb][et_pb_text admin_label=\u00a0\u00bbsubtitle\u00a0\u00bb _builder_version=\u00a0\u00bb4.27.2&Prime; text_font=\u00a0\u00bb|600|||||||\u00a0\u00bb background_size=\u00a0\u00bbinitial\u00a0\u00bb background_position=\u00a0\u00bbtop_left\u00a0\u00bb background_repeat=\u00a0\u00bbrepeat\u00a0\u00bb module_alignment=\u00a0\u00bbleft\u00a0\u00bb border_style=\u00a0\u00bbsolid\u00a0\u00bb global_colors_info=\u00a0\u00bb{}\u00a0\u00bb]<\/p>\n<p>Les clients peuvent choisir librement leurs dates d&rsquo;arriv\u00e9e et de d\u00e9part, avec un s\u00e9jour minimum de 7 jours. Pour les r\u00e9servations de derni\u00e8re minute, ces conditions peuvent \u00eatre lev\u00e9es. Des conditions adapt\u00e9es s&rsquo;appliquent pour les vacances de mai et les vacances d&rsquo;automne.<\/p>\n<p>[\/et_pb_text][et_pb_image src=\u00a0\u00bbhttps:\/\/villadianthe.com\/wp-content\/uploads\/2017\/02\/villa-dianthe-pricespage-top-1080.jpg\u00a0\u00bb align_tablet=\u00a0\u00bbcenter\u00a0\u00bb align_phone=\u00a0\u00bb\u00a0\u00bb align_last_edited=\u00a0\u00bbon|desktop\u00a0\u00bb _builder_version=\u00a0\u00bb4.16&Prime; use_border_color=\u00a0\u00bboff\u00a0\u00bb border_color=\u00a0\u00bb#ffffff\u00a0\u00bb border_style=\u00a0\u00bbsolid\u00a0\u00bb animation=\u00a0\u00bboff\u00a0\u00bb sticky=\u00a0\u00bboff\u00a0\u00bb always_center_on_mobile=\u00a0\u00bbon\u00a0\u00bb global_colors_info=\u00a0\u00bb{}\u00a0\u00bb][\/et_pb_image][\/et_pb_column][\/et_pb_row][et_pb_row column_structure=\u00a0\u00bb3_5,2_5&Prime; use_custom_gutter=\u00a0\u00bbon\u00a0\u00bb gutter_width=\u00a0\u00bb1&Prime; _builder_version=\u00a0\u00bb4.16&Prime; custom_margin=\u00a0\u00bb0px||0px|\u00a0\u00bb custom_padding=\u00a0\u00bb0px||0px|\u00a0\u00bb global_colors_info=\u00a0\u00bb{}\u00a0\u00bb][et_pb_column type=\u00a0\u00bb3_5&Prime; _builder_version=\u00a0\u00bb4.16&Prime; custom_padding=\u00a0\u00bb|||\u00a0\u00bb global_colors_info=\u00a0\u00bb{}\u00a0\u00bb custom_padding__hover=\u00a0\u00bb|||\u00a0\u00bb][et_pb_text _builder_version=\u00a0\u00bb4.16&Prime; global_colors_info=\u00a0\u00bb{}\u00a0\u00bb]<span style=\"font-size: 14pt;\">Les prix sont par appartement<\/span><br \/>\n[\/et_pb_text][\/et_pb_column][et_pb_column type=\u00a0\u00bb2_5&Prime; _builder_version=\u00a0\u00bb4.16&Prime; custom_padding=\u00a0\u00bb|||\u00a0\u00bb global_colors_info=\u00a0\u00bb{}\u00a0\u00bb custom_padding__hover=\u00a0\u00bb|||\u00a0\u00bb][\/et_pb_column][\/et_pb_row][et_pb_row _builder_version=\u00a0\u00bb4.16&Prime; background_color=\u00a0\u00bbrgba(255,255,255,0)\u00a0\u00bb background_size=\u00a0\u00bbinitial\u00a0\u00bb background_position=\u00a0\u00bbtop_left\u00a0\u00bb background_repeat=\u00a0\u00bbrepeat\u00a0\u00bb custom_padding=\u00a0\u00bb||0px||false|false\u00a0\u00bb make_fullwidth=\u00a0\u00bboff\u00a0\u00bb use_custom_width=\u00a0\u00bboff\u00a0\u00bb width_unit=\u00a0\u00bbon\u00a0\u00bb global_colors_info=\u00a0\u00bb{}\u00a0\u00bb][et_pb_column type=\u00a0\u00bb4_4&Prime; _builder_version=\u00a0\u00bb4.16&Prime; custom_padding=\u00a0\u00bb|||\u00a0\u00bb global_colors_info=\u00a0\u00bb{}\u00a0\u00bb custom_padding__hover=\u00a0\u00bb|||\u00a0\u00bb][et_pb_tabs active_tab_background_color=\u00a0\u00bb#ffffff\u00a0\u00bb inactive_tab_background_color=\u00a0\u00bb#f6e3ce\u00a0\u00bb disabled_on=\u00a0\u00bboff|off|off\u00a0\u00bb module_class=\u00a0\u00bbboxsetshad\u00a0\u00bb _builder_version=\u00a0\u00bb4.27.4&Prime; tab_font=\u00a0\u00bb|on|||\u00a0\u00bb tab_font_size=\u00a0\u00bb16&Prime; background_color=\u00a0\u00bb#ffffff\u00a0\u00bb background_size=\u00a0\u00bbinitial\u00a0\u00bb background_position=\u00a0\u00bbtop_left\u00a0\u00bb background_repeat=\u00a0\u00bbrepeat\u00a0\u00bb custom_margin=\u00a0\u00bb|10px||10px|false|true\u00a0\u00bb custom_padding_tablet=\u00a0\u00bb\u00a0\u00bb custom_padding_phone=\u00a0\u00bb|2px||2px|false|true\u00a0\u00bb custom_padding_last_edited=\u00a0\u00bbon|phone\u00a0\u00bb custom_css_main_element=\u00a0\u00bboutline: 10px solid #F6E3CE;\u00a0\u00bb border_style=\u00a0\u00bbsolid\u00a0\u00bb locked=\u00a0\u00bboff\u00a0\u00bb global_colors_info=\u00a0\u00bb{}\u00a0\u00bb][et_pb_tab title=\u00a0\u00bbTrois pi\u00e8ces\u00a0\u00bb _builder_version=\u00a0\u00bb4.17.6&Prime; body_font=\u00a0\u00bb||||\u00a0\u00bb body_line_height=\u00a0\u00bb2em\u00a0\u00bb tab_font=\u00a0\u00bb||||\u00a0\u00bb tab_line_height=\u00a0\u00bb2em\u00a0\u00bb body_line_height_tablet=\u00a0\u00bb2em\u00a0\u00bb body_line_height_phone=\u00a0\u00bb2em\u00a0\u00bb tab_line_height_tablet=\u00a0\u00bb2em\u00a0\u00bb tab_line_height_phone=\u00a0\u00bb2em\u00a0\u00bb global_colors_info=\u00a0\u00bb{}\u00a0\u00bb]Les prix sont jusqu&rsquo;\u00e0 2 personnes. Pour chaque personne suppl\u00e9mentaire, nous demandons des frais de 10 \u20ac, &#8211; p.p. par nuit (max. 6 personnes)<\/p>\n[et_pb_section global_module=\"218129\"][\/et_pb_section]\n<p>[\/et_pb_tab][et_pb_tab title=\u00a0\u00bbQuatre pi\u00e8ces\u00a0\u00bb _builder_version=\u00a0\u00bb4.17.6&Prime; body_font=\u00a0\u00bb||||\u00a0\u00bb body_line_height=\u00a0\u00bb2em\u00a0\u00bb tab_font=\u00a0\u00bb||||\u00a0\u00bb tab_line_height=\u00a0\u00bb2em\u00a0\u00bb body_line_height_tablet=\u00a0\u00bb2em\u00a0\u00bb body_line_height_phone=\u00a0\u00bb2em\u00a0\u00bb tab_line_height_tablet=\u00a0\u00bb2em\u00a0\u00bb tab_line_height_phone=\u00a0\u00bb2em\u00a0\u00bb global_colors_info=\u00a0\u00bb{}\u00a0\u00bb]Les prix sont jusqu&rsquo;\u00e0 4 personnes. Pour chaque personne suppl\u00e9mentaire, nous demandons des frais de 10 \u20ac, &#8211; p.p. par nuit (max. 8 personnes)<\/p>\n[et_pb_section global_module=\"218136\"][\/et_pb_section]\n<p>[\/et_pb_tab][\/et_pb_tabs][et_pb_text disabled_on=\u00a0\u00bbon|on|on\u00a0\u00bb _builder_version=\u00a0\u00bb4.27.0&Prime; _module_preset=\u00a0\u00bbdefault\u00a0\u00bb background_color=\u00a0\u00bb#FFFFFF\u00a0\u00bb custom_padding=\u00a0\u00bb3%|3%|3%|3%|true|true\u00a0\u00bb disabled=\u00a0\u00bbon\u00a0\u00bb locked=\u00a0\u00bboff\u00a0\u00bb global_colors_info=\u00a0\u00bb{}\u00a0\u00bb]<\/p>\n<p><em>Les prix sont mis \u00e0 jour. Veuillez revenir plus tard.<\/em><\/p>\n<p>[\/et_pb_text][et_pb_text _builder_version=\u00a0\u00bb4.27.4&Prime; module_alignment=\u00a0\u00bbleft\u00a0\u00bb custom_margin=\u00a0\u00bb3%|3%|3%|3%\u00a0\u00bb border_style=\u00a0\u00bbsolid\u00a0\u00bb global_colors_info=\u00a0\u00bb{}\u00a0\u00bb]<span style=\"font-size: 13pt;\">\u00c0 la Villa Dianthe, le prix comprend : l&rsquo;\u00e9lectricit\u00e9, l&rsquo;eau, le changement des serviettes deux fois par semaine, le changement hebdomadaire du linge de lit et le m\u00e9nage final. La climatisation est disponible moyennant un suppl\u00e9ment.<\/span><\/p>\n<p>Le gouvernement grec a de nouveau augment\u00e9 la taxe de s\u00e9jour. Par cons\u00e9quent, nous sommes contraints de facturer ce suppl\u00e9ment.<br \/>\nPour nos appartements, le tarif est de 2,00 \u20ac par jour du 1er avril au 1er novembre, et de 0,50 \u20ac par jour du 1er novembre au 1er avril. Ce montant doit \u00eatre pay\u00e9 sur place \u00e0 l&rsquo;arriv\u00e9e.<\/p>\n<p><span style=\"font-size: 14pt;\"> Nous avons indiqu\u00e9 le tarif mensuel pour un <strong>s\u00e9jour durant l\u2019hiver<\/strong>, pour une p\u00e9riode plus longue les tarifs sont sur demande.<\/span><br \/>\nPendant un s\u00e9jour en hiver, un tarif mensuel sp\u00e9cial ou un prix sp\u00e9cifiquement convenu s&rsquo;applique. Des conditions diff\u00e9rentes s&rsquo;appliquent \u00e9galement. Veuillez vous r\u00e9f\u00e9rer aux <a href=\"https:\/\/documents.staticdata.nl\/conditions-de-reservation-villa-dianthe-07-03-2024.pdf\" target=\"_blank\" rel=\"noopener\">conditions de r\u00e9servation<\/a> sous \u00ab\u00a0S\u00e9jour d&rsquo;hiver\u00a0\u00bb pour plus d&rsquo;informations.[\/et_pb_text][\/et_pb_column][\/et_pb_row][et_pb_row column_structure=\u00a0\u00bb2_3,1_3&Prime; disabled_on=\u00a0\u00bboff|off|off\u00a0\u00bb module_class=\u00a0\u00bbpopuprowpromo\u00a0\u00bb _builder_version=\u00a0\u00bb4.27.6&Prime; background_size=\u00a0\u00bbinitial\u00a0\u00bb background_position=\u00a0\u00bbtop_left\u00a0\u00bb background_repeat=\u00a0\u00bbrepeat\u00a0\u00bb custom_margin=\u00a0\u00bb0px||0px|\u00a0\u00bb custom_padding=\u00a0\u00bb0px||0px|\u00a0\u00bb locked=\u00a0\u00bboff\u00a0\u00bb global_colors_info=\u00a0\u00bb{}\u00a0\u00bb][et_pb_column type=\u00a0\u00bb2_3&Prime; _builder_version=\u00a0\u00bb4.16&Prime; background_position=\u00a0\u00bbtop_left\u00a0\u00bb custom_padding=\u00a0\u00bb|||\u00a0\u00bb global_colors_info=\u00a0\u00bb{}\u00a0\u00bb custom_padding__hover=\u00a0\u00bb|||\u00a0\u00bb][et_pb_code _builder_version=\u00a0\u00bb4.16&Prime; custom_css_main_element=\u00a0\u00bbdisplay: none;\u00a0\u00bb global_colors_info=\u00a0\u00bb{}\u00a0\u00bb]<\/p>\n<style><!-- [et_pb_line_break_holder] -->.poppie.et_pb_toggle_close .et_pb_toggle_title:before, .poppie.et_pb_toggle_close {<!-- [et_pb_line_break_holder] -->display: none;<!-- [et_pb_line_break_holder] -->}<!-- [et_pb_line_break_holder] --><\/style>\n<p>[\/et_pb_code][et_pb_toggle title=\u00a0\u00bbOffres de derni\u00e8re minute\u00a0\u00bb open=\u00a0\u00bbon\u00a0\u00bb open_toggle_text_color=\u00a0\u00bb#ae4439&Prime; open_toggle_background_color=\u00a0\u00bbrgba(255,255,255,0.95)\u00a0\u00bb icon_color=\u00a0\u00bb#ae4439&Prime; open_icon_color=\u00a0\u00bb#ae4439&Prime; open_toggle_icon=\u00a0\u00bb&#x51;||divi||400&Prime; module_class=\u00a0\u00bbpoppie\u00a0\u00bb _builder_version=\u00a0\u00bb4.27.6&Prime; title_font=\u00a0\u00bb|700|||||||\u00a0\u00bb title_font_size=\u00a0\u00bb24px\u00a0\u00bb animation_style=\u00a0\u00bbslide\u00a0\u00bb animation_direction=\u00a0\u00bbleft\u00a0\u00bb hover_transition_duration=\u00a0\u00bb1000ms\u00a0\u00bb hover_transition_delay=\u00a0\u00bb150ms\u00a0\u00bb hover_transition_speed_curve=\u00a0\u00bbease-in\u00a0\u00bb custom_css_main_element=\u00a0\u00bbposition: fixed;||right: 4%;||top: 15%;||max-width:60%;||z-index: 199999;\u00a0\u00bb border_radii=\u00a0\u00bbon|10px|10px|10px|10px\u00a0\u00bb border_width_all=\u00a0\u00bb10px\u00a0\u00bb border_color_all=\u00a0\u00bb#FFFFFF\u00a0\u00bb border_style_all=\u00a0\u00bbdashed\u00a0\u00bb locked=\u00a0\u00bboff\u00a0\u00bb global_colors_info=\u00a0\u00bb{}\u00a0\u00bb]<\/p>\n\n<table id=\"tablepress-1\" class=\"tablepress tablepress-id-1\">\n<tbody class=\"row-hover\">\n<tr class=\"row-1\">\n\t<td class=\"column-1\">27\/04 - 04\/05<\/td>\n<\/tr>\n<tr class=\"row-2\">\n\t<td class=\"column-1\">30\/04 - 10\/05<\/td>\n<\/tr>\n<tr class=\"row-3\">\n\t<td class=\"column-1\">04\/05 - 07\/05<\/td>\n<\/tr>\n<tr class=\"row-4\">\n\t<td class=\"column-1\">13\/05 - 17\/05<\/td>\n<\/tr>\n<tr class=\"row-5\">\n\t<td class=\"column-1\">27\/05 - 03\/06<\/td>\n<\/tr>\n<\/tbody>\n<\/table>\n<!-- #tablepress-1 from cache -->\n<p><a href=\"tel:00306945897986\">Appelez-nous maintenant&nbsp;!<\/a><\/p>\n<p>[\/et_pb_toggle][\/et_pb_column][et_pb_column type=\u00a0\u00bb1_3&Prime; _builder_version=\u00a0\u00bb4.16&Prime; custom_padding=\u00a0\u00bb|||\u00a0\u00bb global_colors_info=\u00a0\u00bb{}\u00a0\u00bb custom_padding__hover=\u00a0\u00bb|||\u00a0\u00bb][\/et_pb_column][\/et_pb_row][\/et_pb_section]<\/p>\n","protected":false},"excerpt":{"rendered":"<p>D\u00e9couvrez nos tarifs flexibles pour des vacances inoubliables \u00e0 Villa Dianthe. Profitez de tarifs tout compris incluant l\u2019\u00e9lectricit\u00e9, l\u2019eau, les charges locales et taxes touristiques, serviettes de toilette chang\u00e9es 2 fois par semaine, draps chaque semaine, nettoyage fin de s\u00e9jour, coffre-fort. L\u2019air conditionn\u00e9 est disponible avec un suppl\u00e9ment. R\u00e9servez d\u00e8s maintenant et vivez des moments uniques \u00e0 Mirtos, Cr\u00e8te.<\/p>\n","protected":false},"author":6,"featured_media":217690,"parent":0,"menu_order":0,"comment_status":"closed","ping_status":"closed","template":"","meta":{"_et_pb_use_builder":"on","_et_pb_old_content":"","_et_gb_content_width":"","footnotes":""},"class_list":["post-2011","page","type-page","status-publish","has-post-thumbnail","hentry"],"_links":{"self":[{"href":"https:\/\/villadianthe.com\/fr\/wp-json\/wp\/v2\/pages\/2011","targetHints":{"allow":["GET"]}}],"collection":[{"href":"https:\/\/villadianthe.com\/fr\/wp-json\/wp\/v2\/pages"}],"about":[{"href":"https:\/\/villadianthe.com\/fr\/wp-json\/wp\/v2\/types\/page"}],"author":[{"embeddable":true,"href":"https:\/\/villadianthe.com\/fr\/wp-json\/wp\/v2\/users\/6"}],"replies":[{"embeddable":true,"href":"https:\/\/villadianthe.com\/fr\/wp-json\/wp\/v2\/comments?post=2011"}],"version-history":[{"count":4,"href":"https:\/\/villadianthe.com\/fr\/wp-json\/wp\/v2\/pages\/2011\/revisions"}],"predecessor-version":[{"id":219885,"href":"https:\/\/villadianthe.com\/fr\/wp-json\/wp\/v2\/pages\/2011\/revisions\/219885"}],"wp:featuredmedia":[{"embeddable":true,"href":"https:\/\/villadianthe.com\/fr\/wp-json\/wp\/v2\/media\/217690"}],"wp:attachment":[{"href":"https:\/\/villadianthe.com\/fr\/wp-json\/wp\/v2\/media?parent=2011"}],"curies":[{"name":"wp","href":"https:\/\/api.w.org\/{rel}","templated":true}]}}