{"id":1643,"date":"2017-02-17T20:14:55","date_gmt":"2017-02-17T20:14:55","guid":{"rendered":"https:\/\/villadianthe.com\/tout-a-propos-de-crete\/"},"modified":"2025-10-06T19:57:02","modified_gmt":"2025-10-06T16:57:02","slug":"au-sujet-de-la-crete","status":"publish","type":"page","link":"https:\/\/villadianthe.com\/fr\/au-sujet-de-la-crete\/","title":{"rendered":"Au sujet de la Cr\u00e8te"},"content":{"rendered":"<p>[et_pb_section fb_built=\u00a0\u00bb1&Prime; admin_label=\u00a0\u00bbsection\u00a0\u00bb _builder_version=\u00a0\u00bb4.16&Prime; background_color=\u00a0\u00bbrgba(255,255,255,0.5)\u00a0\u00bb custom_margin=\u00a0\u00bb|30px||30px|false|true\u00a0\u00bb custom_margin_tablet=\u00a0\u00bb|30px||30px|false|true\u00a0\u00bb custom_margin_phone=\u00a0\u00bb|0px||0px|false|true\u00a0\u00bb custom_margin_last_edited=\u00a0\u00bbon|phone\u00a0\u00bb border_radii=\u00a0\u00bbon|20px|20px|20px|20px\u00a0\u00bb transparent_background=\u00a0\u00bbon\u00a0\u00bb make_fullwidth=\u00a0\u00bboff\u00a0\u00bb use_custom_width=\u00a0\u00bboff\u00a0\u00bb width_unit=\u00a0\u00bbon\u00a0\u00bb global_colors_info=\u00a0\u00bb{}\u00a0\u00bb][et_pb_row _builder_version=\u00a0\u00bb4.16&Prime; background_size=\u00a0\u00bbinitial\u00a0\u00bb background_position=\u00a0\u00bbtop_left\u00a0\u00bb background_repeat=\u00a0\u00bbrepeat\u00a0\u00bb make_fullwidth=\u00a0\u00bboff\u00a0\u00bb use_custom_width=\u00a0\u00bboff\u00a0\u00bb width_unit=\u00a0\u00bbon\u00a0\u00bb global_colors_info=\u00a0\u00bb{}\u00a0\u00bb][et_pb_column type=\u00a0\u00bb4_4&Prime; _builder_version=\u00a0\u00bb4.16&Prime; custom_padding=\u00a0\u00bb|||\u00a0\u00bb global_colors_info=\u00a0\u00bb{}\u00a0\u00bb custom_padding__hover=\u00a0\u00bb|||\u00a0\u00bb][et_pb_post_title meta=\u00a0\u00bboff\u00a0\u00bb featured_image=\u00a0\u00bboff\u00a0\u00bb _builder_version=\u00a0\u00bb4.16&Prime; title_font_size=\u00a0\u00bb72px\u00a0\u00bb parallax=\u00a0\u00bbon\u00a0\u00bb parallax_method=\u00a0\u00bboff\u00a0\u00bb parallax_effect=\u00a0\u00bbon\u00a0\u00bb use_border_color=\u00a0\u00bboff\u00a0\u00bb border_color=\u00a0\u00bb#ffffff\u00a0\u00bb border_style=\u00a0\u00bbsolid\u00a0\u00bb global_colors_info=\u00a0\u00bb{}\u00a0\u00bb][\/et_pb_post_title][\/et_pb_column][\/et_pb_row][et_pb_row _builder_version=\u00a0\u00bb4.16&Prime; background_size=\u00a0\u00bbinitial\u00a0\u00bb background_position=\u00a0\u00bbtop_left\u00a0\u00bb background_repeat=\u00a0\u00bbrepeat\u00a0\u00bb custom_margin=\u00a0\u00bb||0px|\u00a0\u00bb custom_padding=\u00a0\u00bb||0px|\u00a0\u00bb make_fullwidth=\u00a0\u00bboff\u00a0\u00bb use_custom_width=\u00a0\u00bboff\u00a0\u00bb width_unit=\u00a0\u00bbon\u00a0\u00bb global_colors_info=\u00a0\u00bb{}\u00a0\u00bb][et_pb_column type=\u00a0\u00bb4_4&Prime; _builder_version=\u00a0\u00bb4.16&Prime; custom_padding=\u00a0\u00bb|||\u00a0\u00bb global_colors_info=\u00a0\u00bb{}\u00a0\u00bb custom_padding__hover=\u00a0\u00bb|||\u00a0\u00bb][et_pb_text _builder_version=\u00a0\u00bb4.16&Prime; border_style=\u00a0\u00bbsolid\u00a0\u00bb global_colors_info=\u00a0\u00bb{}\u00a0\u00bb]<span style=\"font-size: 14pt;\">La plus grande des \u00eeles Grecques, situ\u00e9e le plus au sud de l\u2019Europe<br \/>\n<\/span><br \/>\n[\/et_pb_text][et_pb_image src=\u00a0\u00bbhttps:\/\/villadianthe.com\/wp-content\/uploads\/2017\/02\/villa-dianthe-cretepage-top-1080.jpg\u00a0\u00bb align=\u00a0\u00bbcenter\u00a0\u00bb align_tablet=\u00a0\u00bbcenter\u00a0\u00bb align_phone=\u00a0\u00bbcenter\u00a0\u00bb align_last_edited=\u00a0\u00bbon|desktop\u00a0\u00bb _builder_version=\u00a0\u00bb4.16&Prime; animation_style=\u00a0\u00bbslide\u00a0\u00bb animation_direction=\u00a0\u00bbbottom\u00a0\u00bb animation_duration=\u00a0\u00bb500ms\u00a0\u00bb animation_intensity_slide=\u00a0\u00bb10%\u00a0\u00bb use_border_color=\u00a0\u00bboff\u00a0\u00bb border_color=\u00a0\u00bb#ffffff\u00a0\u00bb border_style=\u00a0\u00bbsolid\u00a0\u00bb animation=\u00a0\u00bbbottom\u00a0\u00bb sticky=\u00a0\u00bboff\u00a0\u00bb always_center_on_mobile=\u00a0\u00bbon\u00a0\u00bb global_colors_info=\u00a0\u00bb{}\u00a0\u00bb][\/et_pb_image][\/et_pb_column][\/et_pb_row][et_pb_row column_structure=\u00a0\u00bb3_4,1_4&Prime; use_custom_gutter=\u00a0\u00bbon\u00a0\u00bb gutter_width=\u00a0\u00bb1&Prime; make_equal=\u00a0\u00bbon\u00a0\u00bb admin_label=\u00a0\u00bbrow\u00a0\u00bb _builder_version=\u00a0\u00bb4.16&Prime; background_color=\u00a0\u00bb#ffffff\u00a0\u00bb background_size=\u00a0\u00bbinitial\u00a0\u00bb background_position=\u00a0\u00bbtop_left\u00a0\u00bb background_repeat=\u00a0\u00bbrepeat\u00a0\u00bb custom_margin=\u00a0\u00bb0px||0px|\u00a0\u00bb custom_padding=\u00a0\u00bb0px||0px|\u00a0\u00bb make_fullwidth=\u00a0\u00bboff\u00a0\u00bb use_custom_width=\u00a0\u00bboff\u00a0\u00bb width_unit=\u00a0\u00bbon\u00a0\u00bb global_colors_info=\u00a0\u00bb{}\u00a0\u00bb][et_pb_column type=\u00a0\u00bb3_4&Prime; module_class=\u00a0\u00bbboxsetshad\u00a0\u00bb _builder_version=\u00a0\u00bb4.16&Prime; custom_padding=\u00a0\u00bb3%|3%|3%|3%\u00a0\u00bb global_colors_info=\u00a0\u00bb{}\u00a0\u00bb custom_padding__hover=\u00a0\u00bb|||\u00a0\u00bb][et_pb_text _builder_version=\u00a0\u00bb4.27.4&Prime; background_size=\u00a0\u00bbinitial\u00a0\u00bb background_position=\u00a0\u00bbtop_left\u00a0\u00bb background_repeat=\u00a0\u00bbrepeat\u00a0\u00bb custom_padding=\u00a0\u00bb3%|3%|3%|3%\u00a0\u00bb hover_enabled=\u00a0\u00bb0&Prime; border_style=\u00a0\u00bbsolid\u00a0\u00bb global_colors_info=\u00a0\u00bb{}\u00a0\u00bb custom_margin=\u00a0\u00bb-30px||||false|false\u00a0\u00bb sticky_enabled=\u00a0\u00bb0&Prime;]<\/p>\n<h2>La Cr\u00e8te<\/h2>\n<p>Avec une longueur de 260 kilom\u00e8tres et une largeur de 16 \u00e0 60 kilom\u00e8tres, la Cr\u00e8te est la plus grande \u00eele de la Gr\u00e8ce. Son climat est agr\u00e9able tout au long de l\u2019ann\u00e9e gr\u00e2ce \u00e0 sa situation au sud de l\u2019Europe. Une \u00eele aux paysages divers tant\u00f4t arides, montagneux ou verdoyants, la nature y est tr\u00e8s vari\u00e9e. La Cr\u00e8te a une quantit\u00e9 innombrable de petits villages pittoresques dans ses campagnes, des petits ports de p\u00eache comme jadis, toutes sortes de plages, clo\u00eetres ou ch\u00e2teaux, fouilles arch\u00e9ologiques sans oublier des gorges impressionnantes. Les habitants de la Cr\u00e8te sont en premier lieu Cr\u00e9tois, fiers de leur \u00eele et de leurs traditions, souvent particuli\u00e8res, propres \u00e0 eux-m\u00eames. Ce qui pr\u00e9domine est leur hospitalit\u00e9. Ceci est l\u2019une de ces traditions qu\u2019ils pratiquent \u00e0 un haut niveau. Bien que la Cr\u00e8te soit associ\u00e9e par beaucoup avec une image de tourisme de masse comme \u00e0 Chersonissos et Malia, vous d\u00e9couvrirez que ceci n\u2019est pas perceptible \u00e0 Mirtos. Vous pourrez profiter pleinement de l\u2019espace et de la qui\u00e9tude.<br \/>Le climat dans le sud de la Cr\u00e8te, et donc \u00e0 Mirtos, est plus tropical que vers la partie nord, ceci vient du fait que le massif montagneux Dikti soit situ\u00e9 au centre de l\u2019\u00eele. Les hivers y sont doux et la p\u00e9riode estivale plus chaude. Pourtant, il y a presque toujours une brise marine rafra\u00eechissante.<br \/>Il est possible d\u2019effectuer plusieurs excursions dans les environs de Mirtos comme par exemple les petits villages de montagne, o\u00f9 le temps semble s\u2019\u00eatre arr\u00eat\u00e9, avec leurs habitants si accueillants. La Cr\u00e8te a une histoire tr\u00e8s riche et vous y trouverez de nombreux sites arch\u00e9ologiques. Tout pr\u00e8s de Mirtos m\u00eame se trouve les restes d\u2019un village de l\u2019\u00e9poque minoenne. Le site le plus connu : Cnossos n\u2019est qu\u2019\u00e0 environ une heure de route.<br \/>D\u2019autres possibilit\u00e9s de visites int\u00e9ressantes \u00e0 peu de distance sont l\u2019\u00eele de Chrissi, telle une \u00eele des Cara\u00efbes, le plateau du Lassithi et les gorges de Sarakinas pour une belle randonn\u00e9e.<br \/>Vous trouverez une multitude d\u2019informations dans votre propre langue sur le site <a href=\"http:\/\/www.explorecrete.com\/french\/index-fr.html\">www.explorecrete.com.<\/a><\/p>\n<p>[\/et_pb_text][\/et_pb_column][et_pb_column type=\u00a0\u00bb1_4&Prime; _builder_version=\u00a0\u00bb4.16&Prime; custom_padding=\u00a0\u00bb|||\u00a0\u00bb custom_css_main_element=\u00a0\u00bbmax-height: 556px;\u00a0\u00bb global_colors_info=\u00a0\u00bb{}\u00a0\u00bb custom_padding__hover=\u00a0\u00bb|||\u00a0\u00bb][et_pb_gallery gallery_ids=\u00a0\u00bb1836,1840,1844,1848,1852,1856,1860,1864,1868,1872,1876,1880&Prime; gallery_orderby=\u00a0\u00bbrand\u00a0\u00bb posts_number=\u00a0\u00bb3&Prime; show_title_and_caption=\u00a0\u00bboff\u00a0\u00bb show_pagination=\u00a0\u00bboff\u00a0\u00bb zoom_icon_color=\u00a0\u00bb#a32e24&Prime; hover_overlay_color=\u00a0\u00bbrgba(246,227,206,0.8)\u00a0\u00bb hover_icon=\u00a0\u00bb&#x31;||divi||400&Prime; _builder_version=\u00a0\u00bb4.16&Prime; use_border_color=\u00a0\u00bboff\u00a0\u00bb border_color=\u00a0\u00bb#ffffff\u00a0\u00bb border_style=\u00a0\u00bbsolid\u00a0\u00bb global_colors_info=\u00a0\u00bb{}\u00a0\u00bb][\/et_pb_gallery][\/et_pb_column][\/et_pb_row][et_pb_row _builder_version=\u00a0\u00bb4.16&Prime; background_color=\u00a0\u00bb#ffffff\u00a0\u00bb background_size=\u00a0\u00bbinitial\u00a0\u00bb background_position=\u00a0\u00bbtop_left\u00a0\u00bb background_repeat=\u00a0\u00bbrepeat\u00a0\u00bb custom_margin=\u00a0\u00bb0px||0px|\u00a0\u00bb custom_padding=\u00a0\u00bb10px||0px|\u00a0\u00bb make_fullwidth=\u00a0\u00bboff\u00a0\u00bb use_custom_width=\u00a0\u00bboff\u00a0\u00bb width_unit=\u00a0\u00bbon\u00a0\u00bb global_colors_info=\u00a0\u00bb{}\u00a0\u00bb][et_pb_column type=\u00a0\u00bb4_4&Prime; _builder_version=\u00a0\u00bb4.16&Prime; custom_padding=\u00a0\u00bb|||\u00a0\u00bb global_colors_info=\u00a0\u00bb{}\u00a0\u00bb custom_padding__hover=\u00a0\u00bb|||\u00a0\u00bb][et_pb_text _builder_version=\u00a0\u00bb4.27.4&Prime; _module_preset=\u00a0\u00bbdefault\u00a0\u00bb hover_enabled=\u00a0\u00bb0&Prime; sticky_enabled=\u00a0\u00bb0&Prime; locked=\u00a0\u00bboff\u00a0\u00bb]<iframe src=\"https:\/\/www.google.com\/maps\/embed?pb=!1m18!1m12!1m3!1d5796972.502216761!2d21.490457278839738!3d35.3745785134691!2m3!1f0!2f0!3f0!3m2!1i1024!2i768!4f13.1!3m3!1m2!1s0x149afe2f827d98a1%3A0x100bd2ce2b9c630!2sCrete!5e1!3m2!1sen!2sgr!4v1759769173270!5m2!1sen!2sgr\" width=\"1080\" height=\"500\" style=\"border:0;\" allowfullscreen=\"\" loading=\"lazy\" referrerpolicy=\"no-referrer-when-downgrade\"><\/iframe>[\/et_pb_text][\/et_pb_column][\/et_pb_row][et_pb_row use_custom_gutter=\u00a0\u00bbon\u00a0\u00bb gutter_width=\u00a0\u00bb1&Prime; module_class=\u00a0\u00bb et_pb_row_fullwidth\u00a0\u00bb _builder_version=\u00a0\u00bb4.16&Prime; background_color=\u00a0\u00bbrgba(0,0,0,0)\u00a0\u00bb background_size=\u00a0\u00bbinitial\u00a0\u00bb background_position=\u00a0\u00bbtop_left\u00a0\u00bb background_repeat=\u00a0\u00bbrepeat\u00a0\u00bb width=\u00a0\u00bb100%\u00a0\u00bb width_tablet=\u00a0\u00bb100%\u00a0\u00bb width_phone=\u00a0\u00bb100%\u00a0\u00bb width_last_edited=\u00a0\u00bbon|desktop\u00a0\u00bb max_width=\u00a0\u00bb100%\u00a0\u00bb max_width_tablet=\u00a0\u00bb100%\u00a0\u00bb max_width_phone=\u00a0\u00bb100%\u00a0\u00bb max_width_last_edited=\u00a0\u00bbon|desktop\u00a0\u00bb custom_margin=\u00a0\u00bb0px||-20px|\u00a0\u00bb custom_padding=\u00a0\u00bb3px||0px|\u00a0\u00bb custom_css_main_element=\u00a0\u00bbposition: fixed;|| bottom: 0;|| left: 0;|| width: 100%;||z-index: 999999;\u00a0\u00bb make_fullwidth=\u00a0\u00bbon\u00a0\u00bb global_colors_info=\u00a0\u00bb{}\u00a0\u00bb][et_pb_column type=\u00a0\u00bb4_4&Prime; _builder_version=\u00a0\u00bb4.16&Prime; background_position=\u00a0\u00bbtop_left\u00a0\u00bb custom_padding=\u00a0\u00bb0px||0px|\u00a0\u00bb global_colors_info=\u00a0\u00bb{}\u00a0\u00bb custom_padding__hover=\u00a0\u00bb|||\u00a0\u00bb][et_pb_toggle open_toggle_text_color=\u00a0\u00bbrgba(255,255,255,0.9)\u00a0\u00bb closed_toggle_text_color=\u00a0\u00bbrgba(255,255,255,0)\u00a0\u00bb closed_toggle_background_color=\u00a0\u00bbrgba(0,0,0,0)\u00a0\u00bb icon_color=\u00a0\u00bb#f9e9d7&Prime; open_icon_color=\u00a0\u00bb#f9e9d7&Prime; _builder_version=\u00a0\u00bb4.16&Prime; title_font=\u00a0\u00bbCherry Cream Soda|on|||\u00a0\u00bb title_font_size=\u00a0\u00bb30&Prime; background_size=\u00a0\u00bbinitial\u00a0\u00bb background_position=\u00a0\u00bbtop_left\u00a0\u00bb background_repeat=\u00a0\u00bbrepeat\u00a0\u00bb custom_css_main_element=\u00a0\u00bbmin-width: 100%;\u00a0\u00bb custom_css_open_toggle=\u00a0\u00bb background: -webkit-linear-gradient(left, rgba(255,255,255,1) , rgba(137,137,137,0)); \/* For Safari 5.1 to 6.0 *\/|| background: -o-linear-gradient(left, rgba(255,255,255,1), rgba(137,137,137,0)); \/* For Opera 11.1 to 12.0 *\/|| background: -moz-linear-gradient(left, rgba(255,255,255,1), rgba(137,137,137,0)); \/* For Firefox 3.6 to 15 *\/|| background: linear-gradient(to left, rgba(255,255,255,1) , rgba(137,137,137,0)); \/* Standard syntax (must be last) *\/\u00a0\u00bb custom_css_toggle_icon=\u00a0\u00bbposition: fixed;||top:98%;||left: 1%;||||\u00a0\u00bb custom_css_toggle_content=\u00a0\u00bbmargin-top: -40px;||margin-left: 4%;\u00a0\u00bb border_width_all=\u00a0\u00bb0px\u00a0\u00bb border_color_all=\u00a0\u00bb#d9d9d9&Prime; border_style_all=\u00a0\u00bbsolid\u00a0\u00bb use_border_color=\u00a0\u00bbon\u00a0\u00bb border_width=\u00a0\u00bb0px\u00a0\u00bb border_style=\u00a0\u00bbsolid\u00a0\u00bb global_colors_info=\u00a0\u00bb{}\u00a0\u00bb]<\/p>\n<p style=\"text-align: right;\"><span style=\"font-size: 10pt;\">Construit et entretenu <a href=\"https:\/\/www.cybershrimp.com\/heartbeat-website-monitor\/\"><img loading=\"lazy\" decoding=\"async\" class=\"jurlogo pulse\" title=\"Heartbeat Control\" src=\"https:\/\/villadianthe.staticdata.nl\/carbon\/2017\/02\/cybershrimpmini.png\" alt=\"cybershrimpmini\" width=\"16\" height=\"16\" \/><\/a><a title=\"\u03b9\u03c3\u03c4\u03bf\u03c3\u03b5\u03bb\u03af\u03b4\u03b5\u03c2 \u03b3\u03b9\u03b1 \u03c4\u03bf\u03c5\u03c2 \u03b1\u03bd\u03b8\u03c1\u03ce\u03c0\u03bf\u03c5\u03c2\" href=\"https:\/\/www.cybershrimp.fr\/\"> Cyber Shrimp<\/a>\u00a0\u00a9 Droits d&rsquo;auteur 2017 <img loading=\"lazy\" decoding=\"async\" class=\"jurlogo alignnone wp-image-2240 size-full\" src=\"https:\/\/villadianthe.staticdata.nl\/carbon\/2017\/02\/villa-dianthe-mirtos-logo-footer-mini.png\" width=\"19\" height=\"19\" \/> <span style=\"font-family: chopin; color: #a32e24; font-size: 14pt;\"><a style=\"color: #a32e24;\" href=\"https:\/\/villadianthe.com\">Villa Dianthe<\/a><\/span><\/span><\/p>\n<p>[\/et_pb_toggle][\/et_pb_column][\/et_pb_row][\/et_pb_section]<\/p>\n","protected":false},"excerpt":{"rendered":"<p>La plus grande des \u00eeles Grecques, situ\u00e9e le plus au sud de l\u2019Europe La Cr\u00e8te Avec une longueur de 260 kilom\u00e8tres et une largeur de 16 \u00e0 60 kilom\u00e8tres, la Cr\u00e8te est la plus grande \u00eele de la Gr\u00e8ce. Son climat est agr\u00e9able tout au long de l\u2019ann\u00e9e gr\u00e2ce \u00e0 sa situation au sud de [&hellip;]<\/p>\n","protected":false},"author":6,"featured_media":0,"parent":0,"menu_order":0,"comment_status":"closed","ping_status":"closed","template":"","meta":{"_et_pb_use_builder":"on","_et_pb_old_content":"","_et_gb_content_width":"","footnotes":""},"class_list":["post-1643","page","type-page","status-publish","hentry"],"_links":{"self":[{"href":"https:\/\/villadianthe.com\/fr\/wp-json\/wp\/v2\/pages\/1643","targetHints":{"allow":["GET"]}}],"collection":[{"href":"https:\/\/villadianthe.com\/fr\/wp-json\/wp\/v2\/pages"}],"about":[{"href":"https:\/\/villadianthe.com\/fr\/wp-json\/wp\/v2\/types\/page"}],"author":[{"embeddable":true,"href":"https:\/\/villadianthe.com\/fr\/wp-json\/wp\/v2\/users\/6"}],"replies":[{"embeddable":true,"href":"https:\/\/villadianthe.com\/fr\/wp-json\/wp\/v2\/comments?post=1643"}],"version-history":[{"count":0,"href":"https:\/\/villadianthe.com\/fr\/wp-json\/wp\/v2\/pages\/1643\/revisions"}],"wp:attachment":[{"href":"https:\/\/villadianthe.com\/fr\/wp-json\/wp\/v2\/media?parent=1643"}],"curies":[{"name":"wp","href":"https:\/\/api.w.org\/{rel}","templated":true}]}}