{"id":1576,"date":"2017-02-17T10:59:02","date_gmt":"2017-02-17T10:59:02","guid":{"rendered":"https:\/\/villadianthe.com\/bienvenue-a-villa-dianthe\/"},"modified":"2026-04-05T09:27:30","modified_gmt":"2026-04-05T06:27:30","slug":"bienvenue-a-villa-dianthe","status":"publish","type":"page","link":"https:\/\/villadianthe.com\/fr\/","title":{"rendered":"Bienvenue \u00e0 Villa Dianthe"},"content":{"rendered":"<p>[et_pb_section fb_built=\u00a0\u00bb1&Prime; admin_label=\u00a0\u00bbsection\u00a0\u00bb _builder_version=\u00a0\u00bb4.16&Prime; background_color=\u00a0\u00bbrgba(255,255,255,0.5)\u00a0\u00bb custom_margin=\u00a0\u00bb|30px||30px|false|true\u00a0\u00bb custom_margin_tablet=\u00a0\u00bb|30px||30px|false|true\u00a0\u00bb custom_margin_phone=\u00a0\u00bb|0px||0px|false|true\u00a0\u00bb custom_margin_last_edited=\u00a0\u00bbon|phone\u00a0\u00bb border_radii=\u00a0\u00bbon|20px|20px|20px|20px\u00a0\u00bb transparent_background=\u00a0\u00bbon\u00a0\u00bb global_colors_info=\u00a0\u00bb{}\u00a0\u00bb][et_pb_row use_custom_gutter=\u00a0\u00bbon\u00a0\u00bb gutter_width=\u00a0\u00bb1&Prime; _builder_version=\u00a0\u00bb4.16&Prime; background_size=\u00a0\u00bbinitial\u00a0\u00bb background_position=\u00a0\u00bbtop_left\u00a0\u00bb background_repeat=\u00a0\u00bbrepeat\u00a0\u00bb custom_margin=\u00a0\u00bb0px||0px|\u00a0\u00bb custom_padding=\u00a0\u00bb0px||0px|\u00a0\u00bb global_colors_info=\u00a0\u00bb{}\u00a0\u00bb][et_pb_column type=\u00a0\u00bb4_4&Prime; _builder_version=\u00a0\u00bb4.16&Prime; custom_padding=\u00a0\u00bb|||\u00a0\u00bb global_colors_info=\u00a0\u00bb{}\u00a0\u00bb custom_padding__hover=\u00a0\u00bb|||\u00a0\u00bb][et_pb_post_title meta=\u00a0\u00bboff\u00a0\u00bb featured_image=\u00a0\u00bboff\u00a0\u00bb _builder_version=\u00a0\u00bb4.16&Prime; title_font_size=\u00a0\u00bb72px\u00a0\u00bb global_colors_info=\u00a0\u00bb{}\u00a0\u00bb][\/et_pb_post_title][\/et_pb_column][\/et_pb_row][et_pb_row use_custom_gutter=\u00a0\u00bbon\u00a0\u00bb gutter_width=\u00a0\u00bb1&Prime; _builder_version=\u00a0\u00bb4.16&Prime; background_size=\u00a0\u00bbinitial\u00a0\u00bb background_position=\u00a0\u00bbtop_left\u00a0\u00bb background_repeat=\u00a0\u00bbrepeat\u00a0\u00bb custom_margin=\u00a0\u00bb0px||0px|\u00a0\u00bb custom_padding=\u00a0\u00bb0px||0px|\u00a0\u00bb global_colors_info=\u00a0\u00bb{}\u00a0\u00bb][et_pb_column type=\u00a0\u00bb4_4&Prime; _builder_version=\u00a0\u00bb4.16&Prime; custom_padding=\u00a0\u00bb|||\u00a0\u00bb global_colors_info=\u00a0\u00bb{}\u00a0\u00bb custom_padding__hover=\u00a0\u00bb|||\u00a0\u00bb][et_pb_text admin_label=\u00a0\u00bbsubtitle\u00a0\u00bb _builder_version=\u00a0\u00bb4.16&Prime; background_size=\u00a0\u00bbinitial\u00a0\u00bb background_position=\u00a0\u00bbtop_left\u00a0\u00bb background_repeat=\u00a0\u00bbrepeat\u00a0\u00bb global_colors_info=\u00a0\u00bb{}\u00a0\u00bb]<\/p>\n<p><span style=\"font-size: large;\">Situ\u00e9s \u00e0 Mirtos, nos luxueux appartements d\u2019une excellente qualit\u00e9 sont ouverts toute l\u2019ann\u00e9e.<\/span><\/p>\n<p><span style=\"font-size: large;\"><\/span><\/p>\n<p>[\/et_pb_text][et_pb_text _builder_version=\u00a0\u00bb4.16&Prime; z_index_tablet=\u00a0\u00bb500&Prime; text_text_shadow_horizontal_length_tablet=\u00a0\u00bb0px\u00a0\u00bb text_text_shadow_vertical_length_tablet=\u00a0\u00bb0px\u00a0\u00bb text_text_shadow_blur_strength_tablet=\u00a0\u00bb1px\u00a0\u00bb link_text_shadow_horizontal_length_tablet=\u00a0\u00bb0px\u00a0\u00bb link_text_shadow_vertical_length_tablet=\u00a0\u00bb0px\u00a0\u00bb link_text_shadow_blur_strength_tablet=\u00a0\u00bb1px\u00a0\u00bb ul_text_shadow_horizontal_length_tablet=\u00a0\u00bb0px\u00a0\u00bb ul_text_shadow_vertical_length_tablet=\u00a0\u00bb0px\u00a0\u00bb ul_text_shadow_blur_strength_tablet=\u00a0\u00bb1px\u00a0\u00bb ol_text_shadow_horizontal_length_tablet=\u00a0\u00bb0px\u00a0\u00bb ol_text_shadow_vertical_length_tablet=\u00a0\u00bb0px\u00a0\u00bb ol_text_shadow_blur_strength_tablet=\u00a0\u00bb1px\u00a0\u00bb quote_text_shadow_horizontal_length_tablet=\u00a0\u00bb0px\u00a0\u00bb quote_text_shadow_vertical_length_tablet=\u00a0\u00bb0px\u00a0\u00bb quote_text_shadow_blur_strength_tablet=\u00a0\u00bb1px\u00a0\u00bb header_text_shadow_horizontal_length_tablet=\u00a0\u00bb0px\u00a0\u00bb header_text_shadow_vertical_length_tablet=\u00a0\u00bb0px\u00a0\u00bb header_text_shadow_blur_strength_tablet=\u00a0\u00bb1px\u00a0\u00bb header_2_text_shadow_horizontal_length_tablet=\u00a0\u00bb0px\u00a0\u00bb header_2_text_shadow_vertical_length_tablet=\u00a0\u00bb0px\u00a0\u00bb header_2_text_shadow_blur_strength_tablet=\u00a0\u00bb1px\u00a0\u00bb header_3_text_shadow_horizontal_length_tablet=\u00a0\u00bb0px\u00a0\u00bb header_3_text_shadow_vertical_length_tablet=\u00a0\u00bb0px\u00a0\u00bb header_3_text_shadow_blur_strength_tablet=\u00a0\u00bb1px\u00a0\u00bb header_4_text_shadow_horizontal_length_tablet=\u00a0\u00bb0px\u00a0\u00bb header_4_text_shadow_vertical_length_tablet=\u00a0\u00bb0px\u00a0\u00bb header_4_text_shadow_blur_strength_tablet=\u00a0\u00bb1px\u00a0\u00bb header_5_text_shadow_horizontal_length_tablet=\u00a0\u00bb0px\u00a0\u00bb header_5_text_shadow_vertical_length_tablet=\u00a0\u00bb0px\u00a0\u00bb header_5_text_shadow_blur_strength_tablet=\u00a0\u00bb1px\u00a0\u00bb header_6_text_shadow_horizontal_length_tablet=\u00a0\u00bb0px\u00a0\u00bb header_6_text_shadow_vertical_length_tablet=\u00a0\u00bb0px\u00a0\u00bb header_6_text_shadow_blur_strength_tablet=\u00a0\u00bb1px\u00a0\u00bb box_shadow_horizontal_tablet=\u00a0\u00bb0px\u00a0\u00bb box_shadow_vertical_tablet=\u00a0\u00bb0px\u00a0\u00bb box_shadow_blur_tablet=\u00a0\u00bb40px\u00a0\u00bb box_shadow_spread_tablet=\u00a0\u00bb0px\u00a0\u00bb global_colors_info=\u00a0\u00bb{}\u00a0\u00bb]<\/p>\n<p><div class=\"container-lazyload container-vimeo js-lazyload--not-loaded\"><a href=\"https:\/\/vimeo.com\/510312411\" id=\"510312411\" class=\"lazy-load-vimeo preview-lazyload preview-vimeo\" data-video-uri=\"\/videos\/510312411\" data-video-thumbnail=\"https:\/\/i.vimeocdn.com\/video\/1057106185-4de63e995b6cccfa010dbec1404f39226d39618d01550b3e859288eefe844b05-d_960?region=us\" data-video-title=\"Bienvenue \u00e0 Villa Dianthe\" title=\"Play video &quot;Bienvenue \u00e0 Villa Dianthe&quot;\">https:\/\/vimeo.com\/510312411<\/a><noscript>Video can&rsquo;t be loaded because JavaScript is disabled: <a href=\"https:\/\/vimeo.com\/510312411\" title=\"Bienvenue \u00e0 Villa Dianthe\">Bienvenue \u00e0 Villa Dianthe (https:\/\/vimeo.com\/510312411)<\/a><\/noscript><\/div>\n<\/p>\n<p>[\/et_pb_text][\/et_pb_column][\/et_pb_row][et_pb_row column_structure=\u00a0\u00bb3_4,1_4&Prime; use_custom_gutter=\u00a0\u00bbon\u00a0\u00bb gutter_width=\u00a0\u00bb1&Prime; make_equal=\u00a0\u00bbon\u00a0\u00bb admin_label=\u00a0\u00bbrow\u00a0\u00bb _builder_version=\u00a0\u00bb4.27.4&Prime; background_color=\u00a0\u00bbrgba(255,255,255,0.5)\u00a0\u00bb background_size=\u00a0\u00bbinitial\u00a0\u00bb background_position=\u00a0\u00bbtop_left\u00a0\u00bb background_repeat=\u00a0\u00bbrepeat\u00a0\u00bb custom_margin=\u00a0\u00bb0px||0px|\u00a0\u00bb custom_padding=\u00a0\u00bb0px||0px|\u00a0\u00bb make_fullwidth=\u00a0\u00bboff\u00a0\u00bb use_custom_width=\u00a0\u00bboff\u00a0\u00bb width_unit=\u00a0\u00bbon\u00a0\u00bb locked=\u00a0\u00bboff\u00a0\u00bb global_colors_info=\u00a0\u00bb{}\u00a0\u00bb][et_pb_column type=\u00a0\u00bb3_4&Prime; module_class=\u00a0\u00bbboxsetshad\u00a0\u00bb _builder_version=\u00a0\u00bb4.16&Prime; background_color=\u00a0\u00bbrgba(255,255,255,0.45)\u00a0\u00bb custom_padding=\u00a0\u00bb3%|3%|3%|3%\u00a0\u00bb global_colors_info=\u00a0\u00bb{}\u00a0\u00bb custom_padding__hover=\u00a0\u00bb|||\u00a0\u00bb][et_pb_text _builder_version=\u00a0\u00bb4.27.4&Prime; background_size=\u00a0\u00bbinitial\u00a0\u00bb background_position=\u00a0\u00bbtop_left\u00a0\u00bb background_repeat=\u00a0\u00bbrepeat\u00a0\u00bb global_colors_info=\u00a0\u00bb{}\u00a0\u00bb]<\/p>\n<h2>Appartements<\/h2>\n<p class=\"\">Villa Dianthe a \u00e9t\u00e9 construite en 2009 \u00e0 un superbe endroit \u00e0 la lisi\u00e8re du village pittoresque et tranquille de Mirtos au sud est de la Cr\u00e8te. Elle vous offre cinq appartements confortables tr\u00e8s spacieux, quatre appartements de trois pi\u00e8ces et un appartement de quatre pi\u00e8ces. De chaque appartement vous pourrez appr\u00e9cier la vue magnifique sur la nature environnante, la mer et le village. Ces appartements ont chacun leur propre entr\u00e9e et sont dot\u00e9s de tout le confort.<\/p>\n<p><span style=\"color: #a32e24; font-family: chopin; font-size: 42px;\">Luxe<\/span><\/p>\n<p>Chaque appartement a une grande salle de s\u00e9jour, deux chambres (appartement de trois pi\u00e8ces) ou 3 chambres (appartements de quatre pi\u00e8ces), un large balcon face \u00e0 la mer et une salle de bain avec douche, toilettes et lavabo. L\u2019appartement de quatre pi\u00e8ces offre, outre une chambre suppl\u00e9mentaire, une deuxi\u00e8me salle de bain. Toutes les chambres et salle de s\u00e9jour ont l\u2019air conditionn\u00e9. Vous pouvez utiliser \u00e9galement internet et un coffre-fort. L\u2019appartement de trois pi\u00e8ces a une chambre avec un lit de deux personnes et une chambre avec deux lits d\u2019une personne. L\u2019appartement de quatre pi\u00e8ces a une chambre suppl\u00e9mentaire avec deux lits d\u2019une personne. Les lits ont des matelas confortables. La grande salle de s\u00e9jour dispose d\u2019un canap\u00e9 convertible, table pour les repas, t\u00e9l\u00e9vision satellite et une cuisine spacieuse parfaitement \u00e9quip\u00e9e avec entre autre plaques vitroc\u00e9ramiques, four micro-ondes combin\u00e9, lave-vaisselle, hotte aspirante et tout le mat\u00e9riel n\u00e9cessaire pour cuisiner. Une bouilloire et une cafeti\u00e8re \u00e9lectriques, accompagn\u00e9es d\u2019un appareil Senseo ou d\u2019une machine Nespresso, compl\u00e8tent l\u2019ensemble.<\/p>\n<div class=\"jurblokje\">Pour \u00e9viter l&rsquo;utilisation de bouteilles d&rsquo;eau en plastique, nous avons install\u00e9 un syst\u00e8me de filtration d&rsquo;eau. Ainsi, vous pouvez puiser de l&rsquo;eau potable gratuitement.<\/div>\n<h2>Qualit\u00e9 exceptionnelle<\/h2>\n<p>Les appartements de trois pi\u00e8ces sont con\u00e7us pour recevoir 5 \u00e0 6 personnes au maximum, les appartements de quatre pi\u00e8ces peuvent accueillir de 7 \u00e0 8 personnes. Tous les appartements sont d\u2019une qualit\u00e9 exceptionnelle. Villa Dianthe est situ\u00e9e \u00e0 environ 450 m\u00e8tres des magasins, tavernes, le boulevard et la plage, facilement accessibles \u00e0 pied pour tous car il n\u2019y a presque pas de d\u00e9nivellation.<\/p>\n<h2>Hiver \u00e0 Mirtos<\/h2>\n<p>Les appartements sont ouverts toute l\u2019ann\u00e9e. Le doux climat du sud-est de la Cr\u00e8te, la superficie et le confort des appartements rendent en effet un s\u00e9jour parfaitement adapt\u00e9 en hiver. Durant cette p\u00e9riode la population locale est toujours pr\u00e9sente dans le village de Mirtos. Le boulanger, le boucher, chaque sup\u00e9rette et quelques restaurants restent ouverts. Nous avons mentionn\u00e9 les <a href=\"https:\/\/villadianthe.com\/fr\/tarifs\/\">tarifs mensuels<\/a> pour les personnes d\u00e9sirant s\u00e9journer en hiver, pour une p\u00e9riode plus longue : prix sur demande.<br \/>\nPendant un s\u00e9jour en hiver, un tarif mensuel sp\u00e9cial ou un prix sp\u00e9cifiquement convenu s&rsquo;applique. Des conditions diff\u00e9rentes s&rsquo;appliquent \u00e9galement. Veuillez vous r\u00e9f\u00e9rer aux <a href=\"https:\/\/documents.staticdata.nl\/conditions-de-reservation-villa-dianthe-07-03-2024.pdf\" target=\"_blank\" rel=\"noopener\">conditions de r\u00e9servation<\/a> sous \u00ab\u00a0S\u00e9jour d&rsquo;hiver\u00a0\u00bb pour plus d&rsquo;informations.[\/et_pb_text][et_pb_divider show_divider=\u00a0\u00bboff\u00a0\u00bb disabled_on=\u00a0\u00bbon|on|off\u00a0\u00bb _builder_version=\u00a0\u00bb4.16&Prime; height=\u00a0\u00bb30px\u00a0\u00bb global_colors_info=\u00a0\u00bb{}\u00a0\u00bb][\/et_pb_divider][\/et_pb_column][et_pb_column type=\u00a0\u00bb1_4&Prime; module_id=\u00a0\u00bbstickscroll\u00a0\u00bb module_class=\u00a0\u00bbboxsetshad\u00a0\u00bb _builder_version=\u00a0\u00bb4.16&Prime; background_color=\u00a0\u00bbrgba(255,255,255,0.45)\u00a0\u00bb custom_padding=\u00a0\u00bb|||\u00a0\u00bb global_colors_info=\u00a0\u00bb{}\u00a0\u00bb custom_padding__hover=\u00a0\u00bb|||\u00a0\u00bb][et_pb_gallery gallery_ids=\u00a0\u00bb219084,219088,219076,219060,219108,219064,219072,219096,219100,219080,219104,219112,219116,219092,219068&Prime; show_title_and_caption=\u00a0\u00bboff\u00a0\u00bb zoom_icon_color=\u00a0\u00bb#a32e24&Prime; hover_overlay_color=\u00a0\u00bbrgba(246,227,206,0.8)\u00a0\u00bb hover_icon=\u00a0\u00bb&#x31;||divi||400&Prime; _builder_version=\u00a0\u00bb4.24.3&Prime; caption_font=\u00a0\u00bb|on|||\u00a0\u00bb pagination_text_align=\u00a0\u00bbright\u00a0\u00bb pagination_text_color=\u00a0\u00bbrgba(0,0,0,0)\u00a0\u00bb pagination_font_size=\u00a0\u00bb20&Prime; pagination_font_size_tablet=\u00a0\u00bb51&Prime; pagination_line_height_tablet=\u00a0\u00bb2&Prime; locked=\u00a0\u00bboff\u00a0\u00bb global_colors_info=\u00a0\u00bb{}\u00a0\u00bb][\/et_pb_gallery][et_pb_code _builder_version=\u00a0\u00bb4.16&Prime; global_colors_info=\u00a0\u00bb{}\u00a0\u00bb]<\/p>\n<style><!-- [et_pb_line_break_holder] -->li.page { <!-- [et_pb_line_break_holder] -->background-image: url(https:\/\/villadianthe.com\/wp-content\/uploads\/2018\/03\/dot-red.png);<!-- [et_pb_line_break_holder] -->background-repeat: no-repeat;<!-- [et_pb_line_break_holder] --> background-position: 50% 50%;<!-- [et_pb_line_break_holder] -->margin: 6px; <!-- [et_pb_line_break_holder] -->}<!-- [et_pb_line_break_holder] -->li.prev, li.next, a.page-next, a.page-prev {<!-- [et_pb_line_break_holder] -->display: none;<!-- [et_pb_line_break_holder] -->}<!-- [et_pb_line_break_holder] --><\/style>\n<p><!-- [et_pb_line_break_holder] --><!-- [et_pb_line_break_holder] -->[\/et_pb_code][\/et_pb_column][\/et_pb_row][et_pb_row use_custom_gutter=\u00a0\u00bbon\u00a0\u00bb gutter_width=\u00a0\u00bb1&Prime; _builder_version=\u00a0\u00bb4.27.4&Prime; background_color=\u00a0\u00bbrgba(255,255,255,0.5)\u00a0\u00bb background_size=\u00a0\u00bbinitial\u00a0\u00bb background_position=\u00a0\u00bbtop_left\u00a0\u00bb background_repeat=\u00a0\u00bbrepeat\u00a0\u00bb custom_margin=\u00a0\u00bb0px||0px|\u00a0\u00bb custom_padding=\u00a0\u00bb0px||0px|\u00a0\u00bb make_fullwidth=\u00a0\u00bboff\u00a0\u00bb use_custom_width=\u00a0\u00bboff\u00a0\u00bb width_unit=\u00a0\u00bbon\u00a0\u00bb locked=\u00a0\u00bboff\u00a0\u00bb global_colors_info=\u00a0\u00bb{}\u00a0\u00bb][et_pb_column type=\u00a0\u00bb4_4&Prime; _builder_version=\u00a0\u00bb4.16&Prime; background_color=\u00a0\u00bbrgba(255,255,255,0.45)\u00a0\u00bb custom_padding=\u00a0\u00bb3%|3%|3%|3%\u00a0\u00bb global_colors_info=\u00a0\u00bb{}\u00a0\u00bb custom_padding__hover=\u00a0\u00bb|||\u00a0\u00bb][et_pb_text admin_label=\u00a0\u00bbfloor plans\u00a0\u00bb _builder_version=\u00a0\u00bb4.16&Prime; background_size=\u00a0\u00bbinitial\u00a0\u00bb background_position=\u00a0\u00bbtop_left\u00a0\u00bb background_repeat=\u00a0\u00bbrepeat\u00a0\u00bb global_colors_info=\u00a0\u00bb{}\u00a0\u00bb]<\/p>\n<h3>Plans<\/h3>\n<p>[\/et_pb_text][\/et_pb_column][\/et_pb_row][et_pb_row column_structure=\u00a0\u00bb1_3,1_3,1_3&Prime; use_custom_gutter=\u00a0\u00bbon\u00a0\u00bb gutter_width=\u00a0\u00bb1&Prime; make_equal=\u00a0\u00bbon\u00a0\u00bb _builder_version=\u00a0\u00bb4.16&Prime; background_color=\u00a0\u00bb#ffffff\u00a0\u00bb background_size=\u00a0\u00bbinitial\u00a0\u00bb background_position=\u00a0\u00bbtop_left\u00a0\u00bb background_repeat=\u00a0\u00bbrepeat\u00a0\u00bb custom_margin=\u00a0\u00bb0px||0px|\u00a0\u00bb custom_padding=\u00a0\u00bb0px||0px|\u00a0\u00bb make_fullwidth=\u00a0\u00bboff\u00a0\u00bb use_custom_width=\u00a0\u00bboff\u00a0\u00bb width_unit=\u00a0\u00bbon\u00a0\u00bb locked=\u00a0\u00bboff\u00a0\u00bb global_colors_info=\u00a0\u00bb{}\u00a0\u00bb][et_pb_column type=\u00a0\u00bb1_3&Prime; _builder_version=\u00a0\u00bb4.16&Prime; custom_padding=\u00a0\u00bb|||\u00a0\u00bb global_colors_info=\u00a0\u00bb{}\u00a0\u00bb custom_padding__hover=\u00a0\u00bb|||\u00a0\u00bb][et_pb_image src=\u00a0\u00bbhttps:\/\/villadianthe.com\/wp-content\/uploads\/2024\/04\/villadianthe.com-apartment-1-floor-plan.jpg\u00a0\u00bb alt=\u00a0\u00bbFloor plan of apt 1&Prime; title_text=\u00a0\u00bbvilladianthe.com-apartment-1-floor-plan\u00a0\u00bb show_in_lightbox=\u00a0\u00bbon\u00a0\u00bb use_overlay=\u00a0\u00bbon\u00a0\u00bb hover_overlay_color=\u00a0\u00bbrgba(246,227,206,0.8)\u00a0\u00bb hover_icon=\u00a0\u00bb&#x31;||divi||400&Prime; align_tablet=\u00a0\u00bbcenter\u00a0\u00bb align_phone=\u00a0\u00bb\u00a0\u00bb align_last_edited=\u00a0\u00bbon|desktop\u00a0\u00bb _builder_version=\u00a0\u00bb4.24.3&Prime; background_size=\u00a0\u00bbinitial\u00a0\u00bb background_position=\u00a0\u00bbtop_left\u00a0\u00bb background_repeat=\u00a0\u00bbrepeat\u00a0\u00bb use_border_color=\u00a0\u00bboff\u00a0\u00bb border_color=\u00a0\u00bb#ffffff\u00a0\u00bb border_style=\u00a0\u00bbsolid\u00a0\u00bb animation=\u00a0\u00bboff\u00a0\u00bb sticky=\u00a0\u00bboff\u00a0\u00bb always_center_on_mobile=\u00a0\u00bbon\u00a0\u00bb global_colors_info=\u00a0\u00bb{}\u00a0\u00bb][\/et_pb_image][\/et_pb_column][et_pb_column type=\u00a0\u00bb1_3&Prime; _builder_version=\u00a0\u00bb4.16&Prime; custom_padding=\u00a0\u00bb|||\u00a0\u00bb global_colors_info=\u00a0\u00bb{}\u00a0\u00bb custom_padding__hover=\u00a0\u00bb|||\u00a0\u00bb][et_pb_image src=\u00a0\u00bbhttps:\/\/villadianthe.com\/wp-content\/uploads\/2024\/04\/villadianthe.com-apartment-2-floor-plan.jpg\u00a0\u00bb alt=\u00a0\u00bbFloor plan of apt 2 and 4&Prime; title_text=\u00a0\u00bbvilladianthe.com-apartment-2-floor-plan\u00a0\u00bb show_in_lightbox=\u00a0\u00bbon\u00a0\u00bb use_overlay=\u00a0\u00bbon\u00a0\u00bb hover_overlay_color=\u00a0\u00bbrgba(246,227,206,0.8)\u00a0\u00bb hover_icon=\u00a0\u00bb&#x31;||divi||400&Prime; align_tablet=\u00a0\u00bbcenter\u00a0\u00bb align_phone=\u00a0\u00bb\u00a0\u00bb align_last_edited=\u00a0\u00bbon|desktop\u00a0\u00bb _builder_version=\u00a0\u00bb4.24.3&Prime; use_border_color=\u00a0\u00bboff\u00a0\u00bb border_color=\u00a0\u00bb#ffffff\u00a0\u00bb border_style=\u00a0\u00bbsolid\u00a0\u00bb animation=\u00a0\u00bboff\u00a0\u00bb sticky=\u00a0\u00bboff\u00a0\u00bb always_center_on_mobile=\u00a0\u00bbon\u00a0\u00bb global_colors_info=\u00a0\u00bb{}\u00a0\u00bb][\/et_pb_image][\/et_pb_column][et_pb_column type=\u00a0\u00bb1_3&Prime; _builder_version=\u00a0\u00bb4.16&Prime; custom_padding=\u00a0\u00bb|||\u00a0\u00bb global_colors_info=\u00a0\u00bb{}\u00a0\u00bb custom_padding__hover=\u00a0\u00bb|||\u00a0\u00bb][et_pb_image src=\u00a0\u00bbhttps:\/\/villadianthe.com\/wp-content\/uploads\/2024\/04\/villadianthe.com-apartment-3-floor-plan.jpg\u00a0\u00bb alt=\u00a0\u00bbFloor plan of apt 3 and 5&Prime; title_text=\u00a0\u00bbvilladianthe.com-apartment-3-floor-plan\u00a0\u00bb show_in_lightbox=\u00a0\u00bbon\u00a0\u00bb use_overlay=\u00a0\u00bbon\u00a0\u00bb hover_overlay_color=\u00a0\u00bbrgba(246,227,206,0.8)\u00a0\u00bb hover_icon=\u00a0\u00bb&#x31;||divi||400&Prime; align_tablet=\u00a0\u00bbcenter\u00a0\u00bb align_phone=\u00a0\u00bb\u00a0\u00bb align_last_edited=\u00a0\u00bbon|desktop\u00a0\u00bb _builder_version=\u00a0\u00bb4.24.3&Prime; use_border_color=\u00a0\u00bboff\u00a0\u00bb border_color=\u00a0\u00bb#ffffff\u00a0\u00bb border_style=\u00a0\u00bbsolid\u00a0\u00bb animation=\u00a0\u00bboff\u00a0\u00bb sticky=\u00a0\u00bboff\u00a0\u00bb always_center_on_mobile=\u00a0\u00bbon\u00a0\u00bb global_colors_info=\u00a0\u00bb{}\u00a0\u00bb][\/et_pb_image][\/et_pb_column][\/et_pb_row][et_pb_row column_structure=\u00a0\u00bb2_3,1_3&Prime; disabled_on=\u00a0\u00bboff|off|off\u00a0\u00bb module_class=\u00a0\u00bbpopuprowpromo\u00a0\u00bb _builder_version=\u00a0\u00bb4.27.4&Prime; background_size=\u00a0\u00bbinitial\u00a0\u00bb background_position=\u00a0\u00bbtop_left\u00a0\u00bb background_repeat=\u00a0\u00bbrepeat\u00a0\u00bb custom_margin=\u00a0\u00bb0px||0px|\u00a0\u00bb custom_padding=\u00a0\u00bb0px||0px|\u00a0\u00bb locked=\u00a0\u00bboff\u00a0\u00bb global_colors_info=\u00a0\u00bb{}\u00a0\u00bb][et_pb_column type=\u00a0\u00bb2_3&Prime; _builder_version=\u00a0\u00bb4.16&Prime; background_position=\u00a0\u00bbtop_left\u00a0\u00bb custom_padding=\u00a0\u00bb|||\u00a0\u00bb global_colors_info=\u00a0\u00bb{}\u00a0\u00bb custom_padding__hover=\u00a0\u00bb|||\u00a0\u00bb][et_pb_code _builder_version=\u00a0\u00bb4.16&Prime; custom_css_main_element=\u00a0\u00bbdisplay: none;\u00a0\u00bb global_colors_info=\u00a0\u00bb{}\u00a0\u00bb]<\/p>\n<style><!-- [et_pb_line_break_holder] -->.poppie.et_pb_toggle_close .et_pb_toggle_title:before, .poppie.et_pb_toggle_close {<!-- [et_pb_line_break_holder] -->display: none;<!-- [et_pb_line_break_holder] -->}<!-- [et_pb_line_break_holder] --><\/style>\n<p>[\/et_pb_code][et_pb_toggle title=\u00a0\u00bbDerni\u00e8re minute\u00a0\u00bb open=\u00a0\u00bbon\u00a0\u00bb open_toggle_text_color=\u00a0\u00bb#ae4439&Prime; open_toggle_background_color=\u00a0\u00bbrgba(255,255,255,0.96)\u00a0\u00bb icon_color=\u00a0\u00bb#ae4439&Prime; open_icon_color=\u00a0\u00bb#ae4439&Prime; open_toggle_icon=\u00a0\u00bb&#x51;||divi||400&Prime; module_class=\u00a0\u00bbpoppie\u00a0\u00bb _builder_version=\u00a0\u00bb4.27.6&Prime; title_font=\u00a0\u00bb|700|||||||\u00a0\u00bb title_font_size=\u00a0\u00bb24px\u00a0\u00bb animation_style=\u00a0\u00bbslide\u00a0\u00bb animation_direction=\u00a0\u00bbleft\u00a0\u00bb hover_transition_duration=\u00a0\u00bb1000ms\u00a0\u00bb hover_transition_delay=\u00a0\u00bb150ms\u00a0\u00bb hover_transition_speed_curve=\u00a0\u00bbease-in\u00a0\u00bb custom_css_main_element=\u00a0\u00bbposition: fixed;||right: 4%;||top: 20%;||max-width:60%;||z-index: 199999;\u00a0\u00bb border_radii=\u00a0\u00bbon|10px|10px|10px|10px\u00a0\u00bb border_width_all=\u00a0\u00bb10px\u00a0\u00bb border_color_all=\u00a0\u00bb#FFFFFF\u00a0\u00bb border_style_all=\u00a0\u00bbdashed\u00a0\u00bb box_shadow_style=\u00a0\u00bbpreset1&Prime; locked=\u00a0\u00bboff\u00a0\u00bb global_colors_info=\u00a0\u00bb{}\u00a0\u00bb]Il reste encore quelques courtes p\u00e9riodes que nous aimerions louer \u00e0 prix r\u00e9duit :<br \/>\n\n<table id=\"tablepress-1\" class=\"tablepress tablepress-id-1\">\n<tbody class=\"row-hover\">\n<tr class=\"row-1\">\n\t<td class=\"column-1\">27\/04 - 04\/05<\/td>\n<\/tr>\n<tr class=\"row-2\">\n\t<td class=\"column-1\">30\/04 - 10\/05<\/td>\n<\/tr>\n<tr class=\"row-3\">\n\t<td class=\"column-1\">04\/05 - 07\/05<\/td>\n<\/tr>\n<tr class=\"row-4\">\n\t<td class=\"column-1\">13\/05 - 17\/05<\/td>\n<\/tr>\n<tr class=\"row-5\">\n\t<td class=\"column-1\">27\/05 - 03\/06<\/td>\n<\/tr>\n<\/tbody>\n<\/table>\n<!-- #tablepress-1 from cache -->Si vous \u00eates int\u00e9ress\u00e9, n&rsquo;h\u00e9sitez pas \u00e0 nous le faire savoir et nous vous ferons une belle offre.[\/et_pb_toggle][\/et_pb_column][et_pb_column type=\u00a0\u00bb1_3&Prime; _builder_version=\u00a0\u00bb4.16&Prime; custom_padding=\u00a0\u00bb|||\u00a0\u00bb global_colors_info=\u00a0\u00bb{}\u00a0\u00bb custom_padding__hover=\u00a0\u00bb|||\u00a0\u00bb][\/et_pb_column][\/et_pb_row][\/et_pb_section]<\/p>\n","protected":false},"excerpt":{"rendered":"<p>Appartements luxueux de qualit\u00e9 exceptionnelle \u00e0 Mirtos, au sud de Cr\u00e8te, qui sont ouverts toute l\u2019ann\u00e9e. Parfaitement adapt\u00e9 en hiver !<\/p>\n","protected":false},"author":6,"featured_media":0,"parent":0,"menu_order":0,"comment_status":"closed","ping_status":"closed","template":"","meta":{"_et_pb_use_builder":"on","_et_pb_old_content":"","_et_gb_content_width":"","footnotes":""},"class_list":["post-1576","page","type-page","status-publish","hentry"],"_links":{"self":[{"href":"https:\/\/villadianthe.com\/fr\/wp-json\/wp\/v2\/pages\/1576","targetHints":{"allow":["GET"]}}],"collection":[{"href":"https:\/\/villadianthe.com\/fr\/wp-json\/wp\/v2\/pages"}],"about":[{"href":"https:\/\/villadianthe.com\/fr\/wp-json\/wp\/v2\/types\/page"}],"author":[{"embeddable":true,"href":"https:\/\/villadianthe.com\/fr\/wp-json\/wp\/v2\/users\/6"}],"replies":[{"embeddable":true,"href":"https:\/\/villadianthe.com\/fr\/wp-json\/wp\/v2\/comments?post=1576"}],"version-history":[{"count":7,"href":"https:\/\/villadianthe.com\/fr\/wp-json\/wp\/v2\/pages\/1576\/revisions"}],"predecessor-version":[{"id":219873,"href":"https:\/\/villadianthe.com\/fr\/wp-json\/wp\/v2\/pages\/1576\/revisions\/219873"}],"wp:attachment":[{"href":"https:\/\/villadianthe.com\/fr\/wp-json\/wp\/v2\/media?parent=1576"}],"curies":[{"name":"wp","href":"https:\/\/api.w.org\/{rel}","templated":true}]}}