{"id":2118,"date":"2017-02-22T22:39:48","date_gmt":"2017-02-22T22:39:48","guid":{"rendered":"https:\/\/villadianthe.com\/contact-us-now\/"},"modified":"2025-10-06T17:19:03","modified_gmt":"2025-10-06T14:19:03","slug":"kontaktieren-sie-uns","status":"publish","type":"page","link":"https:\/\/villadianthe.com\/de\/kontaktieren-sie-uns\/","title":{"rendered":"Kontaktieren Sie uns"},"content":{"rendered":"<p>[et_pb_section fb_built=&#8220;1&#8243; admin_label=&#8220;section&#8220; _builder_version=&#8220;4.16&#8243; transparent_background=&#8220;on&#8220; make_fullwidth=&#8220;off&#8220; use_custom_width=&#8220;off&#8220; width_unit=&#8220;on&#8220; global_colors_info=&#8220;{}&#8220; background_color=&#8220;rgba(255,255,255,0.5)&#8220; custom_margin=&#8220;|30px||30px|false|true&#8220; custom_margin_phone=&#8220;|0px||0px|false|true&#8220; custom_margin_last_edited=&#8220;on|phone&#8220; border_radii=&#8220;on|20px|20px|20px|20px&#8220; custom_margin_tablet=&#8220;|30px||30px|false|true&#8220;][et_pb_row admin_label=&#8220;Row&#8220; _builder_version=&#8220;4.16&#8243; background_size=&#8220;initial&#8220; background_position=&#8220;top_left&#8220; background_repeat=&#8220;repeat&#8220; make_fullwidth=&#8220;off&#8220; use_custom_width=&#8220;off&#8220; width_unit=&#8220;on&#8220; global_colors_info=&#8220;{}&#8220;][et_pb_column type=&#8220;4_4&#8243; _builder_version=&#8220;4.16&#8243; custom_padding=&#8220;|||&#8220; global_colors_info=&#8220;{}&#8220; custom_padding__hover=&#8220;|||&#8220;][et_pb_post_title meta=&#8220;off&#8220; featured_image=&#8220;off&#8220; admin_label=&#8220;Post Title&#8220; _builder_version=&#8220;4.16&#8243; title_font_size=&#8220;72px&#8220; parallax=&#8220;on&#8220; parallax_method=&#8220;off&#8220; parallax_effect=&#8220;on&#8220; use_border_color=&#8220;off&#8220; border_color=&#8220;#ffffff&#8220; border_style=&#8220;solid&#8220; global_colors_info=&#8220;{}&#8220;][\/et_pb_post_title][\/et_pb_column][\/et_pb_row][et_pb_row admin_label=&#8220;Row&#8220; _builder_version=&#8220;4.16&#8243; background_size=&#8220;initial&#8220; background_position=&#8220;top_left&#8220; background_repeat=&#8220;repeat&#8220; make_fullwidth=&#8220;off&#8220; use_custom_width=&#8220;off&#8220; width_unit=&#8220;on&#8220; global_colors_info=&#8220;{}&#8220;][et_pb_column type=&#8220;4_4&#8243; _builder_version=&#8220;4.16&#8243; custom_padding=&#8220;|||&#8220; global_colors_info=&#8220;{}&#8220; custom_padding__hover=&#8220;|||&#8220;][et_pb_text admin_label=&#8220;subtitle&#8220; _builder_version=&#8220;4.16&#8243; background_size=&#8220;initial&#8220; background_position=&#8220;top_left&#8220; background_repeat=&#8220;repeat&#8220; use_border_color=&#8220;off&#8220; border_color=&#8220;#ffffff&#8220; border_style=&#8220;solid&#8220; global_colors_info=&#8220;{}&#8220;]<span style=\"font-size: 14pt;\">F\u00fcr mehrere Informationen k\u00f6nnen Sie Kontakt mit uns aufnehmen.<br \/>\nWir werden uns so schnell wie m\u00f6glich bei Ihnen melden!<\/span><br \/>\n[\/et_pb_text][et_pb_image src=&#8220;https:\/\/villadianthe.com\/wp-content\/uploads\/2017\/02\/villa-dianthe-contactpage-header-image-1080.jpg&#8220; align=&#8220;center&#8220; align_tablet=&#8220;center&#8220; align_phone=&#8220;&#8220; align_last_edited=&#8220;on|desktop&#8220; admin_label=&#8220;Image&#8220; _builder_version=&#8220;4.16&#8243; use_border_color=&#8220;off&#8220; border_color=&#8220;#ffffff&#8220; border_style=&#8220;solid&#8220; animation=&#8220;off&#8220; sticky=&#8220;off&#8220; always_center_on_mobile=&#8220;on&#8220; global_colors_info=&#8220;{}&#8220;][\/et_pb_image][\/et_pb_column][\/et_pb_row][et_pb_row admin_label=&#8220;Row&#8220; _builder_version=&#8220;4.16&#8243; background_size=&#8220;initial&#8220; background_position=&#8220;top_left&#8220; background_repeat=&#8220;repeat&#8220; global_colors_info=&#8220;{}&#8220;][et_pb_column type=&#8220;4_4&#8243; _builder_version=&#8220;4.16&#8243; custom_padding=&#8220;|||&#8220; global_colors_info=&#8220;{}&#8220; custom_padding__hover=&#8220;|||&#8220;][et_pb_text admin_label=&#8220;Text&#8220; _builder_version=&#8220;4.16&#8243; background_size=&#8220;initial&#8220; background_position=&#8220;top_left&#8220; background_repeat=&#8220;repeat&#8220; use_border_color=&#8220;off&#8220; border_color=&#8220;#ffffff&#8220; border_style=&#8220;solid&#8220; global_colors_info=&#8220;{}&#8220;]<div class=\"caldera-grid\" id=\"caldera_form_1\" data-cf-ver=\"1.9.7\" data-cf-form-id=\"CF58b0a78b726d6\"><div id=\"caldera_notices_1\" data-spinner=\"https:\/\/villadianthe.com\/wp-admin\/images\/spinner.gif\"><\/div><form data-instance=\"1\" class=\"CF58b0a78b726d6 caldera_forms_form cfajax-trigger\" method=\"POST\" enctype=\"multipart\/form-data\" id=\"CF58b0a78b726d6_1\" data-form-id=\"CF58b0a78b726d6\" aria-label=\"Kontaktformular\" data-target=\"#caldera_notices_1\" data-template=\"#cfajax_CF58b0a78b726d6-tmpl\" data-cfajax=\"CF58b0a78b726d6\" data-load-element=\"_parent\" data-load-class=\"cf_processing\" data-post-disable=\"0\" data-action=\"cf_process_ajax_submit\" data-request=\"https:\/\/villadianthe.com\/de\/\/cf-api\/CF58b0a78b726d6\" data-hiderows=\"true\">\r\n<input type=\"hidden\" id=\"_cf_verify_CF58b0a78b726d6\" name=\"_cf_verify\" value=\"656f1aee1d\"  data-nonce-time=\"1777217169\" \/><input type=\"hidden\" name=\"_wp_http_referer\" value=\"\/de\/wp-json\/wp\/v2\/pages\/2118\" \/><div id=\"cf2-CF58b0a78b726d6_1\"><\/div><input type=\"hidden\" name=\"_cf_frm_id\" value=\"CF58b0a78b726d6\">\r\n<input type=\"hidden\" name=\"_cf_frm_ct\" value=\"1\">\r\n<input type=\"hidden\" name=\"cfajax\" value=\"CF58b0a78b726d6\">\r\n<input type=\"hidden\" name=\"_cf_cr_pst\" value=\"2118\">\r\n<div class=\"hide\" style=\"display:none; overflow:hidden;height:0;width:0;\">\r\n<label>Web Site<\/label><input type=\"text\" name=\"web_site\" value=\"\" autocomplete=\"off\">\r\n<\/div><div id=\"CF58b0a78b726d6_1-row-1\"  class=\"row  first_row\"><div  class=\"col-sm-12  single\"><div class=\"\"><h2>Ihre Angaben<\/h2>\n<p>Wie k\u00f6nnen wir Sie erreichen?<\/p>\n<hr>\n<\/div><\/div><\/div><div id=\"CF58b0a78b726d6_1-row-2\"  class=\"row \"><div  class=\"col-sm-4  first_col\"><div data-field-wrapper=\"fld_8768091\" class=\"form-group\" id=\"fld_8768091_1-wrap\">\r\n\t<label id=\"fld_8768091Label\" for=\"fld_8768091_1\" class=\"control-label\">Vorname <span aria-hidden=\"true\" role=\"presentation\" class=\"field_required\" style=\"color:#ee0000;\">*<\/span><\/label>\r\n\t<div class=\"\">\r\n\t\t<input   required type=\"text\" data-field=\"fld_8768091\" class=\" form-control\" id=\"fld_8768091_1\" name=\"fld_8768091\" value=\"\" data-type=\"text\" aria-required=\"true\"   aria-labelledby=\"fld_8768091Label\" >\t\t\t<\/div>\r\n<\/div>\r\n<\/div><div  class=\"col-sm-4 \"><div data-field-wrapper=\"fld_9970286\" class=\"form-group\" id=\"fld_9970286_1-wrap\">\r\n\t<label id=\"fld_9970286Label\" for=\"fld_9970286_1\" class=\"control-label\">Nachname <span aria-hidden=\"true\" role=\"presentation\" class=\"field_required\" style=\"color:#ee0000;\">*<\/span><\/label>\r\n\t<div class=\"\">\r\n\t\t<input   required type=\"text\" data-field=\"fld_9970286\" class=\" form-control\" id=\"fld_9970286_1\" name=\"fld_9970286\" value=\"\" data-type=\"text\" aria-required=\"true\"   aria-labelledby=\"fld_9970286Label\" >\t\t\t<\/div>\r\n<\/div>\r\n<\/div><div  class=\"col-sm-4  last_col\"><div data-field-wrapper=\"fld_6009157\" class=\"form-group\" id=\"fld_6009157_1-wrap\">\r\n\t<label id=\"fld_6009157Label\" for=\"fld_6009157_1\" class=\"control-label\">E-Mail-Addresse <span aria-hidden=\"true\" role=\"presentation\" class=\"field_required\" style=\"color:#ee0000;\">*<\/span><\/label>\r\n\t<div class=\"\">\r\n\t\t<input   required type=\"email\" data-field=\"fld_6009157\" class=\" form-control\" id=\"fld_6009157_1\" name=\"fld_6009157\" value=\"\" data-type=\"email\" aria-required=\"true\"   aria-labelledby=\"fld_6009157Label\" >\t\t\t<\/div>\r\n<\/div>\r\n<hr id=\"fld_3254192_1\" class=\"\" style=\"width: 100%\" \/><\/div><\/div><div id=\"CF58b0a78b726d6_1-row-3\"  class=\"row \"><div  class=\"col-sm-4  first_col\"><div data-field-wrapper=\"fld_5315264\" class=\"form-group\" id=\"fld_5315264_1-wrap\">\r\n\t<label id=\"fld_5315264Label\" for=\"fld_5315264_1\" class=\"control-label\">Handynummer <span aria-hidden=\"true\" role=\"presentation\" class=\"field_required\" style=\"color:#ee0000;\">*<\/span><\/label>\r\n\t<div class=\"\">\r\n\t\t<input   required type=\"tel\" data-field=\"fld_5315264\" class=\" form-control\" id=\"fld_5315264_1\" name=\"fld_5315264\" value=\"+49\" data-type=\"phone_better\" aria-required=\"true\"   aria-labelledby=\"fld_5315264Label\" >\t\t\t<\/div>\r\n<\/div>\r\n<div class=\"\"><h2>Wie k\u00f6nnen wir Ihnen helfen?<\/h2>\n<p>F\u00fchlen Sie sich frei, eine Frage zu stellen oder hinterlassen Sie einfach einen Kommentar.<\/p>\n<\/div><\/div><div  class=\"col-sm-4 \"><div class=\"\"><p><img loading=\"lazy\" decoding=\"async\" src=\"https:\/\/villadianthe.com\/DIANTHE-CONTACT.jpg\" alt=\"Gaby & Noud\" width=\"403\" height=\"302\"\/><\/p>\n<\/div><\/div><div  class=\"col-sm-4  last_col\"><div class=\"\"><h3>Villa Dianthe<\/h3>\n<p>Gabri\u00ebla und Noud<\/p>\n<\/p>\n<p>72056 Mirtos<\/p>\n<\/p>\n<p>Ierapetra Kreta<\/p>\n<\/p>\n<p>Griechenland<\/p>\n<\/div><\/div><\/div><div id=\"CF58b0a78b726d6_1-row-4\"  class=\"row \"><div  class=\"col-sm-12  single\"><hr id=\"fld_4321343_1\" class=\"\" style=\"width: 100%\" \/><div data-field-wrapper=\"fld_7683514\" class=\"form-group\" id=\"fld_7683514_1-wrap\">\r\n\t<label id=\"fld_7683514Label\" for=\"fld_7683514_1\" class=\"control-label screen-reader-text sr-only\">Kommentare \/ Fragen<\/label>\r\n\t<div class=\"\">\r\n\t\t<textarea name=\"fld_7683514\" value=\"Liebe Gabi und Noud,\" data-field=\"fld_7683514\" class=\"form-control\" id=\"fld_7683514_1\" rows=\"7\" default=\"Liebe Gabi und Noud,\"  required=\"required\"  aria-labelledby=\"fld_7683514Label\" >Liebe Gabi und Noud,<\/textarea>\n\t\t\t<\/div>\r\n<\/div>\r\n<\/div><\/div><div id=\"CF58b0a78b726d6_1-row-5\"  class=\"row  last_row\"><div  class=\"col-sm-6  first_col\"><hr id=\"fld_6954696_1\" class=\"\" style=\"width: 100%\" \/><div data-field-wrapper=\"fld_7908577\" class=\"form-group\" id=\"fld_7908577_1-wrap\">\r\n<div class=\"\">\r\n\t<input  class=\"btn btn-default\" type=\"submit\" name=\"fld_7908577\" id=\"fld_7908577_1\" value=\"Senden\" data-field=\"fld_7908577\"  >\n<\/div>\r\n<\/div>\r\n\t<input class=\"button_trigger_1\" type=\"hidden\" name=\"fld_7908577\" id=\"fld_7908577_1_btn\" value=\"\" data-field=\"fld_7908577\"  \/>\n<hr id=\"fld_450679_1\" class=\"\" style=\"width: 100%\" \/><\/div><div  class=\"col-sm-6  last_col\"><\/div><\/div><\/form>\r\n<\/div>\r\n<br \/>\n[\/et_pb_text][et_pb_text admin_label=&#8220;dianthemapsat&#8220; _builder_version=&#8220;4.16&#8243; locked=&#8220;off&#8220; global_colors_info=&#8220;{}&#8220;]<iframe loading=\"lazy\" src=\"https:\/\/www.google.com\/maps\/embed?pb=!1m14!1m8!1m3!1d7548.685520786118!2d25.580982!3d35.007291!3m2!1i1024!2i768!4f13.1!3m3!1m2!1s0x0%3A0x3bbcd3fc4dd02a68!2sVilla%20Dianthe!5e1!3m2!1sde!2sus!4v1570357941160!5m2!1sde!2sus\" width=\"1200\" height=\"500\" frameborder=\"0\" style=\"border:0;\" allowfullscreen=\"\"><\/iframe>[\/et_pb_text][\/et_pb_column][\/et_pb_row][\/et_pb_section]<\/p>\n","protected":false},"excerpt":{"rendered":"<p>F\u00fcr mehrere Informationen k\u00f6nnen Sie Kontakt mit uns aufnehmen. Wir werden uns so schnell wie m\u00f6glich bei Ihnen melden! <div class=\"caldera-grid\" id=\"caldera_form_2\" data-cf-ver=\"1.9.7\" data-cf-form-id=\"CF58b0a78b726d6\"><div id=\"caldera_notices_2\" data-spinner=\"https:\/\/villadianthe.com\/wp-admin\/images\/spinner.gif\"><\/div><form data-instance=\"2\" class=\"CF58b0a78b726d6 caldera_forms_form cfajax-trigger\" method=\"POST\" enctype=\"multipart\/form-data\" id=\"CF58b0a78b726d6_2\" data-form-id=\"CF58b0a78b726d6\" aria-label=\"Kontaktformular\" data-target=\"#caldera_notices_2\" data-template=\"#cfajax_CF58b0a78b726d6-tmpl\" data-cfajax=\"CF58b0a78b726d6\" data-load-element=\"_parent\" data-load-class=\"cf_processing\" data-post-disable=\"0\" data-action=\"cf_process_ajax_submit\" data-request=\"https:\/\/villadianthe.com\/de\/\/cf-api\/CF58b0a78b726d6\" data-hiderows=\"true\">\r\n<input type=\"hidden\" id=\"_cf_verify_CF58b0a78b726d6\" name=\"_cf_verify\" value=\"656f1aee1d\"  data-nonce-time=\"1777217169\" \/><input type=\"hidden\" name=\"_wp_http_referer\" value=\"\/de\/wp-json\/wp\/v2\/pages\/2118\" \/><div id=\"cf2-CF58b0a78b726d6_2\"><\/div><input type=\"hidden\" name=\"_cf_frm_id\" value=\"CF58b0a78b726d6\">\r\n<input type=\"hidden\" name=\"_cf_frm_ct\" value=\"2\">\r\n<input type=\"hidden\" name=\"cfajax\" value=\"CF58b0a78b726d6\">\r\n<input type=\"hidden\" name=\"_cf_cr_pst\" value=\"2118\">\r\n<div class=\"hide\" style=\"display:none; overflow:hidden;height:0;width:0;\">\r\n<label>Web Site<\/label><input type=\"text\" name=\"web_site\" value=\"\" autocomplete=\"off\">\r\n<\/div><div id=\"CF58b0a78b726d6_2-row-1\"  class=\"row  first_row\"><div  class=\"col-sm-12  single\"><div class=\"\"><h2>Ihre Angaben<\/h2>\n<p>Wie k\u00f6nnen wir Sie erreichen?<\/p>\n<hr>\n<\/div><\/div><\/div><div id=\"CF58b0a78b726d6_2-row-2\"  class=\"row \"><div  class=\"col-sm-4  first_col\"><div data-field-wrapper=\"fld_8768091\" class=\"form-group\" id=\"fld_8768091_2-wrap\">\r\n\t<label id=\"fld_8768091Label\" for=\"fld_8768091_2\" class=\"control-label\">Vorname <span aria-hidden=\"true\" role=\"presentation\" class=\"field_required\" style=\"color:#ee0000;\">*<\/span><\/label>\r\n\t<div class=\"\">\r\n\t\t<input   required type=\"text\" data-field=\"fld_8768091\" class=\" form-control\" id=\"fld_8768091_2\" name=\"fld_8768091\" value=\"\" data-type=\"text\" aria-required=\"true\"   aria-labelledby=\"fld_8768091Label\" >\t\t\t<\/div>\r\n<\/div>\r\n<\/div><div  class=\"col-sm-4 \"><div data-field-wrapper=\"fld_9970286\" class=\"form-group\" id=\"fld_9970286_2-wrap\">\r\n\t<label id=\"fld_9970286Label\" for=\"fld_9970286_2\" class=\"control-label\">Nachname <span aria-hidden=\"true\" role=\"presentation\" class=\"field_required\" style=\"color:#ee0000;\">*<\/span><\/label>\r\n\t<div class=\"\">\r\n\t\t<input   required type=\"text\" data-field=\"fld_9970286\" class=\" form-control\" id=\"fld_9970286_2\" name=\"fld_9970286\" value=\"\" data-type=\"text\" aria-required=\"true\"   aria-labelledby=\"fld_9970286Label\" >\t\t\t<\/div>\r\n<\/div>\r\n<\/div><div  class=\"col-sm-4  last_col\"><div data-field-wrapper=\"fld_6009157\" class=\"form-group\" id=\"fld_6009157_2-wrap\">\r\n\t<label id=\"fld_6009157Label\" for=\"fld_6009157_2\" class=\"control-label\">E-Mail-Addresse <span aria-hidden=\"true\" role=\"presentation\" class=\"field_required\" style=\"color:#ee0000;\">*<\/span><\/label>\r\n\t<div class=\"\">\r\n\t\t<input   required type=\"email\" data-field=\"fld_6009157\" class=\" form-control\" id=\"fld_6009157_2\" name=\"fld_6009157\" value=\"\" data-type=\"email\" aria-required=\"true\"   aria-labelledby=\"fld_6009157Label\" >\t\t\t<\/div>\r\n<\/div>\r\n<hr id=\"fld_3254192_2\" class=\"\" style=\"width: 100%\" \/><\/div><\/div><div id=\"CF58b0a78b726d6_2-row-3\"  class=\"row \"><div  class=\"col-sm-4  first_col\"><div data-field-wrapper=\"fld_5315264\" class=\"form-group\" id=\"fld_5315264_2-wrap\">\r\n\t<label id=\"fld_5315264Label\" for=\"fld_5315264_2\" class=\"control-label\">Handynummer <span aria-hidden=\"true\" role=\"presentation\" class=\"field_required\" style=\"color:#ee0000;\">*<\/span><\/label>\r\n\t<div class=\"\">\r\n\t\t<input   required type=\"tel\" data-field=\"fld_5315264\" class=\" form-control\" id=\"fld_5315264_2\" name=\"fld_5315264\" value=\"+49\" data-type=\"phone_better\" aria-required=\"true\"   aria-labelledby=\"fld_5315264Label\" >\t\t\t<\/div>\r\n<\/div>\r\n<div class=\"\"><h2>Wie k\u00f6nnen wir Ihnen helfen?<\/h2>\n<p>F\u00fchlen Sie sich frei, eine Frage zu stellen oder hinterlassen Sie einfach einen Kommentar.<\/p>\n<\/div><\/div><div  class=\"col-sm-4 \"><div class=\"\"><p><img loading=\"lazy\" decoding=\"async\" src=\"https:\/\/villadianthe.com\/DIANTHE-CONTACT.jpg\" alt=\"Gaby & Noud\" width=\"403\" height=\"302\"\/><\/p>\n<\/div><\/div><div  class=\"col-sm-4  last_col\"><div class=\"\"><h3>Villa Dianthe<\/h3>\n<p>Gabri\u00ebla und Noud<\/p>\n<\/p>\n<p>72056 Mirtos<\/p>\n<\/p>\n<p>Ierapetra Kreta<\/p>\n<\/p>\n<p>Griechenland<\/p>\n<\/div><\/div><\/div><div id=\"CF58b0a78b726d6_2-row-4\"  class=\"row \"><div  class=\"col-sm-12  single\"><hr id=\"fld_4321343_2\" class=\"\" style=\"width: 100%\" \/><div data-field-wrapper=\"fld_7683514\" class=\"form-group\" id=\"fld_7683514_2-wrap\">\r\n\t<label id=\"fld_7683514Label\" for=\"fld_7683514_2\" class=\"control-label screen-reader-text sr-only\">Kommentare \/ Fragen<\/label>\r\n\t<div class=\"\">\r\n\t\t<textarea name=\"fld_7683514\" value=\"Liebe Gabi und Noud,\" data-field=\"fld_7683514\" class=\"form-control\" id=\"fld_7683514_2\" rows=\"7\" default=\"Liebe Gabi und Noud,\"  required=\"required\"  aria-labelledby=\"fld_7683514Label\" >Liebe Gabi und Noud,<\/textarea>\n\t\t\t<\/div>\r\n<\/div>\r\n<\/div><\/div><div id=\"CF58b0a78b726d6_2-row-5\"  class=\"row  last_row\"><div  class=\"col-sm-6  first_col\"><hr id=\"fld_6954696_2\" class=\"\" style=\"width: 100%\" \/><div data-field-wrapper=\"fld_7908577\" class=\"form-group\" id=\"fld_7908577_2-wrap\">\r\n<div class=\"\">\r\n\t<input  class=\"btn btn-default\" type=\"submit\" name=\"fld_7908577\" id=\"fld_7908577_2\" value=\"Senden\" data-field=\"fld_7908577\"  >\n<\/div>\r\n<\/div>\r\n\t<input class=\"button_trigger_2\" type=\"hidden\" name=\"fld_7908577\" id=\"fld_7908577_2_btn\" value=\"\" data-field=\"fld_7908577\"  \/>\n<hr id=\"fld_450679_2\" class=\"\" style=\"width: 100%\" \/><\/div><div  class=\"col-sm-6  last_col\"><\/div><\/div><\/form>\r\n<\/div>\r\n<\/p>\n","protected":false},"author":6,"featured_media":0,"parent":0,"menu_order":0,"comment_status":"closed","ping_status":"closed","template":"","meta":{"_et_pb_use_builder":"on","_et_pb_old_content":"","_et_gb_content_width":"","footnotes":""},"class_list":["post-2118","page","type-page","status-publish","hentry"],"_links":{"self":[{"href":"https:\/\/villadianthe.com\/de\/wp-json\/wp\/v2\/pages\/2118","targetHints":{"allow":["GET"]}}],"collection":[{"href":"https:\/\/villadianthe.com\/de\/wp-json\/wp\/v2\/pages"}],"about":[{"href":"https:\/\/villadianthe.com\/de\/wp-json\/wp\/v2\/types\/page"}],"author":[{"embeddable":true,"href":"https:\/\/villadianthe.com\/de\/wp-json\/wp\/v2\/users\/6"}],"replies":[{"embeddable":true,"href":"https:\/\/villadianthe.com\/de\/wp-json\/wp\/v2\/comments?post=2118"}],"version-history":[{"count":0,"href":"https:\/\/villadianthe.com\/de\/wp-json\/wp\/v2\/pages\/2118\/revisions"}],"wp:attachment":[{"href":"https:\/\/villadianthe.com\/de\/wp-json\/wp\/v2\/media?parent=2118"}],"curies":[{"name":"wp","href":"https:\/\/api.w.org\/{rel}","templated":true}]}}