{"id":2097,"date":"2017-02-22T18:36:30","date_gmt":"2017-02-22T18:36:30","guid":{"rendered":"https:\/\/villadianthe.com\/book-now\/"},"modified":"2025-10-06T17:17:25","modified_gmt":"2025-10-06T14:17:25","slug":"reservierung","status":"publish","type":"page","link":"https:\/\/villadianthe.com\/de\/reservierung\/","title":{"rendered":"Reservierung"},"content":{"rendered":"<p>[et_pb_section fb_built=&#8220;1&#8243; admin_label=&#8220;section&#8220; _builder_version=&#8220;4.16&#8243; transparent_background=&#8220;on&#8220; make_fullwidth=&#8220;off&#8220; use_custom_width=&#8220;off&#8220; width_unit=&#8220;on&#8220; global_colors_info=&#8220;{}&#8220; background_color=&#8220;rgba(255,255,255,0.5)&#8220; custom_margin=&#8220;|30px||30px|false|true&#8220; custom_margin_phone=&#8220;|0px||0px|false|true&#8220; custom_margin_last_edited=&#8220;on|phone&#8220; border_radii=&#8220;on|20px|20px|20px|20px&#8220; custom_margin_tablet=&#8220;|30px||30px|false|true&#8220;][et_pb_row admin_label=&#8220;Row&#8220; _builder_version=&#8220;4.16&#8243; background_size=&#8220;initial&#8220; background_position=&#8220;top_left&#8220; background_repeat=&#8220;repeat&#8220; make_fullwidth=&#8220;off&#8220; use_custom_width=&#8220;off&#8220; width_unit=&#8220;on&#8220; global_colors_info=&#8220;{}&#8220;][et_pb_column type=&#8220;4_4&#8243; _builder_version=&#8220;4.16&#8243; custom_padding=&#8220;|||&#8220; global_colors_info=&#8220;{}&#8220; custom_padding__hover=&#8220;|||&#8220;][et_pb_post_title meta=&#8220;off&#8220; featured_image=&#8220;off&#8220; admin_label=&#8220;Post Title&#8220; _builder_version=&#8220;4.16&#8243; title_font_size=&#8220;72px&#8220; parallax=&#8220;on&#8220; parallax_method=&#8220;off&#8220; parallax_effect=&#8220;on&#8220; use_border_color=&#8220;off&#8220; border_color=&#8220;#ffffff&#8220; border_style=&#8220;solid&#8220; global_colors_info=&#8220;{}&#8220;][\/et_pb_post_title][\/et_pb_column][\/et_pb_row][et_pb_row admin_label=&#8220;Row&#8220; _builder_version=&#8220;4.16&#8243; background_size=&#8220;initial&#8220; background_position=&#8220;top_left&#8220; background_repeat=&#8220;repeat&#8220; custom_margin=&#8220;||0px|&#8220; custom_padding=&#8220;||0px|&#8220; make_fullwidth=&#8220;off&#8220; use_custom_width=&#8220;off&#8220; width_unit=&#8220;on&#8220; global_colors_info=&#8220;{}&#8220;][et_pb_column type=&#8220;4_4&#8243; _builder_version=&#8220;4.16&#8243; custom_padding=&#8220;|||&#8220; global_colors_info=&#8220;{}&#8220; custom_padding__hover=&#8220;|||&#8220;][et_pb_text admin_label=&#8220;subtitle&#8220; _builder_version=&#8220;4.16&#8243; background_size=&#8220;initial&#8220; background_position=&#8220;top_left&#8220; background_repeat=&#8220;repeat&#8220; use_border_color=&#8220;off&#8220; border_color=&#8220;#ffffff&#8220; border_style=&#8220;solid&#8220; global_colors_info=&#8220;{}&#8220;]<span style=\"font-size: 14pt;\">Bitte geben Sie alle wichtigen Details an um Ihre Reservierung so schnell als m\u00f6glich bearbeiten zu k\u00f6nnen.<\/span><br \/>\n[\/et_pb_text][et_pb_image src=&#8220;https:\/\/villadianthe.com\/wp-content\/uploads\/2017\/02\/villa-dianthe-booking-page-background-1080.jpg&#8220; align=&#8220;center&#8220; align_tablet=&#8220;center&#8220; align_phone=&#8220;&#8220; align_last_edited=&#8220;on|desktop&#8220; admin_label=&#8220;Image&#8220; _builder_version=&#8220;4.16&#8243; use_border_color=&#8220;off&#8220; border_color=&#8220;#ffffff&#8220; border_style=&#8220;solid&#8220; animation=&#8220;off&#8220; sticky=&#8220;off&#8220; always_center_on_mobile=&#8220;on&#8220; global_colors_info=&#8220;{}&#8220;][\/et_pb_image][\/et_pb_column][\/et_pb_row][et_pb_row use_custom_gutter=&#8220;on&#8220; gutter_width=&#8220;2&#8243; make_equal=&#8220;on&#8220; admin_label=&#8220;row&#8220; _builder_version=&#8220;4.16&#8243; background_color=&#8220;rgba(255,255,255,0.1)&#8220; background_size=&#8220;initial&#8220; background_position=&#8220;top_left&#8220; background_repeat=&#8220;repeat&#8220; custom_margin=&#8220;0px|||&#8220; custom_padding=&#8220;0px|||&#8220; make_fullwidth=&#8220;off&#8220; use_custom_width=&#8220;off&#8220; width_unit=&#8220;on&#8220; global_colors_info=&#8220;{}&#8220;][et_pb_column type=&#8220;4_4&#8243; module_class=&#8220;boxsetshad&#8220; _builder_version=&#8220;4.16&#8243; background_color=&#8220;rgba(255,255,255,0.45)&#8220; custom_padding=&#8220;3%|3%|3%|3%&#8220; global_colors_info=&#8220;{}&#8220; custom_padding__hover=&#8220;|||&#8220;][et_pb_text admin_label=&#8220;Text&#8220; _builder_version=&#8220;4.16&#8243; background_size=&#8220;initial&#8220; background_position=&#8220;top_left&#8220; background_repeat=&#8220;repeat&#8220; use_border_color=&#8220;off&#8220; border_color=&#8220;#ffffff&#8220; border_style=&#8220;solid&#8220; global_colors_info=&#8220;{}&#8220;]Fl\u00fcge und Transfers vom Flughafen zur Unterkunft und zur\u00fcck k\u00f6nnen f\u00fcr Sie geregelt werden. Falls Sie das w\u00fcnschen, bitte geben Sie es im Buchungsformular unter &#8222;Bemerkungen&#8220; an. Wir finden f\u00fcr Sie die besten Angebote. Der Mietswagen kann am Flughafen empfangen und bei der Abreise dort wieder hinterlassen werden. Oder er wird auf Wunsch zu Ihrer Unterkunft geliefert.<br \/>\n[\/et_pb_text][et_pb_text admin_label=&#8220;Text&#8220; _builder_version=&#8220;4.16&#8243; background_size=&#8220;initial&#8220; background_position=&#8220;top_left&#8220; background_repeat=&#8220;repeat&#8220; use_border_color=&#8220;off&#8220; border_color=&#8220;#ffffff&#8220; border_style=&#8220;solid&#8220; global_colors_info=&#8220;{}&#8220;]<div class=\"caldera-grid\" id=\"caldera_form_1\" data-cf-ver=\"1.9.7\" data-cf-form-id=\"CF58af3c1e1dbb0\"><div id=\"caldera_notices_1\" data-spinner=\"https:\/\/villadianthe.com\/wp-admin\/images\/spinner.gif\"><\/div><form data-instance=\"1\" class=\"CF58af3c1e1dbb0 caldera_forms_form cfajax-trigger\" method=\"POST\" enctype=\"multipart\/form-data\" id=\"CF58af3c1e1dbb0_1\" data-form-id=\"CF58af3c1e1dbb0\" aria-label=\"Reservierungsformular\" data-target=\"#caldera_notices_1\" data-template=\"#cfajax_CF58af3c1e1dbb0-tmpl\" data-cfajax=\"CF58af3c1e1dbb0\" data-load-element=\"_parent\" data-load-class=\"cf_processing\" data-post-disable=\"0\" data-action=\"cf_process_ajax_submit\" data-request=\"https:\/\/villadianthe.com\/de\/\/cf-api\/CF58af3c1e1dbb0\" data-hiderows=\"true\">\r\n<input type=\"hidden\" id=\"_cf_verify_CF58af3c1e1dbb0\" name=\"_cf_verify\" value=\"2f589013d2\"  data-nonce-time=\"1777226118\" \/><input type=\"hidden\" name=\"_wp_http_referer\" value=\"\/de\/wp-json\/wp\/v2\/pages\/2097\" \/><div id=\"cf2-CF58af3c1e1dbb0_1\"><\/div><input type=\"hidden\" name=\"_cf_frm_id\" value=\"CF58af3c1e1dbb0\">\r\n<input type=\"hidden\" name=\"_cf_frm_ct\" value=\"1\">\r\n<input type=\"hidden\" name=\"cfajax\" value=\"CF58af3c1e1dbb0\">\r\n<input type=\"hidden\" name=\"_cf_cr_pst\" value=\"2097\">\r\n<div class=\"hide\" style=\"display:none; overflow:hidden;height:0;width:0;\">\r\n<label>Web Site<\/label><input type=\"text\" name=\"web_site\" value=\"\" autocomplete=\"off\">\r\n<\/div><div id=\"CF58af3c1e1dbb0_1-row-1\"  class=\"row  first_row\"><div  class=\"col-sm-6  first_col\"><div data-field-wrapper=\"fld_185917\" class=\"form-group\" id=\"fld_185917_1-wrap\">\r\n\t<label id=\"fld_185917Label\" for=\"fld_185917_1\" class=\"control-label\">Vorname <span aria-hidden=\"true\" role=\"presentation\" class=\"field_required\" style=\"color:#ee0000;\">*<\/span><\/label>\r\n\t<div class=\"\">\r\n\t\t<input   required type=\"text\" data-field=\"fld_185917\" class=\" form-control\" id=\"fld_185917_1\" name=\"fld_185917\" value=\"\" data-type=\"text\" aria-required=\"true\"   aria-labelledby=\"fld_185917Label\" >\t\t\t<\/div>\r\n<\/div>\r\n<\/div><div  class=\"col-sm-6  last_col\"><div data-field-wrapper=\"fld_6892512\" class=\"form-group\" id=\"fld_6892512_1-wrap\">\r\n\t<label id=\"fld_6892512Label\" for=\"fld_6892512_1\" class=\"control-label\">Nachname <span aria-hidden=\"true\" role=\"presentation\" class=\"field_required\" style=\"color:#ee0000;\">*<\/span><\/label>\r\n\t<div class=\"\">\r\n\t\t<input   required type=\"text\" data-field=\"fld_6892512\" class=\" form-control\" id=\"fld_6892512_1\" name=\"fld_6892512\" value=\"\" data-type=\"text\" aria-required=\"true\"   aria-labelledby=\"fld_6892512Label\" >\t\t\t<\/div>\r\n<\/div>\r\n<\/div><\/div><div id=\"CF58af3c1e1dbb0_1-row-2\"  class=\"row \"><div  class=\"col-sm-3  first_col\"><div data-field-wrapper=\"fld_2254781\" class=\"form-group\" id=\"fld_2254781_1-wrap\">\r\n\t<label id=\"fld_2254781Label\" for=\"fld_2254781_1\" class=\"control-label\">Handynummer <span aria-hidden=\"true\" role=\"presentation\" class=\"field_required\" style=\"color:#ee0000;\">*<\/span><\/label>\r\n\t<div class=\"\">\r\n\t\t<input   required type=\"tel\" data-field=\"fld_2254781\" class=\" form-control\" id=\"fld_2254781_1\" name=\"fld_2254781\" value=\"+49\" data-type=\"phone_better\" aria-required=\"true\"   aria-labelledby=\"fld_2254781Label\" >\t\t\t<\/div>\r\n<\/div>\r\n<\/div><div  class=\"col-sm-9  last_col\"><div data-field-wrapper=\"fld_7900587\" class=\"form-group\" id=\"fld_7900587_1-wrap\">\r\n\t<label id=\"fld_7900587Label\" for=\"fld_7900587_1\" class=\"control-label\">Emailadresse <span aria-hidden=\"true\" role=\"presentation\" class=\"field_required\" style=\"color:#ee0000;\">*<\/span><\/label>\r\n\t<div class=\"\">\r\n\t\t<input   required type=\"email\" data-field=\"fld_7900587\" class=\" form-control\" id=\"fld_7900587_1\" name=\"fld_7900587\" value=\"\" data-type=\"email\" aria-required=\"true\"   aria-labelledby=\"fld_7900587Label\" >\t\t\t<\/div>\r\n<\/div>\r\n<\/div><\/div><div id=\"CF58af3c1e1dbb0_1-row-3\"  class=\"row \"><div  class=\"col-sm-6  first_col\">\n<div data-field-wrapper=\"fld_9356744\" class=\"form-group\" id=\"fld_9356744_1-wrap\">\r\n\t<label id=\"fld_9356744Label\" for=\"fld_9356744_1\" class=\"control-label\">Ankunftsdatum <span aria-hidden=\"true\" role=\"presentation\" class=\"field_required\" style=\"color:#ee0000;\">*<\/span><\/label>\r\n\t<div class=\"\">\r\n\t\t<input  type=\"text\" data-provide=\"cfdatepicker\" name=\"fld_9356744\" value=\"\" id=\"fld_9356744_1\" data-field=\"fld_9356744\" class=\"form-control cfdatepicker is-cfdatepicker\" data-date-format=\"yyyy-mm-dd\" required=\"1\" data-date-start-view=\"month\"  data-date-start-date=\"+3d\" data-date-language=\"de\"   aria-labelledby=\"fld_9356744Label\" required  \/>\n\t\t\t<\/div>\r\n<\/div>\r\n<\/div><div  class=\"col-sm-6  last_col\">\n<div data-field-wrapper=\"fld_9099709\" class=\"form-group\" id=\"fld_9099709_1-wrap\">\r\n\t<label id=\"fld_9099709Label\" for=\"fld_9099709_1\" class=\"control-label\">Abreisedatum <span aria-hidden=\"true\" role=\"presentation\" class=\"field_required\" style=\"color:#ee0000;\">*<\/span><\/label>\r\n\t<div class=\"\">\r\n\t\t<input  type=\"text\" data-provide=\"cfdatepicker\" name=\"fld_9099709\" value=\"\" id=\"fld_9099709_1\" data-field=\"fld_9099709\" class=\"form-control cfdatepicker is-cfdatepicker\" data-date-format=\"yyyy-mm-dd\" required=\"1\" data-date-start-view=\"month\" data-date-language=\"de\"   aria-labelledby=\"fld_9099709Label\" required  \/>\n\t\t\t<\/div>\r\n<\/div>\r\n<\/div><\/div><div id=\"CF58af3c1e1dbb0_1-row-4\"  class=\"row \"><div  class=\"col-sm-6  first_col\"><div data-field-wrapper=\"fld_6496615\" class=\"form-group\" id=\"fld_6496615_1-wrap\">\r\n\t<label id=\"fld_6496615Label\" for=\"fld_6496615_1\" class=\"control-label\">Erwachsene <span aria-hidden=\"true\" role=\"presentation\" class=\"field_required\" style=\"color:#ee0000;\">*<\/span><\/label>\r\n\t<div class=\"\">\r\n\t\t<input   required type=\"number\" data-field=\"fld_6496615\" class=\" form-control\" id=\"fld_6496615_1\" name=\"fld_6496615\" value=\"1\" data-type=\"number\" min=\"1\" max=\"8\" step=\"1\" data-parsley-type=\"number\" aria-required=\"true\"   aria-labelledby=\"fld_6496615Label\" >\t\t\t<\/div>\r\n<\/div>\r\n<\/div><div  class=\"col-sm-6  last_col\"><div data-field-wrapper=\"fld_5630664\" class=\"form-group\" id=\"fld_5630664_1-wrap\">\r\n\t<label id=\"fld_5630664Label\" for=\"fld_5630664_1\" class=\"control-label\">Kinder<\/label>\r\n\t<div class=\"\">\r\n\t\t<input    type=\"number\" data-field=\"fld_5630664\" class=\" form-control\" id=\"fld_5630664_1\" name=\"fld_5630664\" value=\"0\" data-type=\"number\" min=\"0\" max=\"7\" step=\"1\" data-parsley-type=\"number\"   aria-labelledby=\"fld_5630664Label\" >\t\t\t<\/div>\r\n<\/div>\r\n<\/div><\/div><div id=\"CF58af3c1e1dbb0_1-row-5\"  class=\"row \"><div  class=\"col-sm-12  single\"><div data-field-wrapper=\"fld_4089741\" class=\"form-group\" id=\"fld_4089741_1-wrap\">\r\n\t<label id=\"fld_4089741Label\" for=\"fld_4089741_1\" class=\"control-label\">Bemerkungen<\/label>\r\n\t<div class=\"\">\r\n\t\t<textarea name=\"fld_4089741\" value=\"\" data-field=\"fld_4089741\" class=\"form-control\" id=\"fld_4089741_1\" rows=\"4\"    aria-labelledby=\"fld_4089741Label\" ><\/textarea>\n\t\t\t<\/div>\r\n<\/div>\r\n<\/div><\/div><div id=\"CF58af3c1e1dbb0_1-row-6\"  class=\"row  last_row\"><div  class=\"col-sm-4  first_col\"><div data-field-wrapper=\"fld_7167496\" class=\"form-group\" id=\"fld_7167496_1-wrap\">\r\n<div class=\"\">\r\n\t<input  class=\"btn btn-default\" type=\"submit\" name=\"fld_7167496\" id=\"fld_7167496_1\" value=\"Versenden\" data-field=\"fld_7167496\"  >\n<\/div>\r\n<\/div>\r\n\t<input class=\"button_trigger_1\" type=\"hidden\" name=\"fld_7167496\" id=\"fld_7167496_1_btn\" value=\"\" data-field=\"fld_7167496\"  \/>\n<\/div><div  class=\"col-sm-4 \"><\/div><div  class=\"col-sm-4  last_col\"><\/div><\/div><\/form>\r\n<\/div>\r\n<br \/>\n[\/et_pb_text][et_pb_code admin_label=&#8220;Code&#8220; _builder_version=&#8220;4.16&#8243; global_colors_info=&#8220;{}&#8220;]<script><!-- [et_pb_line_break_holder] -->jQuery( function( $ ){<!-- [et_pb_line_break_holder] --><!-- [et_pb_line_break_holder] --> var first_date_id = 'fld_9356744', \/\/ date field ID to sync from<!-- [et_pb_line_break_holder] --> second_date_id = 'fld_9099709', \/\/ date field ID to sync to<!-- [et_pb_line_break_holder] --> date_forward = 7; \/\/ number of days to sync forward by<!-- [et_pb_line_break_holder] --><!-- [et_pb_line_break_holder] --> \/\/ get the first field<!-- [et_pb_line_break_holder] --> var first_date = $( '[data-field=\"' + first_date_id + '\"]' );<!-- [et_pb_line_break_holder] --><!-- [et_pb_line_break_holder] --> if( !first_date.length ){<!-- [et_pb_line_break_holder] --> return;<!-- [et_pb_line_break_holder] --> }<!-- [et_pb_line_break_holder] --><!-- [et_pb_line_break_holder] --> \/\/ bind date change event<!-- [et_pb_line_break_holder] --> first_date.on(\"changeDate\", function() {<!-- [et_pb_line_break_holder] --> var start_date = first_date.cfdatepicker('getFormattedDate');<!-- [et_pb_line_break_holder] --> var d = new Date( start_date );<!-- [et_pb_line_break_holder] --> var second_date = first_date.closest('.row').find('[data-field=\"' + second_date_id + '\"]');<!-- [et_pb_line_break_holder] --><!-- [et_pb_line_break_holder] --> d.setDate( d.getDate() + date_forward );<!-- [et_pb_line_break_holder] --> second_date.cfdatepicker( 'setStartDate', new Date(d) );<!-- [et_pb_line_break_holder] --> if( !second_date.val().length ){<!-- [et_pb_line_break_holder] --> second_date.cfdatepicker( 'update', new Date(d) );<!-- [et_pb_line_break_holder] --> }<!-- [et_pb_line_break_holder] --><!-- [et_pb_line_break_holder] --> second_date.on(\"changeDate\", function() {<!-- [et_pb_line_break_holder] --> second_date.cfdatepicker( 'hide' ); <!-- [et_pb_line_break_holder] --> });<!-- [et_pb_line_break_holder] --> first_date.cfdatepicker( 'hide' );<!-- [et_pb_line_break_holder] --> });<!-- [et_pb_line_break_holder] -->});<!-- [et_pb_line_break_holder] --><!-- [et_pb_line_break_holder] -->jQuery( function( $ ){<!-- [et_pb_line_break_holder] --><!-- [et_pb_line_break_holder] --> var first_date_id = 'fld_9099709', \/\/ date field ID to sync from<!-- [et_pb_line_break_holder] --> second_date_id = 'fld_9356744', \/\/ date field ID to sync to<!-- [et_pb_line_break_holder] --> date_forward = 7; \/\/ number of days to sync forward by<!-- [et_pb_line_break_holder] --><!-- [et_pb_line_break_holder] --> \/\/ get the first field<!-- [et_pb_line_break_holder] --> var first_date = $( '[data-field=\"' + first_date_id + '\"]' );<!-- [et_pb_line_break_holder] --><!-- [et_pb_line_break_holder] --> if( !first_date.length ){<!-- [et_pb_line_break_holder] --> return;<!-- [et_pb_line_break_holder] --> }<!-- [et_pb_line_break_holder] --><!-- [et_pb_line_break_holder] --> \/\/ bind date change event<!-- [et_pb_line_break_holder] --> first_date.on(\"changeDate\", function() {<!-- [et_pb_line_break_holder] --> var start_date = first_date.cfdatepicker('getFormattedDate');<!-- [et_pb_line_break_holder] --> var d = new Date( start_date );<!-- [et_pb_line_break_holder] --> var second_date = first_date.closest('.row').find('[data-field=\"' + second_date_id + '\"]');<!-- [et_pb_line_break_holder] --><!-- [et_pb_line_break_holder] --> d.setDate( d.getDate() - date_forward );<!-- [et_pb_line_break_holder] --> second_date.cfdatepicker( 'setEndDate', new Date(d) );<!-- [et_pb_line_break_holder] --> if( !second_date.val().length ){<!-- [et_pb_line_break_holder] --> second_date.cfdatepicker( 'update', new Date(d) );<!-- [et_pb_line_break_holder] --> }<!-- [et_pb_line_break_holder] --><!-- [et_pb_line_break_holder] --> second_date.on(\"changeDate\", function() {<!-- [et_pb_line_break_holder] --> second_date.cfdatepicker( 'hide' ); <!-- [et_pb_line_break_holder] --> });<!-- [et_pb_line_break_holder] --> first_date.cfdatepicker( 'hide' );<!-- [et_pb_line_break_holder] --> });<!-- [et_pb_line_break_holder] -->});<!-- [et_pb_line_break_holder] --><\/script>[\/et_pb_code][\/et_pb_column][\/et_pb_row][\/et_pb_section]<\/p>\n","protected":false},"excerpt":{"rendered":"<p>Bitte geben Sie alle wichtigen Details an um Ihre Reservierung so schnell als m\u00f6glich bearbeiten zu k\u00f6nnen. Fl\u00fcge und Transfers vom Flughafen zur Unterkunft und zur\u00fcck k\u00f6nnen f\u00fcr Sie geregelt werden. Falls Sie das w\u00fcnschen, bitte geben Sie es im Buchungsformular unter &#8222;Bemerkungen&#8220; an. Wir finden f\u00fcr Sie die besten Angebote. Der Mietswagen kann am [&hellip;]<\/p>\n","protected":false},"author":6,"featured_media":0,"parent":0,"menu_order":0,"comment_status":"closed","ping_status":"closed","template":"","meta":{"_et_pb_use_builder":"on","_et_pb_old_content":"","_et_gb_content_width":"","footnotes":""},"class_list":["post-2097","page","type-page","status-publish","hentry"],"_links":{"self":[{"href":"https:\/\/villadianthe.com\/de\/wp-json\/wp\/v2\/pages\/2097","targetHints":{"allow":["GET"]}}],"collection":[{"href":"https:\/\/villadianthe.com\/de\/wp-json\/wp\/v2\/pages"}],"about":[{"href":"https:\/\/villadianthe.com\/de\/wp-json\/wp\/v2\/types\/page"}],"author":[{"embeddable":true,"href":"https:\/\/villadianthe.com\/de\/wp-json\/wp\/v2\/users\/6"}],"replies":[{"embeddable":true,"href":"https:\/\/villadianthe.com\/de\/wp-json\/wp\/v2\/comments?post=2097"}],"version-history":[{"count":0,"href":"https:\/\/villadianthe.com\/de\/wp-json\/wp\/v2\/pages\/2097\/revisions"}],"wp:attachment":[{"href":"https:\/\/villadianthe.com\/de\/wp-json\/wp\/v2\/media?parent=2097"}],"curies":[{"name":"wp","href":"https:\/\/api.w.org\/{rel}","templated":true}]}}