{"id":1982,"date":"2017-02-17T12:29:39","date_gmt":"2017-02-17T12:29:39","guid":{"rendered":"https:\/\/villadianthe.com\/prices\/"},"modified":"2026-04-05T10:43:26","modified_gmt":"2026-04-05T07:43:26","slug":"preise","status":"publish","type":"page","link":"https:\/\/villadianthe.com\/de\/preise\/","title":{"rendered":"Unsere Preise"},"content":{"rendered":"<p>[et_pb_section fb_built=&#8220;1&#8243; admin_label=&#8220;section&#8220; _builder_version=&#8220;4.16&#8243; background_color=&#8220;rgba(255,255,255,0.5)&#8220; custom_margin=&#8220;|30px||30px|false|true&#8220; custom_margin_tablet=&#8220;|30px||30px|false|true&#8220; custom_margin_phone=&#8220;|0px||0px|false|true&#8220; custom_margin_last_edited=&#8220;on|phone&#8220; border_radii=&#8220;on|20px|20px|20px|20px&#8220; transparent_background=&#8220;on&#8220; make_fullwidth=&#8220;off&#8220; use_custom_width=&#8220;off&#8220; width_unit=&#8220;on&#8220; global_colors_info=&#8220;{}&#8220;][et_pb_row _builder_version=&#8220;4.16&#8243; background_size=&#8220;initial&#8220; background_position=&#8220;top_left&#8220; background_repeat=&#8220;repeat&#8220; make_fullwidth=&#8220;off&#8220; use_custom_width=&#8220;off&#8220; width_unit=&#8220;on&#8220; global_colors_info=&#8220;{}&#8220;][et_pb_column type=&#8220;4_4&#8243; _builder_version=&#8220;4.16&#8243; custom_padding=&#8220;|||&#8220; global_colors_info=&#8220;{}&#8220; custom_padding__hover=&#8220;|||&#8220;][et_pb_post_title meta=&#8220;off&#8220; featured_image=&#8220;off&#8220; _builder_version=&#8220;4.16&#8243; title_font_size=&#8220;72px&#8220; parallax=&#8220;on&#8220; parallax_effect=&#8220;on&#8220; use_border_color=&#8220;off&#8220; border_color=&#8220;#ffffff&#8220; border_style=&#8220;solid&#8220; global_colors_info=&#8220;{}&#8220;][\/et_pb_post_title][\/et_pb_column][\/et_pb_row][et_pb_row _builder_version=&#8220;4.16&#8243; background_size=&#8220;initial&#8220; background_position=&#8220;top_left&#8220; background_repeat=&#8220;repeat&#8220; global_colors_info=&#8220;{}&#8220;][et_pb_column type=&#8220;4_4&#8243; _builder_version=&#8220;4.16&#8243; custom_padding=&#8220;|||&#8220; global_colors_info=&#8220;{}&#8220; custom_padding__hover=&#8220;|||&#8220;][et_pb_text admin_label=&#8220;subtitle&#8220; _builder_version=&#8220;4.27.2&#8243; text_font=&#8220;|600|||||||&#8220; background_size=&#8220;initial&#8220; background_position=&#8220;top_left&#8220; background_repeat=&#8220;repeat&#8220; module_alignment=&#8220;left&#8220; use_border_color=&#8220;off&#8220; border_color=&#8220;#ffffff&#8220; border_style=&#8220;solid&#8220; global_colors_info=&#8220;{}&#8220;]<\/p>\n<p>Die G\u00e4ste k\u00f6nnen die An- und Abreisetage frei w\u00e4hlen, mit einem Mindestaufenthalt von 7 Tagen. Bei Last-Minute-Buchungen kann hiervon abgewichen werden. F\u00fcr die Maiferien und die Herbstferien gelten angepasste Bedingungen.<\/p>\n<p>[\/et_pb_text][et_pb_image src=&#8220;https:\/\/villadianthe.com\/wp-content\/uploads\/2017\/02\/villa-dianthe-pricespage-top-1080.jpg&#8220; align_tablet=&#8220;center&#8220; align_phone=&#8220;&#8220; align_last_edited=&#8220;on|desktop&#8220; _builder_version=&#8220;4.16&#8243; use_border_color=&#8220;off&#8220; border_color=&#8220;#ffffff&#8220; border_style=&#8220;solid&#8220; animation=&#8220;off&#8220; sticky=&#8220;off&#8220; always_center_on_mobile=&#8220;on&#8220; global_colors_info=&#8220;{}&#8220;][\/et_pb_image][\/et_pb_column][\/et_pb_row][et_pb_row column_structure=&#8220;1_2,1_2&#8243; use_custom_gutter=&#8220;on&#8220; gutter_width=&#8220;1&#8243; _builder_version=&#8220;4.16&#8243; custom_margin=&#8220;0px||0px|&#8220; custom_padding=&#8220;0px||0px|&#8220; global_colors_info=&#8220;{}&#8220;][et_pb_column type=&#8220;1_2&#8243; _builder_version=&#8220;4.16&#8243; custom_padding=&#8220;|||&#8220; global_colors_info=&#8220;{}&#8220; custom_padding__hover=&#8220;|||&#8220;][et_pb_text _builder_version=&#8220;4.16&#8243; global_colors_info=&#8220;{}&#8220;]<span style=\"font-size: 14pt;\">Die Preise gelten pro Appartement<\/span><br \/>\n[\/et_pb_text][\/et_pb_column][et_pb_column type=&#8220;1_2&#8243; _builder_version=&#8220;4.16&#8243; custom_padding=&#8220;|||&#8220; global_colors_info=&#8220;{}&#8220; custom_padding__hover=&#8220;|||&#8220;][\/et_pb_column][\/et_pb_row][et_pb_row _builder_version=&#8220;4.16&#8243; background_color=&#8220;rgba(255,255,255,0)&#8220; background_size=&#8220;initial&#8220; background_position=&#8220;top_left&#8220; background_repeat=&#8220;repeat&#8220; custom_margin=&#8220;||0px||false|false&#8220; custom_padding=&#8220;||0px||false|false&#8220; make_fullwidth=&#8220;off&#8220; use_custom_width=&#8220;off&#8220; width_unit=&#8220;on&#8220; global_colors_info=&#8220;{}&#8220;][et_pb_column type=&#8220;4_4&#8243; _builder_version=&#8220;4.16&#8243; custom_padding=&#8220;|||&#8220; global_colors_info=&#8220;{}&#8220; custom_padding__hover=&#8220;|||&#8220;][et_pb_tabs active_tab_background_color=&#8220;#ffffff&#8220; inactive_tab_background_color=&#8220;#f6e3ce&#8220; disabled_on=&#8220;off|off|off&#8220; module_class=&#8220;boxsetshad&#8220; _builder_version=&#8220;4.27.4&#8243; tab_font=&#8220;|on|||&#8220; tab_font_size=&#8220;16&#8243; background_color=&#8220;#ffffff&#8220; background_size=&#8220;initial&#8220; background_position=&#8220;top_left&#8220; background_repeat=&#8220;repeat&#8220; custom_margin=&#8220;|10px||10px|false|true&#8220; custom_padding_tablet=&#8220;&#8220; custom_padding_phone=&#8220;|2px||2px|false|false&#8220; custom_padding_last_edited=&#8220;on|phone&#8220; custom_css_main_element=&#8220;outline: 10px solid #F6E3CE&#8220; border_style=&#8220;solid&#8220; global_colors_info=&#8220;{}&#8220;][et_pb_tab title=&#8220;Dreizimmer-Appartement&#8220; title_tablet=&#8220;Dreizimmer-Appartement&#8220; title_phone=&#8220;Drei Zimmer&#8220; title_last_edited=&#8220;on|phone&#8220; _builder_version=&#8220;4.27.0&#8243; body_font=&#8220;||||&#8220; body_line_height=&#8220;2em&#8220; tab_font=&#8220;||||&#8220; tab_line_height=&#8220;2em&#8220; body_line_height_tablet=&#8220;2em&#8220; body_line_height_phone=&#8220;2em&#8220; tab_line_height_tablet=&#8220;2em&#8220; tab_line_height_phone=&#8220;2em&#8220; global_colors_info=&#8220;{}&#8220;]<\/p>\n<p>Diese Preise gelten f\u00fcr bis zu 2 Personen im Appartement, jede extra Person bezahlt 10,- \u20ac pro Person\/pro Nacht dazu. (max. 6 Personen)<\/p>\n[et_pb_section global_module=\"218120\"][\/et_pb_section]\n<p>[\/et_pb_tab][et_pb_tab title=&#8220;Vierzimmer-Appartement&#8220; title_tablet=&#8220;Vierzimmer-Appartement&#8220; title_phone=&#8220;Vier Zimmer&#8220; title_last_edited=&#8220;on|phone&#8220; _builder_version=&#8220;4.27.0&#8243; body_font=&#8220;||||&#8220; body_line_height=&#8220;2em&#8220; tab_font=&#8220;||||&#8220; tab_line_height=&#8220;2em&#8220; body_line_height_tablet=&#8220;2em&#8220; body_line_height_phone=&#8220;2em&#8220; tab_line_height_tablet=&#8220;2em&#8220; tab_line_height_phone=&#8220;2em&#8220; global_colors_info=&#8220;{}&#8220;]<\/p>\n<p>Diese Preise gelten f\u00fcr bis zu 4 Personen im Appartement, jede extra Person bezahlt 10,- \u20ac pro Person\/pro Nacht dazu. (max. 8 Personen)<\/p>\n[et_pb_section global_module=\"218124\"][\/et_pb_section]\n<p>[\/et_pb_tab][\/et_pb_tabs][et_pb_text disabled_on=&#8220;on|on|on&#8220; _builder_version=&#8220;4.25.2&#8243; _module_preset=&#8220;default&#8220; background_color=&#8220;#FFFFFF&#8220; custom_padding=&#8220;3%|3%|3%|3%|true|true&#8220; disabled=&#8220;on&#8220; locked=&#8220;off&#8220; global_colors_info=&#8220;{}&#8220;]<\/p>\n<p><em>Die Preise werden aktualisiert. Bitte kommen Sie sp\u00e4ter zur\u00fcck.<\/em><\/p>\n<p>[\/et_pb_text][et_pb_text _builder_version=&#8220;4.27.4&#8243; background_size=&#8220;initial&#8220; background_position=&#8220;top_left&#8220; background_repeat=&#8220;repeat&#8220; module_alignment=&#8220;left&#8220; custom_margin=&#8220;3%|3%|3%|3%&#8220; border_color_all=&#8220;#ffffff&#8220; use_border_color=&#8220;off&#8220; border_color=&#8220;#ffffff&#8220; border_style=&#8220;solid&#8220; global_colors_info=&#8220;{}&#8220;]<span style=\"font-size: 13pt;\">Bei der Villa Dianthe sind im Preis inbegriffen: Strom, Wasser, zweimal w\u00f6chentlicher Handtuchwechsel, w\u00f6chentlicher Bettw\u00e4schewechsel und Endreinigung. Klimaanlage ist gegen Geb\u00fchr verf\u00fcgbar.<\/span><\/p>\n<p><span style=\"font-size: 13pt;\">Die griechische Regierung hat die Kurtaxe erneut erh\u00f6ht. Daher sind wir gezwungen, diese zus\u00e4tzliche Geb\u00fchr zu berechnen. F\u00fcr unsere Apartments gilt ein Tarif von 2,00 \u20ac pro Tag vom 1. April bis 1. November und 0,50 \u20ac pro Tag vom 1. November bis 1. April. Dieser Betrag ist bei Ankunft vor Ort zu zahlen.<br \/>\n<\/span><br \/>\n<span style=\"font-size: 14pt;\">G\u00e4ste die <strong>den Winter erleben wollen<\/strong> k\u00f6nnen hier den Preis pro Monat einsehen. F\u00fcr einen noch l\u00e4ngeren Aufenthalt gibt es Angebote auf Anfrage.<\/span><br \/>\nW\u00e4hrend eines Winteraufenthalts gilt ein spezieller Monatstarif oder ein speziell vereinbarter Preis. Es gelten auch unterschiedliche Gesch\u00e4ftsbedingungen. Bitte beachten Sie die <a href=\"https:\/\/documents.staticdata.nl\/buchungsbedingungen-villa-dianthe-05-03-2024.pdf\" target=\"_blank\" rel=\"noopener\" title=\"PDF, \u00f6ffnet sich in neuem Tab\">Buchungsbedingungen<\/a> unter &#8222;\u00dcberwintern&#8220; f\u00fcr weitere Informationen.[\/et_pb_text][\/et_pb_column][\/et_pb_row][et_pb_row column_structure=&#8220;2_3,1_3&#8243; disabled_on=&#8220;off|off|off&#8220; module_class=&#8220;popuprowpromo&#8220; _builder_version=&#8220;4.27.6&#8243; background_size=&#8220;initial&#8220; background_position=&#8220;top_left&#8220; background_repeat=&#8220;repeat&#8220; custom_margin=&#8220;0px||0px|&#8220; custom_padding=&#8220;0px||0px|&#8220; locked=&#8220;off&#8220; global_colors_info=&#8220;{}&#8220;][et_pb_column type=&#8220;2_3&#8243; _builder_version=&#8220;4.16&#8243; background_position=&#8220;top_left&#8220; custom_padding=&#8220;|||&#8220; global_colors_info=&#8220;{}&#8220; custom_padding__hover=&#8220;|||&#8220;][et_pb_code _builder_version=&#8220;4.16&#8243; custom_css_main_element=&#8220;display: none;&#8220; global_colors_info=&#8220;{}&#8220;]<\/p>\n<style><!-- [et_pb_line_break_holder] -->.poppie.et_pb_toggle_close .et_pb_toggle_title:before, .poppie.et_pb_toggle_close {<!-- [et_pb_line_break_holder] -->display: none;<!-- [et_pb_line_break_holder] -->}<!-- [et_pb_line_break_holder] --><\/style>\n<p>[\/et_pb_code][et_pb_toggle title=&#8220;Last-Minute-Angebote&#8220; open=&#8220;on&#8220; open_toggle_text_color=&#8220;#ae4439&#8243; open_toggle_background_color=&#8220;rgba(255,255,255,0.95)&#8220; icon_color=&#8220;#ae4439&#8243; open_icon_color=&#8220;#ae4439&#8243; open_toggle_icon=&#8220;&#x51;||divi||400&#8243; module_class=&#8220;poppie&#8220; _builder_version=&#8220;4.27.6&#8243; title_font=&#8220;|700|||||||&#8220; title_font_size=&#8220;24px&#8220; animation_style=&#8220;slide&#8220; animation_direction=&#8220;left&#8220; hover_transition_duration=&#8220;1000ms&#8220; hover_transition_delay=&#8220;150ms&#8220; hover_transition_speed_curve=&#8220;ease-in&#8220; custom_css_main_element=&#8220;position: fixed;||right: 4%;||top: 15%;||max-width:60%;||z-index: 199999;&#8220; border_radii=&#8220;on|10px|10px|10px|10px&#8220; border_width_all=&#8220;10px&#8220; border_color_all=&#8220;#FFFFFF&#8220; border_style_all=&#8220;dashed&#8220; locked=&#8220;off&#8220; global_colors_info=&#8220;{}&#8220;]\n<table id=\"tablepress-1\" class=\"tablepress tablepress-id-1\">\n<tbody class=\"row-hover\">\n<tr class=\"row-1\">\n\t<td class=\"column-1\">11\/06 - 21\/06<\/td>\n<\/tr>\n<tr class=\"row-2\">\n\t<td class=\"column-1\">16\/06 - 27\/06<\/td>\n<\/tr>\n<tr class=\"row-3\">\n\t<td class=\"column-1\">17\/06 - 30\/06<\/td>\n<\/tr>\n<\/tbody>\n<\/table>\n<!-- #tablepress-1 from cache --><\/p>\n<p><a href=\"tel:00306945897986\">Rufen Sie uns jetzt an!<\/a>[\/et_pb_toggle][\/et_pb_column][et_pb_column type=&#8220;1_3&#8243; _builder_version=&#8220;4.16&#8243; custom_padding=&#8220;|||&#8220; global_colors_info=&#8220;{}&#8220; custom_padding__hover=&#8220;|||&#8220;][\/et_pb_column][\/et_pb_row][\/et_pb_section]<\/p>\n","protected":false},"excerpt":{"rendered":"<p>Entdecken Sie unsere attraktiven Preise f\u00fcr einen unvergesslichen Aufenthalt in Mirtos, Kreta. Genie\u00dfen Sie die Vielfalt unserer Appartements und profitieren Sie von unseren inklusiven Leistungen. Wir freuen uns darauf, Sie bei uns willkommen zu hei\u00dfen!<\/p>\n","protected":false},"author":6,"featured_media":217688,"parent":0,"menu_order":0,"comment_status":"closed","ping_status":"closed","template":"","meta":{"_et_pb_use_builder":"on","_et_pb_old_content":"","_et_gb_content_width":"","footnotes":""},"class_list":["post-1982","page","type-page","status-publish","has-post-thumbnail","hentry"],"_links":{"self":[{"href":"https:\/\/villadianthe.com\/de\/wp-json\/wp\/v2\/pages\/1982","targetHints":{"allow":["GET"]}}],"collection":[{"href":"https:\/\/villadianthe.com\/de\/wp-json\/wp\/v2\/pages"}],"about":[{"href":"https:\/\/villadianthe.com\/de\/wp-json\/wp\/v2\/types\/page"}],"author":[{"embeddable":true,"href":"https:\/\/villadianthe.com\/de\/wp-json\/wp\/v2\/users\/6"}],"replies":[{"embeddable":true,"href":"https:\/\/villadianthe.com\/de\/wp-json\/wp\/v2\/comments?post=1982"}],"version-history":[{"count":4,"href":"https:\/\/villadianthe.com\/de\/wp-json\/wp\/v2\/pages\/1982\/revisions"}],"predecessor-version":[{"id":219884,"href":"https:\/\/villadianthe.com\/de\/wp-json\/wp\/v2\/pages\/1982\/revisions\/219884"}],"wp:featuredmedia":[{"embeddable":true,"href":"https:\/\/villadianthe.com\/de\/wp-json\/wp\/v2\/media\/217688"}],"wp:attachment":[{"href":"https:\/\/villadianthe.com\/de\/wp-json\/wp\/v2\/media?parent=1982"}],"curies":[{"name":"wp","href":"https:\/\/api.w.org\/{rel}","templated":true}]}}