{"id":1640,"date":"2017-02-12T00:39:29","date_gmt":"2017-02-12T00:39:29","guid":{"rendered":"https:\/\/villadianthe.com\/alles-uber-kreta\/"},"modified":"2025-10-06T19:55:45","modified_gmt":"2025-10-06T16:55:45","slug":"alles-ueber-kreta","status":"publish","type":"page","link":"https:\/\/villadianthe.com\/de\/alles-ueber-kreta\/","title":{"rendered":"Alles \u00fcber Kreta"},"content":{"rendered":"<p>[et_pb_section fb_built=&#8220;1&#8243; admin_label=&#8220;section&#8220; _builder_version=&#8220;4.16&#8243; background_color=&#8220;rgba(255,255,255,0.5)&#8220; custom_margin=&#8220;|30px||30px|false|true&#8220; custom_margin_tablet=&#8220;|30px||30px|false|true&#8220; custom_margin_phone=&#8220;|0px||0px|false|true&#8220; custom_margin_last_edited=&#8220;on|phone&#8220; border_radii=&#8220;on|20px|20px|20px|20px&#8220; transparent_background=&#8220;on&#8220; make_fullwidth=&#8220;off&#8220; use_custom_width=&#8220;off&#8220; width_unit=&#8220;on&#8220; global_colors_info=&#8220;{}&#8220;][et_pb_row _builder_version=&#8220;4.16&#8243; background_size=&#8220;initial&#8220; background_position=&#8220;top_left&#8220; background_repeat=&#8220;repeat&#8220; make_fullwidth=&#8220;off&#8220; use_custom_width=&#8220;off&#8220; width_unit=&#8220;on&#8220; global_colors_info=&#8220;{}&#8220;][et_pb_column type=&#8220;4_4&#8243; _builder_version=&#8220;4.16&#8243; custom_padding=&#8220;|||&#8220; global_colors_info=&#8220;{}&#8220; custom_padding__hover=&#8220;|||&#8220;][et_pb_post_title meta=&#8220;off&#8220; featured_image=&#8220;off&#8220; _builder_version=&#8220;4.16&#8243; title_font_size=&#8220;72px&#8220; parallax=&#8220;on&#8220; parallax_effect=&#8220;on&#8220; use_border_color=&#8220;off&#8220; border_color=&#8220;#ffffff&#8220; border_style=&#8220;solid&#8220; global_colors_info=&#8220;{}&#8220;][\/et_pb_post_title][\/et_pb_column][\/et_pb_row][et_pb_row _builder_version=&#8220;4.16&#8243; background_size=&#8220;initial&#8220; background_position=&#8220;top_left&#8220; background_repeat=&#8220;repeat&#8220; custom_margin=&#8220;||0px|&#8220; custom_padding=&#8220;||0px|&#8220; make_fullwidth=&#8220;off&#8220; use_custom_width=&#8220;off&#8220; width_unit=&#8220;on&#8220; global_colors_info=&#8220;{}&#8220;][et_pb_column type=&#8220;4_4&#8243; _builder_version=&#8220;4.16&#8243; custom_padding=&#8220;|||&#8220; global_colors_info=&#8220;{}&#8220; custom_padding__hover=&#8220;|||&#8220;][et_pb_text _builder_version=&#8220;4.16&#8243; background_size=&#8220;initial&#8220; background_position=&#8220;top_left&#8220; background_repeat=&#8220;repeat&#8220; module_alignment=&#8220;left&#8220; use_border_color=&#8220;off&#8220; border_color=&#8220;#ffffff&#8220; border_style=&#8220;solid&#8220; global_colors_info=&#8220;{}&#8220;]<span style=\"font-size: 14pt;\">Die gr\u00f6sste griechische Insel, und der s\u00fcdlichste Teil Europas<\/span><br \/>\n[\/et_pb_text][et_pb_image src=&#8220;https:\/\/villadianthe.com\/wp-content\/uploads\/2017\/02\/villa-dianthe-cretepage-top-1080.jpg&#8220; align=&#8220;center&#8220; align_tablet=&#8220;center&#8220; align_phone=&#8220;center&#8220; align_last_edited=&#8220;on|desktop&#8220; _builder_version=&#8220;4.16&#8243; animation_style=&#8220;slide&#8220; animation_direction=&#8220;bottom&#8220; animation_duration=&#8220;500ms&#8220; animation_intensity_slide=&#8220;10%&#8220; use_border_color=&#8220;off&#8220; border_color=&#8220;#ffffff&#8220; border_style=&#8220;solid&#8220; animation=&#8220;bottom&#8220; sticky=&#8220;off&#8220; always_center_on_mobile=&#8220;on&#8220; global_colors_info=&#8220;{}&#8220;][\/et_pb_image][\/et_pb_column][\/et_pb_row][et_pb_row column_structure=&#8220;3_4,1_4&#8243; use_custom_gutter=&#8220;on&#8220; gutter_width=&#8220;1&#8243; make_equal=&#8220;on&#8220; admin_label=&#8220;row&#8220; _builder_version=&#8220;4.16&#8243; background_color=&#8220;#ffffff&#8220; background_size=&#8220;initial&#8220; background_position=&#8220;top_left&#8220; background_repeat=&#8220;repeat&#8220; custom_margin=&#8220;0px||0px|&#8220; custom_padding=&#8220;0px||0px|&#8220; make_fullwidth=&#8220;off&#8220; use_custom_width=&#8220;off&#8220; width_unit=&#8220;on&#8220; global_colors_info=&#8220;{}&#8220;][et_pb_column type=&#8220;3_4&#8243; module_class=&#8220;boxsetshad&#8220; _builder_version=&#8220;4.16&#8243; custom_padding=&#8220;3%|3%|3%|3%&#8220; global_colors_info=&#8220;{}&#8220; custom_padding__hover=&#8220;|||&#8220;][et_pb_text _builder_version=&#8220;4.27.4&#8243; background_size=&#8220;initial&#8220; background_position=&#8220;top_left&#8220; background_repeat=&#8220;repeat&#8220; module_alignment=&#8220;left&#8220; custom_margin=&#8220;-30px||||false|false&#8220; custom_padding=&#8220;3%|3%|3%|3%&#8220; hover_enabled=&#8220;0&#8243; border_style=&#8220;solid&#8220; global_colors_info=&#8220;{}&#8220; sticky_enabled=&#8220;0&#8243;]<\/p>\n<h2>Kreta<\/h2>\n<p>Kreta ist mit einer L\u00e4nge von 260 km und einer Breite von 16 bis 60 km die gr\u00f6sste Insel von Griechenland. Durch seine s\u00fcdliche Lage hat es das ganze Jahr \u00fcber ein angenehmes Klima. Die Insel ist sehr abwechslungsreich. Die Natur ist oft rauh und gebirgig, aber gleichzeitig gr\u00fcn und fruchtbar. Zahlreiche vertr\u00e4umte D\u00f6rfer liegen im Innernen der Insel, an der K\u00fcste kleine und gr\u00f6ssere Urlaubsorte mit sch\u00f6nen Str\u00e4nden und Badebuchten. Weiters findet man arch\u00e4ologische Ausgrabungen, Kl\u00f6ster, Festungen und nicht zu vergessen die eindrucksvollen Schluchten. Die Bewohner sehen sich erstmal als Kreter, und dann erst als Griechen, sie sind stolz auf ihre Insel und ihre Traditionen. Auffallend ist ihre Gastfreundschaft, die ein wichtiger Bestandteil ihrer Kultur ist. Obwohl Kreta durch Orte wie Chersonnisos oder Malia ein Bild des Massentourismus gibt, werden Sie merken dass das in Mirtos nicht der Fall ist, Sie k\u00f6nnen dort Ruhe und manchmal \u201eh\u00f6rbare\u201c Stille geniessen.<\/p>\n<p>Durch das Diktigebirge gesch\u00fctzt hat der S\u00fcden von Kreta und damit auch Mirtos ein subtropisches Klima. Das bedeutet es ist hier im Winter viel milder und im Sommer einiges heisser als an der Nordk\u00fcste. Am Strand von Mirtos weht allerdings oft in den Sommermonaten eine k\u00fchlende Brise vom Meer her.<br \/>In der Umgebung von Mirtos finden Sie viele interessante Sehensw\u00fcrdigkeiten und landestypische Bergd\u00f6rfer mit ihrem freundlichen Bewohnern.<\/p>\n<p>Die reiche Geschichte von Kreta bewirkt dass man viele arch\u00e4ologische Ausgrabungen besuchen kann. Auch in der N\u00e4he von Mirtos liegen die Reste eines minoischen Dorfes. Die ber\u00fchmteste Ausgrabungsst\u00e4tte ist Knossos, bei Heraklion, ca. eineinhalb Fahrstunden n\u00f6rdlich von Mirtos.<\/p>\n<p>Ganz in der N\u00e4he liegt die Badeinsel Chrissi oder die Sarakina Schlucht wo die Abenteuerlustigen durchklettern k\u00f6nnen. Etwas weiter weg liegt mitten im Diktigebirge das Lassithiplateau.<br \/>Viel Information \u00fcber Kreta finden Sie auf folgenden Websites:<\/p>\n<p><a href=\"http:\/\/www.explorecrete.com\/german\/kreta-de.html\">http:\/\/www.explorecrete.com\/german\/kreta-de.html<\/a><\/p>\n<p><a href=\"http:\/\/www.west-crete.com\/ger\/index.htm\">http:\/\/www.west-crete.com\/ger\/index.htm<\/a><\/p>\n<p>&nbsp;<\/p>\n<p>[\/et_pb_text][\/et_pb_column][et_pb_column type=&#8220;1_4&#8243; _builder_version=&#8220;4.16&#8243; custom_padding=&#8220;|||&#8220; custom_css_main_element=&#8220;max-height: 556px;&#8220; global_colors_info=&#8220;{}&#8220; custom_padding__hover=&#8220;|||&#8220;][et_pb_gallery gallery_ids=&#8220;1837,1841,1845,1849,1853,1857,1861,1865,1869,1873,1877,1881&#8243; gallery_orderby=&#8220;rand&#8220; show_title_and_caption=&#8220;off&#8220; show_pagination=&#8220;off&#8220; zoom_icon_color=&#8220;#a32e24&#8243; hover_overlay_color=&#8220;rgba(246,227,206,0.8)&#8220; hover_icon=&#8220;&#x31;||divi||400&#8243; _builder_version=&#8220;4.27.4&#8243; custom_margin=&#8220;||30px||false|false&#8220; pagination_font_size_tablet=&#8220;51&#8243; pagination_line_height_tablet=&#8220;2&#8243; border_style=&#8220;solid&#8220; global_colors_info=&#8220;{}&#8220;][\/et_pb_gallery][\/et_pb_column][\/et_pb_row][et_pb_row _builder_version=&#8220;4.16&#8243; background_color=&#8220;#ffffff&#8220; background_size=&#8220;initial&#8220; background_position=&#8220;top_left&#8220; background_repeat=&#8220;repeat&#8220; custom_margin=&#8220;0px||0px|&#8220; custom_padding=&#8220;10px||0px|&#8220; make_fullwidth=&#8220;off&#8220; use_custom_width=&#8220;off&#8220; width_unit=&#8220;on&#8220; global_colors_info=&#8220;{}&#8220;][et_pb_column type=&#8220;4_4&#8243; _builder_version=&#8220;4.16&#8243; custom_padding=&#8220;|||&#8220; global_colors_info=&#8220;{}&#8220; custom_padding__hover=&#8220;|||&#8220;][et_pb_text _builder_version=&#8220;4.27.4&#8243; _module_preset=&#8220;default&#8220; locked=&#8220;off&#8220; global_colors_info=&#8220;{}&#8220;]<iframe src=\"https:\/\/www.google.com\/maps\/embed?pb=!1m18!1m12!1m3!1d5796972.502216761!2d21.490457278839738!3d35.3745785134691!2m3!1f0!2f0!3f0!3m2!1i1024!2i768!4f13.1!3m3!1m2!1s0x149afe2f827d98a1%3A0x100bd2ce2b9c630!2sCrete!5e1!3m2!1sen!2sgr!4v1759769173270!5m2!1sen!2sgr\" width=\"1080\" height=\"500\" style=\"border:0;\" allowfullscreen=\"\" loading=\"lazy\" referrerpolicy=\"no-referrer-when-downgrade\"><\/iframe>[\/et_pb_text][\/et_pb_column][\/et_pb_row][et_pb_row use_custom_gutter=&#8220;on&#8220; gutter_width=&#8220;1&#8243; module_class=&#8220; et_pb_row_fullwidth&#8220; _builder_version=&#8220;4.16&#8243; background_color=&#8220;rgba(0,0,0,0)&#8220; background_size=&#8220;initial&#8220; background_position=&#8220;top_left&#8220; background_repeat=&#8220;repeat&#8220; width=&#8220;100%&#8220; width_tablet=&#8220;100%&#8220; width_phone=&#8220;100%&#8220; width_last_edited=&#8220;on|desktop&#8220; max_width=&#8220;100%&#8220; max_width_tablet=&#8220;100%&#8220; max_width_phone=&#8220;100%&#8220; max_width_last_edited=&#8220;on|desktop&#8220; custom_margin=&#8220;0px||-20px|&#8220; custom_padding=&#8220;3px||0px|&#8220; custom_css_main_element=&#8220;position: fixed;|| bottom: 0;|| left: 0;|| width: 100%;||z-index: 999999;&#8220; make_fullwidth=&#8220;on&#8220; global_colors_info=&#8220;{}&#8220;][et_pb_column type=&#8220;4_4&#8243; _builder_version=&#8220;4.16&#8243; background_position=&#8220;top_left&#8220; custom_padding=&#8220;0px||0px|&#8220; global_colors_info=&#8220;{}&#8220; custom_padding__hover=&#8220;|||&#8220;][et_pb_toggle open_toggle_text_color=&#8220;rgba(255,255,255,0.9)&#8220; closed_toggle_text_color=&#8220;rgba(255,255,255,0)&#8220; closed_toggle_background_color=&#8220;rgba(0,0,0,0)&#8220; icon_color=&#8220;#f9e9d7&#8243; open_icon_color=&#8220;#f9e9d7&#8243; _builder_version=&#8220;4.16&#8243; title_font=&#8220;Cherry Cream Soda|on|||&#8220; title_font_size=&#8220;30&#8243; background_size=&#8220;initial&#8220; background_position=&#8220;top_left&#8220; background_repeat=&#8220;repeat&#8220; custom_css_main_element=&#8220;min-width: 100%;&#8220; custom_css_open_toggle=&#8220; background: -webkit-linear-gradient(left, rgba(255,255,255,1) , rgba(137,137,137,0)); \/* For Safari 5.1 to 6.0 *\/|| background: -o-linear-gradient(left, rgba(255,255,255,1), rgba(137,137,137,0)); \/* For Opera 11.1 to 12.0 *\/|| background: -moz-linear-gradient(left, rgba(255,255,255,1), rgba(137,137,137,0)); \/* For Firefox 3.6 to 15 *\/|| background: linear-gradient(to left, rgba(255,255,255,1) , rgba(137,137,137,0)); \/* Standard syntax (must be last) *\/&#8220; custom_css_toggle_icon=&#8220;position: fixed;||top:98%;||left: 1%;||||&#8220; custom_css_toggle_content=&#8220;margin-top: -40px;||margin-left: 4%;&#8220; border_width_all=&#8220;0px&#8220; border_color_all=&#8220;#d9d9d9&#8243; border_style_all=&#8220;solid&#8220; use_border_color=&#8220;on&#8220; border_width=&#8220;0px&#8220; border_style=&#8220;solid&#8220; global_colors_info=&#8220;{}&#8220;]<\/p>\n<p style=\"text-align: right;\"><span style=\"font-size: 10pt;\">Built and maintained\u00a0\u00a0<a href=\"https:\/\/www.cybershrimp.com\/heartbeat-website-monitor\/\"><img loading=\"lazy\" decoding=\"async\" class=\"jurlogo pulse\" title=\"Heartbeat Control\" src=\"https:\/\/villadianthe.staticdata.nl\/carbon\/2017\/02\/cybershrimpmini.png\" alt=\"cybershrimpmini\" width=\"16\" height=\"16\" \/><\/a><a title=\"\u03b9\u03c3\u03c4\u03bf\u03c3\u03b5\u03bb\u03af\u03b4\u03b5\u03c2 \u03b3\u03b9\u03b1 \u03c4\u03bf\u03c5\u03c2 \u03b1\u03bd\u03b8\u03c1\u03ce\u03c0\u03bf\u03c5\u03c2\" href=\"https:\/\/www.cybershrimp.nl\/\"> Cyber Shrimp<\/a>\u00a0\u00a9 Copyright\u00a02017 <img loading=\"lazy\" decoding=\"async\" class=\"alignnone wp-image-2240 size-full\" src=\"https:\/\/villadianthe.staticdata.nl\/carbon\/2017\/02\/villa-dianthe-mirtos-logo-footer-mini.png\" width=\"19\" height=\"19\" \/> <span style=\"font-family: chopin; color: #a32e24; font-size: 14pt;\"><a style=\"color: #a32e24;\" href=\"https:\/\/villadianthe.com\">Villa Dianthe<\/a><\/span><\/span><\/p>\n<p>[\/et_pb_toggle][\/et_pb_column][\/et_pb_row][\/et_pb_section]<\/p>\n","protected":false},"excerpt":{"rendered":"<p>Die gr\u00f6sste griechische Insel, und der s\u00fcdlichste Teil Europas Kreta Kreta ist mit einer L\u00e4nge von 260 km und einer Breite von 16 bis 60 km die gr\u00f6sste Insel von Griechenland. Durch seine s\u00fcdliche Lage hat es das ganze Jahr \u00fcber ein angenehmes Klima. Die Insel ist sehr abwechslungsreich. Die Natur ist oft rauh und [&hellip;]<\/p>\n","protected":false},"author":6,"featured_media":0,"parent":0,"menu_order":0,"comment_status":"closed","ping_status":"closed","template":"","meta":{"_et_pb_use_builder":"on","_et_pb_old_content":"","_et_gb_content_width":"","footnotes":""},"class_list":["post-1640","page","type-page","status-publish","hentry"],"_links":{"self":[{"href":"https:\/\/villadianthe.com\/de\/wp-json\/wp\/v2\/pages\/1640","targetHints":{"allow":["GET"]}}],"collection":[{"href":"https:\/\/villadianthe.com\/de\/wp-json\/wp\/v2\/pages"}],"about":[{"href":"https:\/\/villadianthe.com\/de\/wp-json\/wp\/v2\/types\/page"}],"author":[{"embeddable":true,"href":"https:\/\/villadianthe.com\/de\/wp-json\/wp\/v2\/users\/6"}],"replies":[{"embeddable":true,"href":"https:\/\/villadianthe.com\/de\/wp-json\/wp\/v2\/comments?post=1640"}],"version-history":[{"count":0,"href":"https:\/\/villadianthe.com\/de\/wp-json\/wp\/v2\/pages\/1640\/revisions"}],"wp:attachment":[{"href":"https:\/\/villadianthe.com\/de\/wp-json\/wp\/v2\/media?parent=1640"}],"curies":[{"name":"wp","href":"https:\/\/api.w.org\/{rel}","templated":true}]}}