{"id":1609,"date":"2017-02-17T13:18:17","date_gmt":"2017-02-17T13:18:17","guid":{"rendered":"https:\/\/villadianthe.com\/alles-uber-mirtos\/"},"modified":"2025-10-06T19:40:44","modified_gmt":"2025-10-06T16:40:44","slug":"alles-uber-mirtos","status":"publish","type":"page","link":"https:\/\/villadianthe.com\/de\/alles-uber-mirtos\/","title":{"rendered":"Alles \u00fcber Mirtos"},"content":{"rendered":"<p>[et_pb_section fb_built=&#8220;1&#8243; admin_label=&#8220;section&#8220; _builder_version=&#8220;4.16&#8243; background_color=&#8220;rgba(255,255,255,0.5)&#8220; custom_margin=&#8220;|30px||30px|false|true&#8220; custom_margin_tablet=&#8220;|30px||30px|false|true&#8220; custom_margin_phone=&#8220;|0px||0px|false|true&#8220; custom_margin_last_edited=&#8220;on|phone&#8220; border_radii=&#8220;on|20px|20px|20px|20px&#8220; transparent_background=&#8220;on&#8220; make_fullwidth=&#8220;off&#8220; use_custom_width=&#8220;off&#8220; width_unit=&#8220;on&#8220; global_colors_info=&#8220;{}&#8220;][et_pb_row admin_label=&#8220;Row&#8220; _builder_version=&#8220;4.16&#8243; background_size=&#8220;initial&#8220; background_position=&#8220;top_left&#8220; background_repeat=&#8220;repeat&#8220; make_fullwidth=&#8220;off&#8220; use_custom_width=&#8220;off&#8220; width_unit=&#8220;on&#8220; global_colors_info=&#8220;{}&#8220;][et_pb_column type=&#8220;4_4&#8243; _builder_version=&#8220;4.16&#8243; custom_padding=&#8220;|||&#8220; global_colors_info=&#8220;{}&#8220; custom_padding__hover=&#8220;|||&#8220;][et_pb_post_title meta=&#8220;off&#8220; featured_image=&#8220;off&#8220; admin_label=&#8220;Post Title&#8220; _builder_version=&#8220;4.16&#8243; title_font_size=&#8220;72px&#8220; parallax=&#8220;on&#8220; parallax_method=&#8220;off&#8220; parallax_effect=&#8220;on&#8220; use_border_color=&#8220;off&#8220; border_color=&#8220;#ffffff&#8220; border_style=&#8220;solid&#8220; global_colors_info=&#8220;{}&#8220;][\/et_pb_post_title][\/et_pb_column][\/et_pb_row][et_pb_row admin_label=&#8220;Row&#8220; _builder_version=&#8220;4.16&#8243; background_size=&#8220;initial&#8220; background_position=&#8220;top_left&#8220; background_repeat=&#8220;repeat&#8220; custom_margin=&#8220;||0px|&#8220; custom_padding=&#8220;||0px|&#8220; make_fullwidth=&#8220;off&#8220; use_custom_width=&#8220;off&#8220; width_unit=&#8220;on&#8220; global_colors_info=&#8220;{}&#8220;][et_pb_column type=&#8220;4_4&#8243; _builder_version=&#8220;4.16&#8243; custom_padding=&#8220;|||&#8220; global_colors_info=&#8220;{}&#8220; custom_padding__hover=&#8220;|||&#8220;][et_pb_text admin_label=&#8220;subtitel&#8220; _builder_version=&#8220;4.16&#8243; background_size=&#8220;initial&#8220; background_position=&#8220;top_left&#8220; background_repeat=&#8220;repeat&#8220; use_border_color=&#8220;off&#8220; border_color=&#8220;#ffffff&#8220; border_style=&#8220;solid&#8220; global_colors_info=&#8220;{}&#8220;]<span style=\"font-size: 14pt;\">Ein gem\u00fctliches Dorf am Libyschen Meer, wo man die Seele baumeln lassen kann&#8230;<\/span><br \/>\n[\/et_pb_text][et_pb_image src=&#8220;https:\/\/villadianthe.com\/wp-content\/uploads\/2017\/02\/villa-dianthe-mirtospage-top-seaview.jpg&#8220; title_text=&#8220;villa-dianthe-mirtospage-top-seaview&#8220; align_tablet=&#8220;center&#8220; align_phone=&#8220;center&#8220; align_last_edited=&#8220;on|desktop&#8220; admin_label=&#8220;Image&#8220; _builder_version=&#8220;4.21.0&#8243; use_border_color=&#8220;off&#8220; border_color=&#8220;#ffffff&#8220; border_style=&#8220;solid&#8220; animation=&#8220;off&#8220; sticky=&#8220;off&#8220; always_center_on_mobile=&#8220;on&#8220; global_colors_info=&#8220;{}&#8220;][\/et_pb_image][\/et_pb_column][\/et_pb_row][et_pb_row column_structure=&#8220;3_4,1_4&#8243; use_custom_gutter=&#8220;on&#8220; gutter_width=&#8220;1&#8243; make_equal=&#8220;on&#8220; admin_label=&#8220;row&#8220; _builder_version=&#8220;4.16&#8243; background_color=&#8220;#ffffff&#8220; background_size=&#8220;initial&#8220; background_position=&#8220;top_left&#8220; background_repeat=&#8220;repeat&#8220; custom_margin=&#8220;0px||0px|&#8220; custom_padding=&#8220;0px||10px|&#8220; make_fullwidth=&#8220;off&#8220; use_custom_width=&#8220;off&#8220; width_unit=&#8220;on&#8220; global_colors_info=&#8220;{}&#8220;][et_pb_column type=&#8220;3_4&#8243; module_class=&#8220;boxsetshad&#8220; _builder_version=&#8220;4.16&#8243; custom_padding=&#8220;3%|3%|3%|3%&#8220; global_colors_info=&#8220;{}&#8220; custom_padding__hover=&#8220;|||&#8220;][et_pb_text admin_label=&#8220;Text&#8220; _builder_version=&#8220;4.24.3&#8243; background_size=&#8220;initial&#8220; background_position=&#8220;top_left&#8220; background_repeat=&#8220;repeat&#8220; custom_padding=&#8220;3%|3%|3%|3%&#8220; use_border_color=&#8220;off&#8220; border_color=&#8220;#ffffff&#8220; border_style=&#8220;solid&#8220; global_colors_info=&#8220;{}&#8220;]<\/p>\n<h2>Mirtos<\/h2>\n<p>Dieses kleine Dorf mit seinen ca. 500 Einwohnern, das seit den 70er Jahren Besucher aus verschiedenen L\u00e4ndern beherbergt, konnte sich seinen Charme \u00fcber die Jahre hinweg erhalten. Ende der 80er Jahre wurde die Strandpromenade gebaut, ein paar Tavernen ge\u00f6ffnet und im Lauf der Zeit entstanden weitere Unterk\u00fcnfte, vorallem von Familien betriebene Ferienwohnungen. Es ist ein typisch kretisches Dorf geblieben, das w\u00e4hrend der touristischen Saison von April bis Oktober den Einwohnern ein Einkommen vom Tourismus bringt w\u00e4hrend sie im Winter ihre Oliven ernten oder ihr Gew\u00e4chshaus bestellen. Kleine, geschmacksvolle Gesch\u00e4fte mit sch\u00f6nen Souvenirs, Kleidung und Schmuck, Kr\u00e4utern und kretischen Produkten laden zu einem Einkaufsbummel ein. Mittlerweile gibt es sogar eine Apotheke im Dorf. Der B\u00e4cker, die zwei kleinen Superm\u00e4rkte und die Metzgerei versorgen die Einwohner und die G\u00e4ste mit allem N\u00f6tigen.<\/p>\n<p>Im Sommer finden verschiedene Veranstaltungen statt, sei es Live Musik in den Tavernen oder ein Dorffest zu verschiedenen Anl\u00e4ssen. Auch die aktiven G\u00e4ste kommen nicht zu kurz, es gibt marktierte <a href=\"https:\/\/mirtoshikingvillage.com\/de\/\" target=\"_blank\" rel=\"noopener\" title=\"Mirtos Hiking Village (deutsch)\">Wanderrouten<\/a> direkt vom Dorf aus und seit ein paar Jahren eine Tauchschule an der Promenade.<\/p>\n<p>Aber auch der Winter hat seinen Reiz f\u00fcr die jenigen die Ruhe und Entspannung suchen.<\/p>\n<p>F\u00fcr mehr Information besuchen Sie die Website von Mirtos: <a href=\"https:\/\/www.mirtoscrete.gr\/?lang=de\" target=\"_blank\" rel=\"noopener\">www.mirtoscrete.gr<\/a><\/p>\n<p>[\/et_pb_text][\/et_pb_column][et_pb_column type=&#8220;1_4&#8243; _builder_version=&#8220;4.16&#8243; custom_padding=&#8220;|||&#8220; custom_css_main_element=&#8220;max-height: 556px;&#8220; global_colors_info=&#8220;{}&#8220; custom_padding__hover=&#8220;|||&#8220;][et_pb_gallery gallery_ids=&#8220;2907,2875,2903,2891,2883,2931,2895,2899,2911,2879,2887,2915,2919,2923,2927,2935&#8243; posts_number=&#8220;3&#8243; show_title_and_caption=&#8220;off&#8220; show_pagination=&#8220;off&#8220; zoom_icon_color=&#8220;#a32e24&#8243; hover_overlay_color=&#8220;rgba(246,227,206,0.8)&#8220; hover_icon=&#8220;&#x31;||divi||400&#8243; admin_label=&#8220;Gallery&#8220; _builder_version=&#8220;4.16&#8243; title_font_size=&#8220;1&#8243; caption_line_height=&#8220;1px&#8220; border_style=&#8220;solid&#8220; global_colors_info=&#8220;{}&#8220;][\/et_pb_gallery][\/et_pb_column][\/et_pb_row][et_pb_row admin_label=&#8220;row&#8220; _builder_version=&#8220;4.16&#8243; background_color=&#8220;#ffffff&#8220; background_size=&#8220;initial&#8220; background_position=&#8220;top_left&#8220; background_repeat=&#8220;repeat&#8220; custom_margin=&#8220;0px||0px|&#8220; custom_padding=&#8220;10px||0px|&#8220; make_fullwidth=&#8220;off&#8220; use_custom_width=&#8220;off&#8220; width_unit=&#8220;on&#8220; global_colors_info=&#8220;{}&#8220;][et_pb_column type=&#8220;4_4&#8243; _builder_version=&#8220;4.16&#8243; custom_padding=&#8220;|||&#8220; global_colors_info=&#8220;{}&#8220; custom_padding__hover=&#8220;|||&#8220;][et_pb_text _builder_version=&#8220;4.27.4&#8243; _module_preset=&#8220;default&#8220; hover_enabled=&#8220;0&#8243; sticky_enabled=&#8220;0&#8243; locked=&#8220;off&#8220;]<iframe src=\"https:\/\/www.google.com\/maps\/embed?pb=!1m18!1m12!1m3!1d863012.0837318264!2d24.360456950041904!3d35.25387765796858!2m3!1f0!2f0!3f0!3m2!1i1024!2i768!4f13.1!3m3!1m2!1s0x149a831aeda9a4a7%3A0x500bd2ce2baf9d0!2sMyrtos%20720%2056!5e1!3m2!1sen!2sgr!4v1759768547390!5m2!1sen!2sgr\" width=\"1080\" height=\"500\" style=\"border:0;\" allowfullscreen=\"\" loading=\"lazy\" referrerpolicy=\"no-referrer-when-downgrade\"><\/iframe>[\/et_pb_text][\/et_pb_column][\/et_pb_row][et_pb_row use_custom_gutter=&#8220;on&#8220; gutter_width=&#8220;1&#8243; admin_label=&#8220;Row&#8220; module_class=&#8220; et_pb_row_fullwidth&#8220; _builder_version=&#8220;4.16&#8243; background_color=&#8220;rgba(0,0,0,0)&#8220; background_size=&#8220;initial&#8220; background_position=&#8220;top_left&#8220; background_repeat=&#8220;repeat&#8220; width=&#8220;100%&#8220; width_tablet=&#8220;100%&#8220; width_phone=&#8220;100%&#8220; width_last_edited=&#8220;on|desktop&#8220; max_width=&#8220;100%&#8220; max_width_tablet=&#8220;100%&#8220; max_width_phone=&#8220;100%&#8220; max_width_last_edited=&#8220;on|desktop&#8220; custom_margin=&#8220;0px||-20px|&#8220; custom_padding=&#8220;3px||0px|&#8220; custom_css_main_element=&#8220;position: fixed;|| bottom: 0;|| left: 0;|| width: 100%;||z-index: 999999;&#8220; make_fullwidth=&#8220;on&#8220; global_colors_info=&#8220;{}&#8220;][et_pb_column type=&#8220;4_4&#8243; _builder_version=&#8220;4.16&#8243; background_position=&#8220;top_left&#8220; custom_padding=&#8220;0px||0px|&#8220; global_colors_info=&#8220;{}&#8220; custom_padding__hover=&#8220;|||&#8220;][et_pb_toggle open_toggle_text_color=&#8220;rgba(255,255,255,0.9)&#8220; closed_toggle_text_color=&#8220;rgba(255,255,255,0)&#8220; closed_toggle_background_color=&#8220;rgba(0,0,0,0)&#8220; icon_color=&#8220;#f9e9d7&#8243; open_icon_color=&#8220;#f9e9d7&#8243; admin_label=&#8220;Toggle&#8220; _builder_version=&#8220;4.16&#8243; title_font=&#8220;Cherry Cream Soda|on|||&#8220; title_font_size=&#8220;30&#8243; background_size=&#8220;initial&#8220; background_position=&#8220;top_left&#8220; background_repeat=&#8220;repeat&#8220; custom_css_main_element=&#8220;min-width: 100%;&#8220; custom_css_open_toggle=&#8220; background: -webkit-linear-gradient(left, rgba(255,255,255,1) , rgba(137,137,137,0)); \/* For Safari 5.1 to 6.0 *\/|| background: -o-linear-gradient(left, rgba(255,255,255,1), rgba(137,137,137,0)); \/* For Opera 11.1 to 12.0 *\/|| background: -moz-linear-gradient(left, rgba(255,255,255,1), rgba(137,137,137,0)); \/* For Firefox 3.6 to 15 *\/|| background: linear-gradient(to left, rgba(255,255,255,1) , rgba(137,137,137,0)); \/* Standard syntax (must be last) *\/&#8220; custom_css_toggle_icon=&#8220;position: fixed;||top:98%;||left: 1%;||||&#8220; custom_css_toggle_content=&#8220;margin-top: -40px;||margin-left: 4%;&#8220; border_width_all=&#8220;0px&#8220; border_color_all=&#8220;#d9d9d9&#8243; border_style_all=&#8220;solid&#8220; use_border_color=&#8220;on&#8220; border_width=&#8220;0px&#8220; border_style=&#8220;solid&#8220; global_colors_info=&#8220;{}&#8220;]<\/p>\n<p style=\"text-align: right;\"><span style=\"font-size: 10pt;\">Built and maintained\u00a0\u00a0<a href=\"https:\/\/www.cybershrimp.com\/heartbeat-website-monitor\/\"><img loading=\"lazy\" decoding=\"async\" class=\"jurlogo pulse\" title=\"Heartbeat Control\" src=\"https:\/\/villadianthe.staticdata.nl\/carbon\/2017\/02\/cybershrimpmini.png\" alt=\"cybershrimpmini\" width=\"16\" height=\"16\" \/><\/a><a title=\"\u03b9\u03c3\u03c4\u03bf\u03c3\u03b5\u03bb\u03af\u03b4\u03b5\u03c2 \u03b3\u03b9\u03b1 \u03c4\u03bf\u03c5\u03c2 \u03b1\u03bd\u03b8\u03c1\u03ce\u03c0\u03bf\u03c5\u03c2\" href=\"https:\/\/www.cybershrimp.nl\/\"> Cyber Shrimp<\/a>\u00a0\u00a9 Copyright\u00a02017 <img loading=\"lazy\" decoding=\"async\" class=\"alignnone wp-image-2240 size-full\" src=\"https:\/\/villadianthe.staticdata.nl\/carbon\/2017\/02\/villa-dianthe-mirtos-logo-footer-mini.png\" width=\"19\" height=\"19\" \/> <span style=\"font-family: chopin; color: #a32e24; font-size: 14pt;\"><a style=\"color: #a32e24;\" href=\"https:\/\/villadianthe.com\">Villa Dianthe<\/a><\/span><\/span><\/p>\n<p>[\/et_pb_toggle][\/et_pb_column][\/et_pb_row][\/et_pb_section]<\/p>\n","protected":false},"excerpt":{"rendered":"<p>Ein gem\u00fctliches Dorf am Libyschen Meer, wo man die Seele baumeln lassen kann&#8230; Mirtos Dieses kleine Dorf mit seinen ca. 500 Einwohnern, das seit den 70er Jahren Besucher aus verschiedenen L\u00e4ndern beherbergt, konnte sich seinen Charme \u00fcber die Jahre hinweg erhalten. Ende der 80er Jahre wurde die Strandpromenade gebaut, ein paar Tavernen ge\u00f6ffnet und im [&hellip;]<\/p>\n","protected":false},"author":6,"featured_media":0,"parent":0,"menu_order":0,"comment_status":"closed","ping_status":"closed","template":"","meta":{"_et_pb_use_builder":"on","_et_pb_old_content":"","_et_gb_content_width":"","footnotes":""},"class_list":["post-1609","page","type-page","status-publish","hentry"],"_links":{"self":[{"href":"https:\/\/villadianthe.com\/de\/wp-json\/wp\/v2\/pages\/1609","targetHints":{"allow":["GET"]}}],"collection":[{"href":"https:\/\/villadianthe.com\/de\/wp-json\/wp\/v2\/pages"}],"about":[{"href":"https:\/\/villadianthe.com\/de\/wp-json\/wp\/v2\/types\/page"}],"author":[{"embeddable":true,"href":"https:\/\/villadianthe.com\/de\/wp-json\/wp\/v2\/users\/6"}],"replies":[{"embeddable":true,"href":"https:\/\/villadianthe.com\/de\/wp-json\/wp\/v2\/comments?post=1609"}],"version-history":[{"count":0,"href":"https:\/\/villadianthe.com\/de\/wp-json\/wp\/v2\/pages\/1609\/revisions"}],"wp:attachment":[{"href":"https:\/\/villadianthe.com\/de\/wp-json\/wp\/v2\/media?parent=1609"}],"curies":[{"name":"wp","href":"https:\/\/api.w.org\/{rel}","templated":true}]}}