{"id":1563,"date":"2017-02-16T12:25:03","date_gmt":"2017-02-16T12:25:03","guid":{"rendered":"https:\/\/villadianthe.com\/willkommmen-in-villa-dianthe\/"},"modified":"2026-04-05T09:26:31","modified_gmt":"2026-04-05T06:26:31","slug":"willkommmen-in-villa-dianthe","status":"publish","type":"page","link":"https:\/\/villadianthe.com\/de\/","title":{"rendered":"Willkommen in Villa Dianthe"},"content":{"rendered":"<p>[et_pb_section fb_built=&#8220;1&#8243; admin_label=&#8220;section&#8220; _builder_version=&#8220;4.16&#8243; background_color=&#8220;rgba(255,255,255,0.5)&#8220; custom_margin=&#8220;|30px||30px|false|true&#8220; custom_margin_tablet=&#8220;|30px||30px|false|true&#8220; custom_margin_phone=&#8220;|0px||0px|false|true&#8220; custom_margin_last_edited=&#8220;on|phone&#8220; border_radii=&#8220;on|20px|20px|20px|20px&#8220; transparent_background=&#8220;on&#8220; make_fullwidth=&#8220;off&#8220; use_custom_width=&#8220;off&#8220; width_unit=&#8220;on&#8220; global_colors_info=&#8220;{}&#8220;][et_pb_row use_custom_gutter=&#8220;on&#8220; gutter_width=&#8220;1&#8243; _builder_version=&#8220;4.16&#8243; background_size=&#8220;initial&#8220; background_position=&#8220;top_left&#8220; background_repeat=&#8220;repeat&#8220; custom_margin=&#8220;0px||0px|&#8220; custom_padding=&#8220;0px||0px|&#8220; make_fullwidth=&#8220;off&#8220; use_custom_width=&#8220;off&#8220; width_unit=&#8220;on&#8220; global_colors_info=&#8220;{}&#8220;][et_pb_column type=&#8220;4_4&#8243; _builder_version=&#8220;4.16&#8243; custom_padding=&#8220;|||&#8220; global_colors_info=&#8220;{}&#8220; custom_padding__hover=&#8220;|||&#8220;][et_pb_post_title meta=&#8220;off&#8220; featured_image=&#8220;off&#8220; _builder_version=&#8220;4.16&#8243; title_font_size=&#8220;72px&#8220; parallax=&#8220;on&#8220; parallax_method=&#8220;off&#8220; parallax_effect=&#8220;on&#8220; use_border_color=&#8220;off&#8220; border_color=&#8220;#ffffff&#8220; border_style=&#8220;solid&#8220; global_colors_info=&#8220;{}&#8220;][\/et_pb_post_title][\/et_pb_column][\/et_pb_row][et_pb_row use_custom_gutter=&#8220;on&#8220; gutter_width=&#8220;1&#8243; _builder_version=&#8220;4.16&#8243; background_size=&#8220;initial&#8220; background_position=&#8220;top_left&#8220; background_repeat=&#8220;repeat&#8220; custom_margin=&#8220;0px||0px|&#8220; custom_padding=&#8220;0px||0px|&#8220; make_fullwidth=&#8220;off&#8220; use_custom_width=&#8220;off&#8220; width_unit=&#8220;on&#8220; global_colors_info=&#8220;{}&#8220;][et_pb_column type=&#8220;4_4&#8243; _builder_version=&#8220;4.16&#8243; custom_padding=&#8220;|||&#8220; global_colors_info=&#8220;{}&#8220; custom_padding__hover=&#8220;|||&#8220;][et_pb_text admin_label=&#8220;subtitle&#8220; _builder_version=&#8220;4.16&#8243; background_size=&#8220;initial&#8220; background_position=&#8220;top_left&#8220; background_repeat=&#8220;repeat&#8220; module_alignment=&#8220;left&#8220; use_border_color=&#8220;off&#8220; border_color=&#8220;#ffffff&#8220; border_style=&#8220;solid&#8220; global_colors_info=&#8220;{}&#8220;]<\/p>\n<p><span style=\"font-size: 14pt;\">Luxuswohnungen von au\u00dfergew\u00f6hnlicher Qualit\u00e4t in Mirtos, die das ganze Jahr \u00fcber ge\u00f6ffnet sind<\/span><\/p>\n<p><span style=\"font-size: 14pt;\"><\/span><\/p>\n<p>[\/et_pb_text][et_pb_text _builder_version=&#8220;4.16&#8243; z_index_tablet=&#8220;500&#8243; text_text_shadow_horizontal_length_tablet=&#8220;0px&#8220; text_text_shadow_vertical_length_tablet=&#8220;0px&#8220; text_text_shadow_blur_strength_tablet=&#8220;1px&#8220; link_text_shadow_horizontal_length_tablet=&#8220;0px&#8220; link_text_shadow_vertical_length_tablet=&#8220;0px&#8220; link_text_shadow_blur_strength_tablet=&#8220;1px&#8220; ul_text_shadow_horizontal_length_tablet=&#8220;0px&#8220; ul_text_shadow_vertical_length_tablet=&#8220;0px&#8220; ul_text_shadow_blur_strength_tablet=&#8220;1px&#8220; ol_text_shadow_horizontal_length_tablet=&#8220;0px&#8220; ol_text_shadow_vertical_length_tablet=&#8220;0px&#8220; ol_text_shadow_blur_strength_tablet=&#8220;1px&#8220; quote_text_shadow_horizontal_length_tablet=&#8220;0px&#8220; quote_text_shadow_vertical_length_tablet=&#8220;0px&#8220; quote_text_shadow_blur_strength_tablet=&#8220;1px&#8220; header_text_shadow_horizontal_length_tablet=&#8220;0px&#8220; header_text_shadow_vertical_length_tablet=&#8220;0px&#8220; header_text_shadow_blur_strength_tablet=&#8220;1px&#8220; header_2_text_shadow_horizontal_length_tablet=&#8220;0px&#8220; header_2_text_shadow_vertical_length_tablet=&#8220;0px&#8220; header_2_text_shadow_blur_strength_tablet=&#8220;1px&#8220; header_3_text_shadow_horizontal_length_tablet=&#8220;0px&#8220; header_3_text_shadow_vertical_length_tablet=&#8220;0px&#8220; header_3_text_shadow_blur_strength_tablet=&#8220;1px&#8220; header_4_text_shadow_horizontal_length_tablet=&#8220;0px&#8220; header_4_text_shadow_vertical_length_tablet=&#8220;0px&#8220; header_4_text_shadow_blur_strength_tablet=&#8220;1px&#8220; header_5_text_shadow_horizontal_length_tablet=&#8220;0px&#8220; header_5_text_shadow_vertical_length_tablet=&#8220;0px&#8220; header_5_text_shadow_blur_strength_tablet=&#8220;1px&#8220; header_6_text_shadow_horizontal_length_tablet=&#8220;0px&#8220; header_6_text_shadow_vertical_length_tablet=&#8220;0px&#8220; header_6_text_shadow_blur_strength_tablet=&#8220;1px&#8220; box_shadow_horizontal_tablet=&#8220;0px&#8220; box_shadow_vertical_tablet=&#8220;0px&#8220; box_shadow_blur_tablet=&#8220;40px&#8220; box_shadow_spread_tablet=&#8220;0px&#8220; global_colors_info=&#8220;{}&#8220;]<\/p>\n<p><div class=\"container-lazyload container-vimeo js-lazyload--not-loaded\"><a href=\"https:\/\/vimeo.com\/505203867\" id=\"505203867\" class=\"lazy-load-vimeo preview-lazyload preview-vimeo\" data-video-uri=\"\/videos\/505203867\" data-video-thumbnail=\"https:\/\/i.vimeocdn.com\/video\/1045494465-151470ee41a3efd59dad85f043aef1d926df2294080781c34c413b03b26928d9-d_960?region=us\" data-video-title=\"Willkommen in Villa Dianthe\" title=\"Play video &quot;Willkommen in Villa Dianthe&quot;\">https:\/\/vimeo.com\/505203867<\/a><noscript>Video can&#8217;t be loaded because JavaScript is disabled: <a href=\"https:\/\/vimeo.com\/505203867\" title=\"Willkommen in Villa Dianthe\">Willkommen in Villa Dianthe (https:\/\/vimeo.com\/505203867)<\/a><\/noscript><\/div>\n<\/p>\n<p>[\/et_pb_text][\/et_pb_column][\/et_pb_row][et_pb_row column_structure=&#8220;3_4,1_4&#8243; use_custom_gutter=&#8220;on&#8220; gutter_width=&#8220;1&#8243; make_equal=&#8220;on&#8220; admin_label=&#8220;row&#8220; _builder_version=&#8220;4.27.4&#8243; background_color=&#8220;rgba(255,255,255,0.5)&#8220; background_size=&#8220;initial&#8220; background_position=&#8220;top_left&#8220; background_repeat=&#8220;repeat&#8220; custom_margin=&#8220;0px||0px|&#8220; custom_padding=&#8220;0px||0px|&#8220; make_fullwidth=&#8220;off&#8220; use_custom_width=&#8220;off&#8220; width_unit=&#8220;on&#8220; locked=&#8220;off&#8220; global_colors_info=&#8220;{}&#8220;][et_pb_column type=&#8220;3_4&#8243; module_class=&#8220;boxsetshad&#8220; _builder_version=&#8220;4.16&#8243; background_color=&#8220;rgba(255,255,255,0.45)&#8220; custom_padding=&#8220;3%|3%|3%|3%&#8220; global_colors_info=&#8220;{}&#8220; custom_padding__hover=&#8220;|||&#8220;][et_pb_text _builder_version=&#8220;4.27.4&#8243; background_size=&#8220;initial&#8220; background_position=&#8220;top_left&#8220; background_repeat=&#8220;repeat&#8220; module_alignment=&#8220;left&#8220; use_border_color=&#8220;off&#8220; global_colors_info=&#8220;{}&#8220;]<\/p>\n<h2>Appartements<\/h2>\n<p>An einem idyllischen Platz am Rande des netten und ruhigen Dorfes Mirtos im S\u00fcdosten Kretas finden Sie die Villa Dianthe, bestehend aus f\u00fcnf sehr sch\u00f6nen und ger\u00e4umigen Appartements von <strong>hervorragender Qualit\u00e4t<\/strong>. Vier davon haben 3 Zimmer, das f\u00fcnfte ist mit 4 Zimmern ausgestattet. Von allen Appartements haben Sie einen wunderbaren Weitblick \u00fcber die im Winter und Fr\u00fchjahr gr\u00fcne Umgebung, sowie das Meer und das Dorf. Villa Dianthe ist ungef\u00e4hr 450 m vom Dorfzentrum mit seinen L\u00e4den und Tavernen entfernt, zur Promenade und zum Strand sind es dann nur noch 50 m. Der Weg zum Zentrum ist gut zu Fu\u00df zu erreichen, mit kaum H\u00f6henunterschied.<\/p>\n<h2>Luxus<\/h2>\n<p>Jedes Appartement ist \u00fcber eine seperaten Treppe zu erreichen und hat eine komfortable Ausstattung. Im 3-Zimmer Appartement befindet sich je ein grosser Wohn\/K\u00fcchenbereich, zwei Schlafzimmer, ein sch\u00f6nes Bad mit Dusche, WC und Waschbecken und ein <strong>gro\u00dfer Balkon mit Meerblick<\/strong>. Das 4-Zimmer Appartement besitzt ein Schlafzimmer und ein Bad extra, alle Zimmer sind mit einer Klimaanlage ausgestattet. Im Wohnzimmer ist eine Schlafcouch und eine Essecke, Satelliten-TV und Internetanschluss sind vorhanden.<\/p>\n<div class=\"jurblokje\">Um den Einsatz von Plastikwasserflaschen zu vermeiden, haben wir eine Wasserfilteranlage installiert. So k\u00f6nnen Sie kostenlos Trinkwasser zapfen.<\/div>\n<h2>Au\u00dfergew\u00f6hnliche Qualit\u00e4t<\/h2>\n<p>In der <strong>ger\u00e4umigen K\u00fcche<\/strong> befinden sich eine Kochplatte mit Ceranfeld und Dunstabzughaube, eine Kombi-Mikrowelle, ein Geschirrsp\u00fcler und s\u00e4mtliches K\u00fcchenzubeh\u00f6r, dazu eine Kaffeemaschine (Filter, Nespresso oder Senseo) und ein Wasserkocher. Die 3-Zimmer-Appartements sind f\u00fcr 5 bis 6 Personen geeignet, das 4 Zimmer- Appartement f\u00fcr 7 bis 8 Personen.<\/p>\n<h2>\u00dcberwinterung in Mirtos<\/h2>\n<p>Das angenehme, milde Klima im Winter und die vollst\u00e4ndige Ausstattung der Appartments bieten sich f\u00fcr ein \u00dcberwintern in S\u00fcdostkreta an. <strong>Villa Dianthe ist das ganze Jahr \u00fcber ge\u00f6ffnet<\/strong>. Mirtos lebt auch im Winter, die wichtigsten Gesch\u00e4fte wie der B\u00e4cker, der Metzger, die zwei kleinen Superm\u00e4rkte und eine Taverne sind auch im Winter in Betrieb. G\u00e4ste die den Winter erleben wollen k\u00f6nnen den Preis pro Monat auf der <a href=\"https:\/\/villadianthe.com\/de\/preise\/\">Preisliste<\/a> einsehen. F\u00fcr einen noch l\u00e4ngeren Aufenthalt gibt es Angebote auf Anfrage.<br \/>\nW\u00e4hrend eines Winteraufenthalts gilt ein spezieller Monatstarif oder ein speziell vereinbarter Preis. Es gelten auch unterschiedliche Gesch\u00e4ftsbedingungen. Bitte beachten Sie die <a href=\"https:\/\/documents.staticdata.nl\/buchungsbedingungen-villa-dianthe-05-03-2024.pdf\" target=\"_blank\" rel=\"noopener\" title=\"PDF, \u00f6ffnet sich in neuem Tab\">Buchungsbedingungen<\/a> unter &#8222;\u00dcberwintern&#8220; f\u00fcr weitere Informationen.[\/et_pb_text][et_pb_divider show_divider=&#8220;off&#8220; disabled_on=&#8220;on|on|off&#8220; _builder_version=&#8220;4.16&#8243; height=&#8220;30px&#8220; hide_on_mobile=&#8220;on&#8220; global_colors_info=&#8220;{}&#8220;][\/et_pb_divider][\/et_pb_column][et_pb_column type=&#8220;1_4&#8243; module_id=&#8220;stickscroll&#8220; module_class=&#8220;boxsetshad&#8220; _builder_version=&#8220;4.16&#8243; background_color=&#8220;rgba(255,255,255,0.45)&#8220; custom_padding=&#8220;|||&#8220; global_colors_info=&#8220;{}&#8220; custom_padding__hover=&#8220;|||&#8220;][et_pb_gallery gallery_ids=&#8220;219085,219089,219077,219061,219109,219065,219073,219097,219101,219081,219105,219113,219117,219093,219069&#8243; show_title_and_caption=&#8220;off&#8220; zoom_icon_color=&#8220;#a32e24&#8243; hover_overlay_color=&#8220;rgba(246,227,206,0.8)&#8220; hover_icon=&#8220;&#x31;||divi||400&#8243; _builder_version=&#8220;4.24.3&#8243; caption_font=&#8220;|on|||&#8220; pagination_text_align=&#8220;right&#8220; pagination_text_color=&#8220;rgba(0,0,0,0)&#8220; pagination_font_size=&#8220;20&#8243; pagination_font_size_tablet=&#8220;51&#8243; pagination_line_height_tablet=&#8220;2&#8243; locked=&#8220;off&#8220; global_colors_info=&#8220;{}&#8220;][\/et_pb_gallery][et_pb_code _builder_version=&#8220;4.16&#8243; global_colors_info=&#8220;{}&#8220;]<\/p>\n<style><!-- [et_pb_line_break_holder] -->li.page { <!-- [et_pb_line_break_holder] -->background-image: url(https:\/\/villadianthe.com\/wp-content\/uploads\/2018\/03\/dot-red.png);<!-- [et_pb_line_break_holder] -->background-repeat: no-repeat;<!-- [et_pb_line_break_holder] --> background-position: 50% 50%;<!-- [et_pb_line_break_holder] -->margin: 6px; <!-- [et_pb_line_break_holder] -->}<!-- [et_pb_line_break_holder] -->li.prev, li.next, a.page-next, a.page-prev {<!-- [et_pb_line_break_holder] -->display: none;<!-- [et_pb_line_break_holder] -->}<!-- [et_pb_line_break_holder] --><\/style>\n<p><!-- [et_pb_line_break_holder] --><!-- [et_pb_line_break_holder] -->[\/et_pb_code][\/et_pb_column][\/et_pb_row][et_pb_row use_custom_gutter=&#8220;on&#8220; gutter_width=&#8220;1&#8243; _builder_version=&#8220;4.27.4&#8243; background_color=&#8220;rgba(255,255,255,0.5)&#8220; background_size=&#8220;initial&#8220; background_position=&#8220;top_left&#8220; background_repeat=&#8220;repeat&#8220; custom_margin=&#8220;0px||0px|&#8220; custom_padding=&#8220;0px||0px|&#8220; make_fullwidth=&#8220;off&#8220; use_custom_width=&#8220;off&#8220; width_unit=&#8220;on&#8220; locked=&#8220;off&#8220; global_colors_info=&#8220;{}&#8220;][et_pb_column type=&#8220;4_4&#8243; _builder_version=&#8220;4.16&#8243; background_color=&#8220;rgba(255,255,255,0.45)&#8220; custom_padding=&#8220;3%|3%|3%|3%&#8220; global_colors_info=&#8220;{}&#8220; custom_padding__hover=&#8220;|||&#8220;][et_pb_text admin_label=&#8220;floor plans&#8220; _builder_version=&#8220;4.16&#8243; background_size=&#8220;initial&#8220; background_position=&#8220;top_left&#8220; background_repeat=&#8220;repeat&#8220; module_alignment=&#8220;left&#8220; use_border_color=&#8220;off&#8220; border_color=&#8220;#ffffff&#8220; border_style=&#8220;solid&#8220; global_colors_info=&#8220;{}&#8220;]<\/p>\n<h3>Grundrisse<\/h3>\n<p>[\/et_pb_text][\/et_pb_column][\/et_pb_row][et_pb_row column_structure=&#8220;1_3,1_3,1_3&#8243; use_custom_gutter=&#8220;on&#8220; gutter_width=&#8220;1&#8243; make_equal=&#8220;on&#8220; _builder_version=&#8220;4.16&#8243; background_color=&#8220;#ffffff&#8220; background_size=&#8220;initial&#8220; background_position=&#8220;top_left&#8220; background_repeat=&#8220;repeat&#8220; custom_margin=&#8220;0px||0px|&#8220; custom_padding=&#8220;0px||0px|&#8220; make_fullwidth=&#8220;off&#8220; use_custom_width=&#8220;off&#8220; width_unit=&#8220;on&#8220; locked=&#8220;off&#8220; global_colors_info=&#8220;{}&#8220;][et_pb_column type=&#8220;1_3&#8243; _builder_version=&#8220;4.16&#8243; custom_padding=&#8220;|||&#8220; global_colors_info=&#8220;{}&#8220; custom_padding__hover=&#8220;|||&#8220;][et_pb_image src=&#8220;https:\/\/villadianthe.com\/wp-content\/uploads\/2024\/04\/villadianthe.com-apartment-1-floor-plan.jpg&#8220; alt=&#8220;Floor plan of apt 1&#8243; title_text=&#8220;villadianthe.com-apartment-1-floor-plan&#8220; show_in_lightbox=&#8220;on&#8220; use_overlay=&#8220;on&#8220; hover_overlay_color=&#8220;rgba(246,227,206,0.8)&#8220; hover_icon=&#8220;&#x31;||divi||400&#8243; align_tablet=&#8220;center&#8220; align_phone=&#8220;&#8220; align_last_edited=&#8220;on|desktop&#8220; _builder_version=&#8220;4.24.3&#8243; background_size=&#8220;initial&#8220; background_position=&#8220;top_left&#8220; background_repeat=&#8220;repeat&#8220; use_border_color=&#8220;off&#8220; border_color=&#8220;#ffffff&#8220; border_style=&#8220;solid&#8220; animation=&#8220;off&#8220; sticky=&#8220;off&#8220; always_center_on_mobile=&#8220;on&#8220; global_colors_info=&#8220;{}&#8220;][\/et_pb_image][\/et_pb_column][et_pb_column type=&#8220;1_3&#8243; _builder_version=&#8220;4.16&#8243; custom_padding=&#8220;|||&#8220; global_colors_info=&#8220;{}&#8220; custom_padding__hover=&#8220;|||&#8220;][et_pb_image src=&#8220;https:\/\/villadianthe.com\/wp-content\/uploads\/2024\/04\/villadianthe.com-apartment-2-floor-plan.jpg&#8220; alt=&#8220;Floor plan of apt 2 and 4&#8243; title_text=&#8220;villadianthe.com-apartment-2-floor-plan&#8220; show_in_lightbox=&#8220;on&#8220; use_overlay=&#8220;on&#8220; hover_overlay_color=&#8220;rgba(246,227,206,0.8)&#8220; hover_icon=&#8220;&#x31;||divi||400&#8243; align_tablet=&#8220;center&#8220; align_phone=&#8220;&#8220; align_last_edited=&#8220;on|desktop&#8220; _builder_version=&#8220;4.24.3&#8243; use_border_color=&#8220;off&#8220; border_color=&#8220;#ffffff&#8220; border_style=&#8220;solid&#8220; animation=&#8220;off&#8220; sticky=&#8220;off&#8220; always_center_on_mobile=&#8220;on&#8220; global_colors_info=&#8220;{}&#8220;][\/et_pb_image][\/et_pb_column][et_pb_column type=&#8220;1_3&#8243; _builder_version=&#8220;4.16&#8243; custom_padding=&#8220;|||&#8220; global_colors_info=&#8220;{}&#8220; custom_padding__hover=&#8220;|||&#8220;][et_pb_image src=&#8220;https:\/\/villadianthe.com\/wp-content\/uploads\/2024\/04\/villadianthe.com-apartment-3-floor-plan.jpg&#8220; alt=&#8220;Floor plan of apt 3 and 5&#8243; title_text=&#8220;villadianthe.com-apartment-3-floor-plan&#8220; show_in_lightbox=&#8220;on&#8220; use_overlay=&#8220;on&#8220; hover_overlay_color=&#8220;rgba(246,227,206,0.8)&#8220; hover_icon=&#8220;&#x31;||divi||400&#8243; align_tablet=&#8220;center&#8220; align_phone=&#8220;&#8220; align_last_edited=&#8220;on|desktop&#8220; _builder_version=&#8220;4.24.3&#8243; use_border_color=&#8220;off&#8220; border_color=&#8220;#ffffff&#8220; border_style=&#8220;solid&#8220; animation=&#8220;off&#8220; sticky=&#8220;off&#8220; always_center_on_mobile=&#8220;on&#8220; global_colors_info=&#8220;{}&#8220;][\/et_pb_image][\/et_pb_column][\/et_pb_row][et_pb_row column_structure=&#8220;2_3,1_3&#8243; disabled_on=&#8220;off|off|off&#8220; module_class=&#8220;popuprowpromo&#8220; _builder_version=&#8220;4.27.4&#8243; background_size=&#8220;initial&#8220; background_position=&#8220;top_left&#8220; background_repeat=&#8220;repeat&#8220; custom_margin=&#8220;0px||0px|&#8220; custom_padding=&#8220;0px||0px|&#8220; locked=&#8220;off&#8220; global_colors_info=&#8220;{}&#8220;][et_pb_column type=&#8220;2_3&#8243; _builder_version=&#8220;4.16&#8243; background_position=&#8220;top_left&#8220; custom_padding=&#8220;|||&#8220; global_colors_info=&#8220;{}&#8220; custom_padding__hover=&#8220;|||&#8220;][et_pb_code _builder_version=&#8220;4.16&#8243; custom_css_main_element=&#8220;display: none;&#8220; global_colors_info=&#8220;{}&#8220;]<\/p>\n<style><!-- [et_pb_line_break_holder] -->.poppie.et_pb_toggle_close .et_pb_toggle_title:before, .poppie.et_pb_toggle_close {<!-- [et_pb_line_break_holder] -->display: none;<!-- [et_pb_line_break_holder] -->}<!-- [et_pb_line_break_holder] --><\/style>\n<p>[\/et_pb_code][et_pb_toggle title=&#8220;Last Minute&#8220; open=&#8220;on&#8220; open_toggle_text_color=&#8220;#ae4439&#8243; open_toggle_background_color=&#8220;rgba(255,255,255,0.96)&#8220; icon_color=&#8220;#ae4439&#8243; open_icon_color=&#8220;#ae4439&#8243; open_toggle_icon=&#8220;&#x51;||divi||400&#8243; module_class=&#8220;poppie&#8220; _builder_version=&#8220;4.27.6&#8243; title_font=&#8220;|700|||||||&#8220; title_font_size=&#8220;24px&#8220; animation_style=&#8220;slide&#8220; animation_direction=&#8220;left&#8220; hover_transition_duration=&#8220;1000ms&#8220; hover_transition_delay=&#8220;150ms&#8220; hover_transition_speed_curve=&#8220;ease-in&#8220; custom_css_main_element=&#8220;position: fixed;||right: 4%;||top: 20%;||max-width:60%;||z-index: 199999;&#8220; border_radii=&#8220;on|10px|10px|10px|10px&#8220; border_width_all=&#8220;10px&#8220; border_color_all=&#8220;#FFFFFF&#8220; border_style_all=&#8220;dashed&#8220; box_shadow_style=&#8220;preset1&#8243; locked=&#8220;off&#8220; global_colors_info=&#8220;{}&#8220;]Es gibt noch ein paar kurze Zeitr\u00e4ume, die wir gerne zu einem reduzierten Preis vermieten m\u00f6chten:<br \/>\n\n<table id=\"tablepress-1\" class=\"tablepress tablepress-id-1\">\n<tbody class=\"row-hover\">\n<tr class=\"row-1\">\n\t<td class=\"column-1\">27\/04 - 04\/05<\/td>\n<\/tr>\n<tr class=\"row-2\">\n\t<td class=\"column-1\">30\/04 - 10\/05<\/td>\n<\/tr>\n<tr class=\"row-3\">\n\t<td class=\"column-1\">04\/05 - 07\/05<\/td>\n<\/tr>\n<tr class=\"row-4\">\n\t<td class=\"column-1\">13\/05 - 17\/05<\/td>\n<\/tr>\n<tr class=\"row-5\">\n\t<td class=\"column-1\">27\/05 - 03\/06<\/td>\n<\/tr>\n<\/tbody>\n<\/table>\n<!-- #tablepress-1 from cache --><br \/>\nWenn Sie Interesse haben, lassen Sie es uns wissen, und wir machen Ihnen ein sch\u00f6nes Angebot.[\/et_pb_toggle][\/et_pb_column][et_pb_column type=&#8220;1_3&#8243; _builder_version=&#8220;4.16&#8243; custom_padding=&#8220;|||&#8220; global_colors_info=&#8220;{}&#8220; custom_padding__hover=&#8220;|||&#8220;][\/et_pb_column][\/et_pb_row][\/et_pb_section]<\/p>\n","protected":false},"excerpt":{"rendered":"<p>Luxuswohnungen von au\u00dfergew\u00f6hnlicher Qualit\u00e4t in Mirtos, im S\u00fcden Kretas, die das ganze Jahr \u00fcber ge\u00f6ffnet sind. Auch f\u00fcr ein \u00dcberwintern!<\/p>\n","protected":false},"author":6,"featured_media":0,"parent":0,"menu_order":0,"comment_status":"closed","ping_status":"closed","template":"","meta":{"_et_pb_use_builder":"on","_et_pb_old_content":"","_et_gb_content_width":"","footnotes":""},"class_list":["post-1563","page","type-page","status-publish","hentry"],"_links":{"self":[{"href":"https:\/\/villadianthe.com\/de\/wp-json\/wp\/v2\/pages\/1563","targetHints":{"allow":["GET"]}}],"collection":[{"href":"https:\/\/villadianthe.com\/de\/wp-json\/wp\/v2\/pages"}],"about":[{"href":"https:\/\/villadianthe.com\/de\/wp-json\/wp\/v2\/types\/page"}],"author":[{"embeddable":true,"href":"https:\/\/villadianthe.com\/de\/wp-json\/wp\/v2\/users\/6"}],"replies":[{"embeddable":true,"href":"https:\/\/villadianthe.com\/de\/wp-json\/wp\/v2\/comments?post=1563"}],"version-history":[{"count":6,"href":"https:\/\/villadianthe.com\/de\/wp-json\/wp\/v2\/pages\/1563\/revisions"}],"predecessor-version":[{"id":219872,"href":"https:\/\/villadianthe.com\/de\/wp-json\/wp\/v2\/pages\/1563\/revisions\/219872"}],"wp:attachment":[{"href":"https:\/\/villadianthe.com\/de\/wp-json\/wp\/v2\/media?parent=1563"}],"curies":[{"name":"wp","href":"https:\/\/api.w.org\/{rel}","templated":true}]}}